{"id":39007,"date":"2025-05-06T15:06:14","date_gmt":"2025-05-06T13:06:14","guid":{"rendered":"https:\/\/wiz.pb.edu.pl\/?page_id=39007"},"modified":"2025-05-08T08:28:31","modified_gmt":"2025-05-08T06:28:31","slug":"finance-accounting-management","status":"publish","type":"page","link":"https:\/\/wiz.pb.edu.pl\/en\/research\/conferences\/finance-accounting-management\/","title":{"rendered":"Finance \u2013 Accounting \u2013 Management"},"content":{"rendered":"<table style=\"border-collapse: collapse;width: 100%\">\n<tbody>\n<tr>\n<td style=\"width: 50%\"><img loading=\"lazy\" decoding=\"async\" class=\"size-medium wp-image-32985 aligncenter\" src=\"https:\/\/wiz.pb.edu.pl\/wp-content\/uploads\/2024\/04\/P3-226x300.png\" alt=\"\" width=\"226\" height=\"300\" srcset=\"https:\/\/wiz.pb.edu.pl\/wp-content\/uploads\/2024\/04\/P3-226x300.png 226w, https:\/\/wiz.pb.edu.pl\/wp-content\/uploads\/2024\/04\/P3.png 304w\" sizes=\"auto, (max-width: 226px) 100vw, 226px\" \/><\/td>\n<td style=\"width: 50%\">\n<h3><strong> 2nd International Students&#8217; Scientific Conference: <\/strong><\/h3>\n<h3><strong><em>Finance \u2013 Accounting \u2013 Management<\/em>.<\/strong><\/h3>\n<\/td>\n<\/tr>\n<\/tbody>\n<\/table>\n<h3>&nbsp;<\/h3>\n<h4 style=\"text-align: center\"><strong>Bialystok University of Technology, Faculty of Engineering Management<\/strong><br \/>\ninvites you to participate in the<br \/>\n<strong>2nd International Students&#8217; Scientific Conference: <em>Finance \u2013 Accounting \u2013 Management<\/em><\/strong>.<\/h4>\n<p>&nbsp;<br \/>\n<div class=\"panel-group\" id=\"custom-collapse-0\">\n<div class=\"panel panel-default\">\n\t\t\t\t<div class=\"panel-heading\">\n\t\t\t\t\t<div class=\"panel-title\">\n\t\t\t\t\t\t<a class=\"collapsed h4\" data-toggle=\"collapse\" data-parent=\"#custom-collapse-0\" href=\"#custom-collapse-0-0\">About conference<\/a>\n\t\t\t\t\t<\/div>\n\t\t\t\t<\/div>\n\t\t\t\t<div id=\"custom-collapse-0-0\" class=\"panel-collapse collapse\">\n\t\t\t\t\t<div class=\"panel-body\">\n<p><strong>The aim of the conference<\/strong> is to provide an opportunity to present scientific achievements, share research results, and exchange experiences related to cooperation with enterprises within the framework of student scientific circles.<\/p>\n<p>The event is intended for undergraduate, graduate, and doctoral students.<\/p>\n<p>Participants will have the opportunity to present their work in research areas including finance, accounting and management sciences.<\/p>\n<p>The conference will be held on <strong>28 May 2025<\/strong> in a <strong>hybrid format<\/strong>.<\/p>\n<p><strong>Both active and passive participation<\/strong> are welcomed.<\/p>\n<p>To participate actively, please register by completing the application form and submitting an abstract of your presentation by <strong>16 May 2025<\/strong> via the following link:<br \/>\n<a href=\"https:\/\/forms.office.com\/e\/A1SpKz7cFT\">https:\/\/forms.office.com\/e\/A1SpKz7cFT<\/a><\/p>\n<p>Please prepare your abstract using the provided template (link to Abstract Template here <a href=\"https:\/\/pbial-my.sharepoint.com\/:w:\/g\/personal\/a_bagienska_st_pb_edu_pl\/Ee6cKG2sMy5AnNFZB6fCVP4BYICII0_LUcRlNhIPN7IB0g?e=4dMgeh\">FRZ Streszczenie Summary<\/a> ), and send it to the following email address:<br \/>\n&nbsp;<a href=\"mailto:wiz.konferecja.skn@pb.edu.pl\"><strong>wiz.konferencja.skn@pb.edu.pl<\/strong><\/a><\/p>\n<p>Abstracts submitted according to the template will be published in the official conference materials.<\/p>\n<p>All registered student participants will receive <strong>certificates of participation<\/strong>.<\/p>\n<p>Conference participants presenting their research will also have the opportunity to publish an article.<br \/>\nArticles that meet the editorial requirements (<a href=\"https:\/\/wiz.pb.edu.pl\/akademia-zarzadzania\/dla-autorow\/\">link to guidelines<\/a>), are submitted by <strong>15 June 2025<\/strong>, and receive a positive review will be published in the journal <em>Academy of Management<\/em>.<\/p>\n<p><strong>Participation in the conference and publication of articles is free of charge.<\/strong><\/p>\n<h4><strong>Important Dates<\/strong><\/h4>\n<p><strong>16 May 2025<\/strong> \u2013 Registration and abstract submission deadline<br \/>\n<strong>28 May 2025<\/strong> \u2013 Conference date<br \/>\n<strong>15 June 2025<\/strong> \u2013 Article submission deadline<\/p>\n<h3><strong>Scientific Board<\/strong><\/h3>\n<p>Prof. Joanna Moczyd\u0142owska- Bialystok University of Technology<\/p>\n<p>Prof. Zbigniew Korzeb, Ph.D. &#8211; Bialystok University of Technology<br \/>\nProf. Antonio de la Torre Gallegos &#8211; University of Seville, Spain<br \/>\nBulent AKKAYA &#8211; Assoc. Prof.- Manisa Celal Bayar University, Turkey<br \/>\nAnuradha Iddagoda PhD &#8211; University of Sri Jayewardenepura, Sri Lanka<br \/>\nKamal Gnanaweera PhD &#8211; University of Sri Jayewardenepura, Sri Lanka<br \/>\nRenata Burchart PhD &#8211; University of Warmia and Mazury in Olsztyn<br \/>\nAnna Kowalczyk-Kroenke &nbsp;PhD &#8211; University of Lomza<br \/>\nJacek Wo\u017aniak PhD- Military University of Technology<\/p>\n<h4><strong>Conference Organising Committee<\/strong><\/h4>\n<p>Anna Bagie\u0144ska<br \/>\nIzabela Stalo\u0144czyk<br \/>\nDaria Smar\u017cewska<br \/>\nJoanna Szyd\u0142o<br \/>\nPaulina Grabowska<br \/>\nAngelika K\u0142oczko<br \/>\nPatrycja Baranowska<br \/>\nKatarzyna Kulmacz<\/p>\n<\/div>\n\t\t\t\t<\/div>\n\t\t\t<\/div>\n<div class=\"panel panel-default\">\n\t\t\t\t<div class=\"panel-heading\">\n\t\t\t\t\t<div class=\"panel-title\">\n\t\t\t\t\t\t<a class=\"collapsed h4\" data-toggle=\"collapse\" data-parent=\"#custom-collapse-0\" href=\"#custom-collapse-0-1\">Honorary Patronage<\/a>\n\t\t\t\t\t<\/div>\n\t\t\t\t<\/div>\n\t\t\t\t<div id=\"custom-collapse-0-1\" class=\"panel-collapse collapse\">\n\t\t\t\t\t<div class=\"panel-body\">\n<p>&nbsp;<\/p>\n<table style=\"border-collapse: collapse;width: 100%;height: 501px\">\n<tbody>\n<tr style=\"height: 175px\">\n<td style=\"width: 26.5396%;height: 175px\"><img loading=\"lazy\" decoding=\"async\" class=\"size-medium wp-image-32996 aligncenter\" src=\"https:\/\/wiz.pb.edu.pl\/wp-content\/uploads\/2024\/04\/TNOiK_logo-1-1-300x175.jpg\" alt=\"\" width=\"300\" height=\"175\" srcset=\"https:\/\/wiz.pb.edu.pl\/wp-content\/uploads\/2024\/04\/TNOiK_logo-1-1-300x175.jpg 300w, https:\/\/wiz.pb.edu.pl\/wp-content\/uploads\/2024\/04\/TNOiK_logo-1-1.jpg 720w\" sizes=\"auto, (max-width: 300px) 100vw, 300px\" \/><\/td>\n<td style=\"width: 73.4604%;height: 175px\"><strong>Towarzystwo Naukowe Organizacji i Kierownictwa Oddzia\u0142 Bia\u0142ystok <\/strong><\/td>\n<\/tr>\n<tr style=\"height: 165px\">\n<td style=\"width: 26.5396%;height: 165px\"><img loading=\"lazy\" decoding=\"async\" class=\"wp-image-33371 aligncenter\" src=\"https:\/\/wiz.pb.edu.pl\/wp-content\/uploads\/2024\/05\/Stowarzyszenie-Ksiegowych.jpg\" alt=\"\" width=\"119\" height=\"119\"><\/td>\n<td style=\"width: 73.4604%;height: 165px\">\n<div><strong>S<\/strong><strong id=\"isPasted\">towarzyszenie&nbsp;<\/strong><strong>Ksi\u0119gowych w&nbsp;<\/strong><strong>Polsce&nbsp;<\/strong><strong>Oddzia\u0142 Okr\u0119gowy&nbsp;w Bia\u0142ymstoku<\/strong><\/div>\n<\/td>\n<\/tr>\n<\/tbody>\n<\/table>\n<p>&nbsp;<\/p>\n<\/div>\n\t\t\t\t<\/div>\n\t\t\t<\/div>\n<div class=\"panel panel-default\">\n\t\t\t\t<div class=\"panel-heading\">\n\t\t\t\t\t<div class=\"panel-title\">\n\t\t\t\t\t\t<a class=\"collapsed h4\" data-toggle=\"collapse\" data-parent=\"#custom-collapse-0\" href=\"#custom-collapse-0-2\">Partners<\/a>\n\t\t\t\t\t<\/div>\n\t\t\t\t<\/div>\n\t\t\t\t<div id=\"custom-collapse-0-2\" class=\"panel-collapse collapse\">\n\t\t\t\t\t<div class=\"panel-body\">\n<table style=\"border-collapse: collapse;width: 100%\">\n<tbody>\n<tr>\n<td style=\"width: 29.2191%\"><img loading=\"lazy\" decoding=\"async\" class=\"size-medium wp-image-33001 aligncenter\" src=\"https:\/\/wiz.pb.edu.pl\/wp-content\/uploads\/2024\/04\/qualent_logo-300x90.jpg\" alt=\"\" width=\"300\" height=\"90\" srcset=\"https:\/\/wiz.pb.edu.pl\/wp-content\/uploads\/2024\/04\/qualent_logo-300x90.jpg 300w, https:\/\/wiz.pb.edu.pl\/wp-content\/uploads\/2024\/04\/qualent_logo-1024x307.jpg 1024w, https:\/\/wiz.pb.edu.pl\/wp-content\/uploads\/2024\/04\/qualent_logo-768x230.jpg 768w, https:\/\/wiz.pb.edu.pl\/wp-content\/uploads\/2024\/04\/qualent_logo-1536x461.jpg 1536w, https:\/\/wiz.pb.edu.pl\/wp-content\/uploads\/2024\/04\/qualent_logo.jpg 2000w\" sizes=\"auto, (max-width: 300px) 100vw, 300px\" \/><\/td>\n<td style=\"width: 70.7809%\"><strong>Qualent<\/strong><\/td>\n<\/tr>\n<tr>\n<td style=\"width: 29.2191%\"><img loading=\"lazy\" decoding=\"async\" class=\"alignnone wp-image-33003 aligncenter\" src=\"https:\/\/wiz.pb.edu.pl\/wp-content\/uploads\/2024\/04\/WM-300x271.png\" alt=\"\" width=\"137\" height=\"124\" srcset=\"https:\/\/wiz.pb.edu.pl\/wp-content\/uploads\/2024\/04\/WM-300x271.png 300w, https:\/\/wiz.pb.edu.pl\/wp-content\/uploads\/2024\/04\/WM.png 490w\" sizes=\"auto, (max-width: 137px) 100vw, 137px\" \/><\/td>\n<td style=\"width: 70.7809%\"><strong>Studenckie Ko\u0142o Naukowe Finans\u00f3w i Rachunkowo\u015bci<\/strong><\/td>\n<\/tr>\n<tr>\n<td style=\"width: 29.2191%\"><img loading=\"lazy\" decoding=\"async\" class=\"alignnone wp-image-33005 aligncenter\" src=\"https:\/\/wiz.pb.edu.pl\/wp-content\/uploads\/2024\/04\/HR.png\" alt=\"\" width=\"187\" height=\"150\"><\/td>\n<td style=\"width: 70.7809%\"><strong>Studenckie Ko\u0142o Naukowe Zarz\u0105dzania Kapita\u0142em Ludzkim HR Team<\/strong><\/td>\n<\/tr>\n<\/tbody>\n<\/table>\n<p>&nbsp;<\/p>\n<\/div>\n\t\t\t\t<\/div>\n\t\t\t<\/div>\n<\/div>\n","protected":false},"excerpt":{"rendered":"<p>2nd International Students&#8217; Scientific Conference: Finance \u2013 Accounting \u2013 Management. &nbsp; Bialystok University of Technology,<a class=\"read-more\" href=\"https:\/\/wiz.pb.edu.pl\/en\/research\/conferences\/finance-accounting-management\/\" title=\"Poka\u017c artyku\u0142 Finance \u2013 Accounting \u2013 Management\">more<\/a><\/p>\n","protected":false},"author":8,"featured_media":0,"parent":23472,"menu_order":0,"comment_status":"closed","ping_status":"closed","template":"","meta":{"inline_featured_image":false,"ngg_post_thumbnail":0,"footnotes":""},"class_list":["post-39007","page","type-page","status-publish","hentry"],"acf":[],"yoast_head":"<!-- This site is optimized with the Yoast SEO plugin v26.4 - https:\/\/yoast.com\/wordpress\/plugins\/seo\/ -->\n<title>Finance \u2013 Accounting \u2013 Management - Faculty of Engineering Management<\/title>\n<meta name=\"description\" content=\"2nd International Students&#039; Scientific Conference: Finance \u2013 Accounting \u2013 Management. &nbsp; Bialystok University of Technology, Faculty of Engineering\" \/>\n<meta name=\"robots\" content=\"index, follow, max-snippet:-1, max-image-preview:large, max-video-preview:-1\" \/>\n<link rel=\"canonical\" href=\"https:\/\/wiz.pb.edu.pl\/en\/research\/conferences\/finance-accounting-management\/\" \/>\n<meta property=\"og:locale\" content=\"en_US\" \/>\n<meta property=\"og:type\" content=\"article\" \/>\n<meta property=\"og:title\" content=\"Finance \u2013 Accounting \u2013 Management - Faculty of Engineering Management\" \/>\n<meta property=\"og:description\" content=\"2nd International Students&#039; Scientific Conference: Finance \u2013 Accounting \u2013 Management. &nbsp; Bialystok University of Technology, Faculty of Engineering\" \/>\n<meta property=\"og:url\" content=\"https:\/\/wiz.pb.edu.pl\/en\/research\/conferences\/finance-accounting-management\/\" \/>\n<meta property=\"og:site_name\" content=\"Faculty of Engineering Management\" \/>\n<meta property=\"article:modified_time\" content=\"2025-05-08T06:28:31+00:00\" \/>\n<meta property=\"og:image\" content=\"https:\/\/wiz.pb.edu.pl\/wp-content\/uploads\/2024\/04\/P3.png\" \/>\n\t<meta property=\"og:image:width\" content=\"304\" \/>\n\t<meta property=\"og:image:height\" content=\"404\" \/>\n\t<meta property=\"og:image:type\" content=\"image\/png\" \/>\n<meta name=\"twitter:label1\" content=\"Est. reading time\" \/>\n\t<meta name=\"twitter:data1\" content=\"4 minutes\" \/>\n<script type=\"application\/ld+json\" class=\"yoast-schema-graph\">{\"@context\":\"https:\/\/schema.org\",\"@graph\":[{\"@type\":\"WebPage\",\"@id\":\"https:\/\/wiz.pb.edu.pl\/en\/research\/conferences\/finance-accounting-management\/\",\"url\":\"https:\/\/wiz.pb.edu.pl\/en\/research\/conferences\/finance-accounting-management\/\",\"name\":\"Finance \u2013 Accounting \u2013 Management - Faculty of Engineering Management\",\"isPartOf\":{\"@id\":\"https:\/\/wiz.pb.edu.pl\/en\/#website\"},\"primaryImageOfPage\":{\"@id\":\"https:\/\/wiz.pb.edu.pl\/en\/research\/conferences\/finance-accounting-management\/#primaryimage\"},\"image\":{\"@id\":\"https:\/\/wiz.pb.edu.pl\/en\/research\/conferences\/finance-accounting-management\/#primaryimage\"},\"thumbnailUrl\":\"https:\/\/wiz.pb.edu.pl\/wp-content\/uploads\/2024\/04\/P3-226x300.png\",\"datePublished\":\"2025-05-06T13:06:14+00:00\",\"dateModified\":\"2025-05-08T06:28:31+00:00\",\"description\":\"2nd International Students' Scientific Conference: Finance \u2013 Accounting \u2013 Management. &nbsp; Bialystok University of Technology, Faculty of Engineering\",\"breadcrumb\":{\"@id\":\"https:\/\/wiz.pb.edu.pl\/en\/research\/conferences\/finance-accounting-management\/#breadcrumb\"},\"inLanguage\":\"en-US\",\"potentialAction\":[{\"@type\":\"ReadAction\",\"target\":[\"https:\/\/wiz.pb.edu.pl\/en\/research\/conferences\/finance-accounting-management\/\"]}]},{\"@type\":\"ImageObject\",\"inLanguage\":\"en-US\",\"@id\":\"https:\/\/wiz.pb.edu.pl\/en\/research\/conferences\/finance-accounting-management\/#primaryimage\",\"url\":\"https:\/\/wiz.pb.edu.pl\/wp-content\/uploads\/2024\/04\/P3-226x300.png\",\"contentUrl\":\"https:\/\/wiz.pb.edu.pl\/wp-content\/uploads\/2024\/04\/P3-226x300.png\"},{\"@type\":\"BreadcrumbList\",\"@id\":\"https:\/\/wiz.pb.edu.pl\/en\/research\/conferences\/finance-accounting-management\/#breadcrumb\",\"itemListElement\":[{\"@type\":\"ListItem\",\"position\":1,\"name\":\"Strona g\u0142\u00f3wna\",\"item\":\"https:\/\/wiz.pb.edu.pl\/en\/\"},{\"@type\":\"ListItem\",\"position\":2,\"name\":\"Research\",\"item\":\"https:\/\/wiz.pb.edu.pl\/en\/research\/\"},{\"@type\":\"ListItem\",\"position\":3,\"name\":\"Conferences\",\"item\":\"https:\/\/wiz.pb.edu.pl\/en\/research\/conferences\/\"},{\"@type\":\"ListItem\",\"position\":4,\"name\":\"Finance \u2013 Accounting \u2013 Management\"}]},{\"@type\":\"WebSite\",\"@id\":\"https:\/\/wiz.pb.edu.pl\/en\/#website\",\"url\":\"https:\/\/wiz.pb.edu.pl\/en\/\",\"name\":\"Faculty of Engineering Management\",\"description\":\"\",\"potentialAction\":[{\"@type\":\"SearchAction\",\"target\":{\"@type\":\"EntryPoint\",\"urlTemplate\":\"https:\/\/wiz.pb.edu.pl\/en\/?s={search_term_string}\"},\"query-input\":{\"@type\":\"PropertyValueSpecification\",\"valueRequired\":true,\"valueName\":\"search_term_string\"}}],\"inLanguage\":\"en-US\"}]}<\/script>\n<!-- \/ Yoast SEO plugin. -->","yoast_head_json":{"title":"Finance \u2013 Accounting \u2013 Management - Faculty of Engineering Management","description":"2nd International Students' Scientific Conference: Finance \u2013 Accounting \u2013 Management. &nbsp; Bialystok University of Technology, Faculty of Engineering","robots":{"index":"index","follow":"follow","max-snippet":"max-snippet:-1","max-image-preview":"max-image-preview:large","max-video-preview":"max-video-preview:-1"},"canonical":"https:\/\/wiz.pb.edu.pl\/en\/research\/conferences\/finance-accounting-management\/","og_locale":"en_US","og_type":"article","og_title":"Finance \u2013 Accounting \u2013 Management - Faculty of Engineering Management","og_description":"2nd International Students' Scientific Conference: Finance \u2013 Accounting \u2013 Management. &nbsp; Bialystok University of Technology, Faculty of Engineering","og_url":"https:\/\/wiz.pb.edu.pl\/en\/research\/conferences\/finance-accounting-management\/","og_site_name":"Faculty of Engineering Management","article_modified_time":"2025-05-08T06:28:31+00:00","og_image":[{"width":304,"height":404,"url":"https:\/\/wiz.pb.edu.pl\/wp-content\/uploads\/2024\/04\/P3.png","type":"image\/png"}],"twitter_misc":{"Est. reading time":"4 minutes"},"schema":{"@context":"https:\/\/schema.org","@graph":[{"@type":"WebPage","@id":"https:\/\/wiz.pb.edu.pl\/en\/research\/conferences\/finance-accounting-management\/","url":"https:\/\/wiz.pb.edu.pl\/en\/research\/conferences\/finance-accounting-management\/","name":"Finance \u2013 Accounting \u2013 Management - Faculty of Engineering Management","isPartOf":{"@id":"https:\/\/wiz.pb.edu.pl\/en\/#website"},"primaryImageOfPage":{"@id":"https:\/\/wiz.pb.edu.pl\/en\/research\/conferences\/finance-accounting-management\/#primaryimage"},"image":{"@id":"https:\/\/wiz.pb.edu.pl\/en\/research\/conferences\/finance-accounting-management\/#primaryimage"},"thumbnailUrl":"https:\/\/wiz.pb.edu.pl\/wp-content\/uploads\/2024\/04\/P3-226x300.png","datePublished":"2025-05-06T13:06:14+00:00","dateModified":"2025-05-08T06:28:31+00:00","description":"2nd International Students' Scientific Conference: Finance \u2013 Accounting \u2013 Management. &nbsp; Bialystok University of Technology, Faculty of Engineering","breadcrumb":{"@id":"https:\/\/wiz.pb.edu.pl\/en\/research\/conferences\/finance-accounting-management\/#breadcrumb"},"inLanguage":"en-US","potentialAction":[{"@type":"ReadAction","target":["https:\/\/wiz.pb.edu.pl\/en\/research\/conferences\/finance-accounting-management\/"]}]},{"@type":"ImageObject","inLanguage":"en-US","@id":"https:\/\/wiz.pb.edu.pl\/en\/research\/conferences\/finance-accounting-management\/#primaryimage","url":"https:\/\/wiz.pb.edu.pl\/wp-content\/uploads\/2024\/04\/P3-226x300.png","contentUrl":"https:\/\/wiz.pb.edu.pl\/wp-content\/uploads\/2024\/04\/P3-226x300.png"},{"@type":"BreadcrumbList","@id":"https:\/\/wiz.pb.edu.pl\/en\/research\/conferences\/finance-accounting-management\/#breadcrumb","itemListElement":[{"@type":"ListItem","position":1,"name":"Strona g\u0142\u00f3wna","item":"https:\/\/wiz.pb.edu.pl\/en\/"},{"@type":"ListItem","position":2,"name":"Research","item":"https:\/\/wiz.pb.edu.pl\/en\/research\/"},{"@type":"ListItem","position":3,"name":"Conferences","item":"https:\/\/wiz.pb.edu.pl\/en\/research\/conferences\/"},{"@type":"ListItem","position":4,"name":"Finance \u2013 Accounting \u2013 Management"}]},{"@type":"WebSite","@id":"https:\/\/wiz.pb.edu.pl\/en\/#website","url":"https:\/\/wiz.pb.edu.pl\/en\/","name":"Faculty of Engineering Management","description":"","potentialAction":[{"@type":"SearchAction","target":{"@type":"EntryPoint","urlTemplate":"https:\/\/wiz.pb.edu.pl\/en\/?s={search_term_string}"},"query-input":{"@type":"PropertyValueSpecification","valueRequired":true,"valueName":"search_term_string"}}],"inLanguage":"en-US"}]}},"_links":{"self":[{"href":"https:\/\/wiz.pb.edu.pl\/en\/wp-json\/wp\/v2\/pages\/39007","targetHints":{"allow":["GET"]}}],"collection":[{"href":"https:\/\/wiz.pb.edu.pl\/en\/wp-json\/wp\/v2\/pages"}],"about":[{"href":"https:\/\/wiz.pb.edu.pl\/en\/wp-json\/wp\/v2\/types\/page"}],"author":[{"embeddable":true,"href":"https:\/\/wiz.pb.edu.pl\/en\/wp-json\/wp\/v2\/users\/8"}],"replies":[{"embeddable":true,"href":"https:\/\/wiz.pb.edu.pl\/en\/wp-json\/wp\/v2\/comments?post=39007"}],"version-history":[{"count":5,"href":"https:\/\/wiz.pb.edu.pl\/en\/wp-json\/wp\/v2\/pages\/39007\/revisions"}],"predecessor-version":[{"id":39062,"href":"https:\/\/wiz.pb.edu.pl\/en\/wp-json\/wp\/v2\/pages\/39007\/revisions\/39062"}],"up":[{"embeddable":true,"href":"https:\/\/wiz.pb.edu.pl\/en\/wp-json\/wp\/v2\/pages\/23472"}],"wp:attachment":[{"href":"https:\/\/wiz.pb.edu.pl\/en\/wp-json\/wp\/v2\/media?parent=39007"}],"curies":[{"name":"wp","href":"https:\/\/api.w.org\/{rel}","templated":true}]}}