{"id":38691,"date":"2025-04-01T11:49:45","date_gmt":"2025-04-01T09:49:45","guid":{"rendered":"https:\/\/wiz.pb.edu.pl\/?page_id=38691"},"modified":"2026-04-01T08:24:48","modified_gmt":"2026-04-01T06:24:48","slug":"miskn-statistics-in-everyday-life","status":"publish","type":"page","link":"https:\/\/wiz.pb.edu.pl\/en\/research\/conferences\/miskn-statistics-in-everyday-life\/","title":{"rendered":"MISKN &#8220;Statistics in Everyday Life&#8221; 2026"},"content":{"rendered":"<p><img loading=\"lazy\" decoding=\"async\" class=\"wp-image-38731 aligncenter\" src=\"https:\/\/wiz.pb.edu.pl\/wp-content\/uploads\/2025\/04\/Logo_MISKM_nazwa_angielska-www.jpg\" alt=\"\" width=\"969\" height=\"344\" srcset=\"https:\/\/wiz.pb.edu.pl\/wp-content\/uploads\/2025\/04\/Logo_MISKM_nazwa_angielska-www.jpg 1800w, https:\/\/wiz.pb.edu.pl\/wp-content\/uploads\/2025\/04\/Logo_MISKM_nazwa_angielska-www-300x106.jpg 300w, https:\/\/wiz.pb.edu.pl\/wp-content\/uploads\/2025\/04\/Logo_MISKM_nazwa_angielska-www-1024x363.jpg 1024w, https:\/\/wiz.pb.edu.pl\/wp-content\/uploads\/2025\/04\/Logo_MISKM_nazwa_angielska-www-768x272.jpg 768w, https:\/\/wiz.pb.edu.pl\/wp-content\/uploads\/2025\/04\/Logo_MISKM_nazwa_angielska-www-1536x544.jpg 1536w\" sizes=\"auto, (max-width: 969px) 100vw, 969px\" \/><\/p>\n<p>&nbsp;<\/p>\n<h4>The Faculty of Engineering Management at Bialystok University of Technology invites you to participate in the&nbsp;<strong>5th International Interdisciplinary Student Scientific Conference \u201cStatistics in Everyday Life\u201d.<\/strong><\/h4>\n<div class=\"panel-group\" id=\"custom-collapse-0\">\n<div class=\"panel panel-default\">\n\t\t\t\t<div class=\"panel-heading\">\n\t\t\t\t\t<div class=\"panel-title\">\n\t\t\t\t\t\t<a class=\"collapsed h4\" data-toggle=\"collapse\" data-parent=\"#custom-collapse-0\" href=\"#custom-collapse-0-0\">About the Conference<\/a>\n\t\t\t\t\t<\/div>\n\t\t\t\t<\/div>\n\t\t\t\t<div id=\"custom-collapse-0-0\" class=\"panel-collapse collapse\">\n\t\t\t\t\t<div class=\"panel-body\">\n<h5>The aim of the conference is to create an opportunity to present scientific achievements, research results, and to exchange experiences related to the use of statistical tools. The conference is addressed to undergraduate, graduate, and doctoral students.<\/h5>\n<p>Participants will be able to present their achievements in the use of statistical tools in various areas, such as<\/p>\n<ul>\n<li>Humanities<\/li>\n<li>Engineering and Technical Sciences<\/li>\n<li>Medical and Health Sciences<\/li>\n<li>Agricultural Sciences<\/li>\n<li>Social Sciences<\/li>\n<li>Natural and Exact Sciences<\/li>\n<li>Theological Sciences<\/li>\n<\/ul>\n<p>The conference will be held on&nbsp;<strong>May 21, 2026<\/strong>, in a&nbsp;<strong>hybrid format<\/strong>.<br \/>\nActive participation requires registration by filling out the participation form and submitting it along with an abstract by&nbsp;<strong>May 3, 2026<\/strong>, via the following form:<\/p>\n<p><a href=\"https:\/\/forms.office.com\/e\/gsggjVgWq4\">https:\/\/forms.office.com\/e\/gsggjVgWq4<\/a><\/p>\n<p>Students participating (registered) in the conference will receive certificates of attendance.<br \/>\nAbstracts (in both Polish and English) of the submitted presentations will be published in the conference materials distributed on the day of the event.<\/p>\n<p>Articles sent to the organizers\u2019 email by&nbsp;<strong>May 15, 2026<\/strong>, that meet <a href=\"https:\/\/wiz.pb.edu.pl\/akademia-zarzadzania\/dla-autorow\/\"><strong>editorial guidelines<\/strong><\/a> and receive positive reviews, will be published in the journal <strong>\u201cAcademy of Management\u201d<\/strong>.<br \/>\nParticipation in the conference and publication of articles is&nbsp;<strong>free of charge<\/strong>.<\/p>\n<h5><strong>Important Dates<\/strong><\/h5>\n<ul>\n<li>May 3, 2026 \u2013 Registration deadline<\/li>\n<li>May 15, 2026 \u2013 Article submission deadline<\/li>\n<li>May 21, 2026 \u2013 Conference<\/li>\n<\/ul>\n<h5><strong>Scientific Committee<\/strong><\/h5>\n<p><strong>Chair<\/strong><\/p>\n<p>Prof. Joanna Ejdys, DSc, PhD, Eng. \u2013 Bialystok University of Technology<\/p>\n<p><strong>Members<\/strong><\/p>\n<p>Prof. Katarzyna Halicka, DSc, PhD, Eng. \u2013 Bialystok University of Technology<\/p>\n<p>Prof. Ewa Roszkowska, DSc, PhD \u2013 Bialystok University of Technology<\/p>\n<p>Prof. Dorota Wyszkowska, DSc, PhD \u2013 University of Bialystok<\/p>\n<p>Prof. of BUT Marta Jarocka, PhD \u2013 Bialystok University of Technology<\/p>\n<p>Joanna Jakuszewicz, PhD \u2013 Bialystok University of Technology<\/p>\n<p>El\u017cbieta Majewska, PhD \u2013 University of Bialystok, Vilnius Branch<\/p>\n<p>Anna Milewska, PhD \u2013 Medical University of Bialystok<\/p>\n<p>Urszula Ryciuk, PhD \u2013 Bialystok University of Technology<\/p>\n<p>Rajmund Stasiewicz, PhD, Eng. \u2013 Bialystok University of Technology<\/p>\n<h5><strong>Organizing Committee<\/strong><\/h5>\n<p><strong>Chair<\/strong><\/p>\n<p>Prof. of BUT Anna M. Olszewska, PhD, Eng.<\/p>\n<p><strong>Vice Chair<\/strong><\/p>\n<p>Beata Madras-Kobus, PhD<\/p>\n<p><strong>Secretary<\/strong><\/p>\n<p>Alicja Gudanowska, PhD<\/p>\n<p>Dorota Leo\u0144czuk, PhD<\/p>\n<p>Izabela Stalo\u0144czyk, PhD<\/p>\n<p>Joanna Szyd\u0142o, PhD<\/p>\n<p><strong>Members<\/strong><\/p>\n<p>(ADaBiz Student Research Group)<\/p>\n<p>(KNK Student Research Group)<\/p>\n<p>(ADaBiz Student Research Group)<\/p>\n<p>(Chess WIZ Student Research Group)<\/p>\n<\/div>\n\t\t\t\t<\/div>\n\t\t\t<\/div>\n<div class=\"panel panel-default\">\n\t\t\t\t<div class=\"panel-heading\">\n\t\t\t\t\t<div class=\"panel-title\">\n\t\t\t\t\t\t<a class=\"collapsed h4\" data-toggle=\"collapse\" data-parent=\"#custom-collapse-0\" href=\"#custom-collapse-0-1\">Regulations<\/a>\n\t\t\t\t\t<\/div>\n\t\t\t\t<\/div>\n\t\t\t\t<div id=\"custom-collapse-0-1\" class=\"panel-collapse collapse\">\n\t\t\t\t\t<div class=\"panel-body\">\n<p><a class=\"pdf\" href=\"https:\/\/wiz.pb.edu.pl\/wp-content\/uploads\/2026\/04\/Regulations-Conference-MISKN-2026-EN.pdf\" target=\"_blank\" rel=\"noopener\" data-id=\"44545\">Regulations Conference MISKN 2026 EN (PDF, 230 KB)<\/a><\/p>\n<\/div>\n\t\t\t\t<\/div>\n\t\t\t<\/div>\n<div class=\"panel panel-default\">\n\t\t\t\t<div class=\"panel-heading\">\n\t\t\t\t\t<div class=\"panel-title\">\n\t\t\t\t\t\t<a class=\"collapsed h4\" data-toggle=\"collapse\" data-parent=\"#custom-collapse-0\" href=\"#custom-collapse-0-2\">Partners<\/a>\n\t\t\t\t\t<\/div>\n\t\t\t\t<\/div>\n\t\t\t\t<div id=\"custom-collapse-0-2\" class=\"panel-collapse collapse\">\n\t\t\t\t\t<div class=\"panel-body\">\n<p>&nbsp;<\/p>\n<table style=\"height: 252px;width: 100%;border-collapse: collapse;background-color: #ffffff\">\n<tbody>\n<tr style=\"height: 109px\">\n<td style=\"width: 18.6912%;height: 109px\"><img loading=\"lazy\" decoding=\"async\" class=\"alignnone size-full wp-image-38468\" src=\"https:\/\/wiz.pb.edu.pl\/wp-content\/uploads\/2025\/03\/kolor_bez_nazwy_logo_filia_wilno_300.jpg\" alt=\"\" width=\"255\" height=\"85\"><\/td>\n<td style=\"width: 81.3088%;height: 109px\">Filia Uniwersytetu w Bia\u0142ymstoku w Wilnie, Wydzia\u0142 Ekonomiczno-Informatyczny<\/td>\n<\/tr>\n<tr style=\"height: 122px\">\n<td style=\"width: 18.6912%;height: 122px\"><img loading=\"lazy\" decoding=\"async\" class=\"size-full wp-image-27599 aligncenter\" src=\"https:\/\/wiz.pb.edu.pl\/wp-content\/uploads\/2023\/03\/KNK.png\" alt=\"Logo Studenckie Ko\u0142o Naukowe Kreatywno\u015bci\" width=\"323\" height=\"323\" srcset=\"https:\/\/wiz.pb.edu.pl\/wp-content\/uploads\/2023\/03\/KNK.png 323w, https:\/\/wiz.pb.edu.pl\/wp-content\/uploads\/2023\/03\/KNK-300x300.png 300w\" sizes=\"auto, (max-width: 323px) 100vw, 323px\" \/><\/td>\n<td style=\"width: 81.3088%;height: 122px\">Ko\u0142o Naukowej Kreatywno\u015bci<\/td>\n<\/tr>\n<tr style=\"height: 21px\">\n<td style=\"width: 18.6912%;height: 21px\"><img loading=\"lazy\" decoding=\"async\" class=\"size-full wp-image-27601 aligncenter\" src=\"https:\/\/wiz.pb.edu.pl\/wp-content\/uploads\/2023\/03\/SKN-ADaBIZ.png\" alt=\"Studenckie Ko\u0142o Naukowe Analizy Danych w Biznesie ADaBIZ\" width=\"431\" height=\"431\" srcset=\"https:\/\/wiz.pb.edu.pl\/wp-content\/uploads\/2023\/03\/SKN-ADaBIZ.png 431w, https:\/\/wiz.pb.edu.pl\/wp-content\/uploads\/2023\/03\/SKN-ADaBIZ-300x300.png 300w\" sizes=\"auto, (max-width: 431px) 100vw, 431px\" \/><\/td>\n<td style=\"width: 81.3088%;height: 21px\">Studenckie Ko\u0142o Naukowe Analizy Danych w Biznesie ADaBiz (SKN ADaBiz)<\/td>\n<\/tr>\n<tr>\n<td style=\"width: 18.6912%\"><img loading=\"lazy\" decoding=\"async\" class=\" wp-image-27603 aligncenter\" src=\"https:\/\/wiz.pb.edu.pl\/wp-content\/uploads\/2023\/03\/BIK.jpg\" alt=\"Studenckie Ko\u0142o Naukowe BizneSIK Biznes Inwestycje Ksi\u0119gowo\u015b\u0107 BIK\" width=\"281\" height=\"271\" srcset=\"https:\/\/wiz.pb.edu.pl\/wp-content\/uploads\/2023\/03\/BIK.jpg 418w, https:\/\/wiz.pb.edu.pl\/wp-content\/uploads\/2023\/03\/BIK-300x290.jpg 300w\" sizes=\"auto, (max-width: 281px) 100vw, 281px\" \/><\/td>\n<td style=\"width: 81.3088%\">Studenckie Ko\u0142o Naukowe BizneSIK Biznes Inwestycje Ksi\u0119gowo\u015b\u0107<\/td>\n<\/tr>\n<tr>\n<td style=\"width: 18.6912%\"><img loading=\"lazy\" decoding=\"async\" class=\"wp-image-27769 aligncenter\" src=\"https:\/\/wiz.pb.edu.pl\/wp-content\/uploads\/2023\/04\/chesswizcopy.png\" alt=\"Chess WIZ\" width=\"223\" height=\"223\" srcset=\"https:\/\/wiz.pb.edu.pl\/wp-content\/uploads\/2023\/04\/chesswizcopy.png 1850w, https:\/\/wiz.pb.edu.pl\/wp-content\/uploads\/2023\/04\/chesswizcopy-300x300.png 300w, https:\/\/wiz.pb.edu.pl\/wp-content\/uploads\/2023\/04\/chesswizcopy-1024x1024.png 1024w, https:\/\/wiz.pb.edu.pl\/wp-content\/uploads\/2023\/04\/chesswizcopy-768x768.png 768w, https:\/\/wiz.pb.edu.pl\/wp-content\/uploads\/2023\/04\/chesswizcopy-1536x1536.png 1536w\" sizes=\"auto, (max-width: 223px) 100vw, 223px\" \/><\/td>\n<td style=\"width: 81.3088%\">Studenckie Ko\u0142o Naukowe Chess WIZ<\/td>\n<\/tr>\n<\/tbody>\n<\/table>\n<p>&nbsp;<\/p>\n<\/div>\n\t\t\t\t<\/div>\n\t\t\t<\/div>\n<div class=\"panel panel-default\">\n\t\t\t\t<div class=\"panel-heading\">\n\t\t\t\t\t<div class=\"panel-title\">\n\t\t\t\t\t\t<a class=\"collapsed h4\" data-toggle=\"collapse\" data-parent=\"#custom-collapse-0\" href=\"#custom-collapse-0-3\">Honorary Patronage<\/a>\n\t\t\t\t\t<\/div>\n\t\t\t\t<\/div>\n\t\t\t\t<div id=\"custom-collapse-0-3\" class=\"panel-collapse collapse\">\n\t\t\t\t\t<div class=\"panel-body\">\n<table class=\" aligncenter\" style=\"width: 100%;border-collapse: collapse\">\n<tbody>\n<tr>\n<td style=\"width: 21.075%\">\n<p style=\"text-align: center\"><img loading=\"lazy\" decoding=\"async\" class=\"wp-image-38799 aligncenter\" src=\"https:\/\/wiz.pb.edu.pl\/wp-content\/uploads\/2025\/04\/logo-Patronat-Rektor-PB-kolor-dodatkowy-na-bialym-tle.jpg\" alt=\"\" width=\"279\" height=\"104\" srcset=\"https:\/\/wiz.pb.edu.pl\/wp-content\/uploads\/2025\/04\/logo-Patronat-Rektor-PB-kolor-dodatkowy-na-bialym-tle.jpg 662w, https:\/\/wiz.pb.edu.pl\/wp-content\/uploads\/2025\/04\/logo-Patronat-Rektor-PB-kolor-dodatkowy-na-bialym-tle-300x111.jpg 300w\" sizes=\"auto, (max-width: 279px) 100vw, 279px\" \/><\/p>\n<\/td>\n<td style=\"width: 78.925%\"><strong>Rector of the Bialystok University of Technology<\/strong><\/td>\n<\/tr>\n<tr>\n<td style=\"width: 21.075%\">\n<p style=\"text-align: center\"><img loading=\"lazy\" decoding=\"async\" class=\"alignnone wp-image-32709\" src=\"https:\/\/wiz.pb.edu.pl\/wp-content\/uploads\/2024\/03\/PMB.png\" alt=\"\" width=\"129\" height=\"174\" srcset=\"https:\/\/wiz.pb.edu.pl\/wp-content\/uploads\/2024\/03\/PMB.png 455w, https:\/\/wiz.pb.edu.pl\/wp-content\/uploads\/2024\/03\/PMB-222x300.png 222w\" sizes=\"auto, (max-width: 129px) 100vw, 129px\" \/><\/p>\n<\/td>\n<td style=\"width: 78.925%\"><strong>Honorary Patronage of the President of the City of Bialystok<br \/>\n<\/strong><\/td>\n<\/tr>\n<tr>\n<td style=\"width: 21.075%\">\n<p style=\"text-align: center\"><img loading=\"lazy\" decoding=\"async\" class=\"alignnone size-full wp-image-27605\" src=\"https:\/\/wiz.pb.edu.pl\/wp-content\/uploads\/2023\/03\/PTS-e1679994270884.png\" alt=\"Logo Polskie Towarzystwo Statystyczne, Oddzia\u0142 w Bia\u0142ymstoku\" width=\"126\" height=\"78\"><\/p>\n<\/td>\n<td style=\"width: 78.925%\"><strong>Polish Statistical Association, Bialystok Branch<\/strong><\/td>\n<\/tr>\n<tr>\n<td style=\"width: 21.075%\">\n<p style=\"text-align: center\"><img loading=\"lazy\" decoding=\"async\" class=\"alignnone wp-image-27607\" src=\"https:\/\/wiz.pb.edu.pl\/wp-content\/uploads\/2023\/03\/Polska-Sekcja-INFORMS.png\" alt=\"Logo Polska Sekcja INFORMS\" width=\"165\" height=\"81\"><\/p>\n<\/td>\n<td style=\"width: 78.925%\"><strong>Polish Section INFORMS<\/strong><\/td>\n<\/tr>\n<tr>\n<td style=\"width: 21.075%\">\n<p style=\"text-align: center\"><img loading=\"lazy\" decoding=\"async\" class=\"alignnone size-medium wp-image-32601\" src=\"https:\/\/wiz.pb.edu.pl\/wp-content\/uploads\/2024\/03\/Logo_US_w_Bialymstoku-300x128.jpg\" alt=\"\" width=\"300\" height=\"128\" srcset=\"https:\/\/wiz.pb.edu.pl\/wp-content\/uploads\/2024\/03\/Logo_US_w_Bialymstoku-300x128.jpg 300w, https:\/\/wiz.pb.edu.pl\/wp-content\/uploads\/2024\/03\/Logo_US_w_Bialymstoku-1024x438.jpg 1024w, https:\/\/wiz.pb.edu.pl\/wp-content\/uploads\/2024\/03\/Logo_US_w_Bialymstoku-768x329.jpg 768w, https:\/\/wiz.pb.edu.pl\/wp-content\/uploads\/2024\/03\/Logo_US_w_Bialymstoku-1536x658.jpg 1536w, https:\/\/wiz.pb.edu.pl\/wp-content\/uploads\/2024\/03\/Logo_US_w_Bialymstoku-2048x877.jpg 2048w\" sizes=\"auto, (max-width: 300px) 100vw, 300px\" \/><\/p>\n<\/td>\n<td style=\"width: 78.925%\"><strong>Statistical Office in Bia\u0142ystok<\/strong><\/td>\n<\/tr>\n<\/tbody>\n<\/table>\n<\/div>\n\t\t\t\t<\/div>\n\t\t\t<\/div>\n<\/div>\n","protected":false},"excerpt":{"rendered":"<p>&nbsp; The Faculty of Engineering Management at Bialystok University of Technology invites you to participate<a class=\"read-more\" href=\"https:\/\/wiz.pb.edu.pl\/en\/research\/conferences\/miskn-statistics-in-everyday-life\/\" title=\"Poka\u017c artyku\u0142 MISKN &#8220;Statistics in Everyday Life&#8221; 2026\">more<\/a><\/p>\n","protected":false},"author":8,"featured_media":0,"parent":23472,"menu_order":4,"comment_status":"closed","ping_status":"closed","template":"","meta":{"inline_featured_image":false,"ngg_post_thumbnail":0,"footnotes":""},"class_list":["post-38691","page","type-page","status-publish","hentry"],"acf":[],"yoast_head":"<!-- This site is optimized with the Yoast SEO plugin v26.4 - https:\/\/yoast.com\/wordpress\/plugins\/seo\/ -->\n<title>MISKN &quot;Statistics in Everyday Life&quot; 2026 - Faculty of Engineering Management<\/title>\n<meta name=\"description\" content=\"&nbsp; The Faculty of Engineering Management at Bialystok University of Technology invites you to participate in the&nbsp;5th International\" \/>\n<meta name=\"robots\" content=\"index, follow, max-snippet:-1, max-image-preview:large, max-video-preview:-1\" \/>\n<link rel=\"canonical\" href=\"https:\/\/wiz.pb.edu.pl\/en\/research\/conferences\/miskn-statistics-in-everyday-life\/\" \/>\n<meta property=\"og:locale\" content=\"en_US\" \/>\n<meta property=\"og:type\" content=\"article\" \/>\n<meta property=\"og:title\" content=\"MISKN &quot;Statistics in Everyday Life&quot; 2026 - Faculty of Engineering Management\" \/>\n<meta property=\"og:description\" content=\"&nbsp; The Faculty of Engineering Management at Bialystok University of Technology invites you to participate in the&nbsp;5th International\" \/>\n<meta property=\"og:url\" content=\"https:\/\/wiz.pb.edu.pl\/en\/research\/conferences\/miskn-statistics-in-everyday-life\/\" \/>\n<meta property=\"og:site_name\" content=\"Faculty of Engineering Management\" \/>\n<meta property=\"article:modified_time\" content=\"2026-04-01T06:24:48+00:00\" \/>\n<meta property=\"og:image\" content=\"https:\/\/wiz.pb.edu.pl\/wp-content\/uploads\/2025\/04\/Logo_MISKM_nazwa_angielska-www.jpg\" \/>\n\t<meta property=\"og:image:width\" content=\"1800\" \/>\n\t<meta property=\"og:image:height\" content=\"638\" \/>\n\t<meta property=\"og:image:type\" content=\"image\/jpeg\" \/>\n<meta name=\"twitter:label1\" content=\"Est. reading time\" \/>\n\t<meta name=\"twitter:data1\" content=\"5 minutes\" \/>\n<script type=\"application\/ld+json\" class=\"yoast-schema-graph\">{\"@context\":\"https:\/\/schema.org\",\"@graph\":[{\"@type\":\"WebPage\",\"@id\":\"https:\/\/wiz.pb.edu.pl\/en\/research\/conferences\/miskn-statistics-in-everyday-life\/\",\"url\":\"https:\/\/wiz.pb.edu.pl\/en\/research\/conferences\/miskn-statistics-in-everyday-life\/\",\"name\":\"MISKN \\\"Statistics in Everyday Life\\\" 2026 - Faculty of Engineering Management\",\"isPartOf\":{\"@id\":\"https:\/\/wiz.pb.edu.pl\/en\/#website\"},\"primaryImageOfPage\":{\"@id\":\"https:\/\/wiz.pb.edu.pl\/en\/research\/conferences\/miskn-statistics-in-everyday-life\/#primaryimage\"},\"image\":{\"@id\":\"https:\/\/wiz.pb.edu.pl\/en\/research\/conferences\/miskn-statistics-in-everyday-life\/#primaryimage\"},\"thumbnailUrl\":\"https:\/\/wiz.pb.edu.pl\/wp-content\/uploads\/2025\/04\/Logo_MISKM_nazwa_angielska-www.jpg\",\"datePublished\":\"2025-04-01T09:49:45+00:00\",\"dateModified\":\"2026-04-01T06:24:48+00:00\",\"description\":\"&nbsp; The Faculty of Engineering Management at Bialystok University of Technology invites you to participate in the&nbsp;5th International\",\"breadcrumb\":{\"@id\":\"https:\/\/wiz.pb.edu.pl\/en\/research\/conferences\/miskn-statistics-in-everyday-life\/#breadcrumb\"},\"inLanguage\":\"en-US\",\"potentialAction\":[{\"@type\":\"ReadAction\",\"target\":[\"https:\/\/wiz.pb.edu.pl\/en\/research\/conferences\/miskn-statistics-in-everyday-life\/\"]}]},{\"@type\":\"ImageObject\",\"inLanguage\":\"en-US\",\"@id\":\"https:\/\/wiz.pb.edu.pl\/en\/research\/conferences\/miskn-statistics-in-everyday-life\/#primaryimage\",\"url\":\"https:\/\/wiz.pb.edu.pl\/wp-content\/uploads\/2025\/04\/Logo_MISKM_nazwa_angielska-www.jpg\",\"contentUrl\":\"https:\/\/wiz.pb.edu.pl\/wp-content\/uploads\/2025\/04\/Logo_MISKM_nazwa_angielska-www.jpg\"},{\"@type\":\"BreadcrumbList\",\"@id\":\"https:\/\/wiz.pb.edu.pl\/en\/research\/conferences\/miskn-statistics-in-everyday-life\/#breadcrumb\",\"itemListElement\":[{\"@type\":\"ListItem\",\"position\":1,\"name\":\"Strona g\u0142\u00f3wna\",\"item\":\"https:\/\/wiz.pb.edu.pl\/en\/\"},{\"@type\":\"ListItem\",\"position\":2,\"name\":\"Research\",\"item\":\"https:\/\/wiz.pb.edu.pl\/en\/research\/\"},{\"@type\":\"ListItem\",\"position\":3,\"name\":\"Conferences\",\"item\":\"https:\/\/wiz.pb.edu.pl\/en\/research\/conferences\/\"},{\"@type\":\"ListItem\",\"position\":4,\"name\":\"MISKN &#8222;Statistics in Everyday Life&#8221; 2026\"}]},{\"@type\":\"WebSite\",\"@id\":\"https:\/\/wiz.pb.edu.pl\/en\/#website\",\"url\":\"https:\/\/wiz.pb.edu.pl\/en\/\",\"name\":\"Faculty of Engineering Management\",\"description\":\"\",\"potentialAction\":[{\"@type\":\"SearchAction\",\"target\":{\"@type\":\"EntryPoint\",\"urlTemplate\":\"https:\/\/wiz.pb.edu.pl\/en\/?s={search_term_string}\"},\"query-input\":{\"@type\":\"PropertyValueSpecification\",\"valueRequired\":true,\"valueName\":\"search_term_string\"}}],\"inLanguage\":\"en-US\"}]}<\/script>\n<!-- \/ Yoast SEO plugin. -->","yoast_head_json":{"title":"MISKN \"Statistics in Everyday Life\" 2026 - Faculty of Engineering Management","description":"&nbsp; The Faculty of Engineering Management at Bialystok University of Technology invites you to participate in the&nbsp;5th International","robots":{"index":"index","follow":"follow","max-snippet":"max-snippet:-1","max-image-preview":"max-image-preview:large","max-video-preview":"max-video-preview:-1"},"canonical":"https:\/\/wiz.pb.edu.pl\/en\/research\/conferences\/miskn-statistics-in-everyday-life\/","og_locale":"en_US","og_type":"article","og_title":"MISKN \"Statistics in Everyday Life\" 2026 - Faculty of Engineering Management","og_description":"&nbsp; The Faculty of Engineering Management at Bialystok University of Technology invites you to participate in the&nbsp;5th International","og_url":"https:\/\/wiz.pb.edu.pl\/en\/research\/conferences\/miskn-statistics-in-everyday-life\/","og_site_name":"Faculty of Engineering Management","article_modified_time":"2026-04-01T06:24:48+00:00","og_image":[{"width":1800,"height":638,"url":"https:\/\/wiz.pb.edu.pl\/wp-content\/uploads\/2025\/04\/Logo_MISKM_nazwa_angielska-www.jpg","type":"image\/jpeg"}],"twitter_misc":{"Est. reading time":"5 minutes"},"schema":{"@context":"https:\/\/schema.org","@graph":[{"@type":"WebPage","@id":"https:\/\/wiz.pb.edu.pl\/en\/research\/conferences\/miskn-statistics-in-everyday-life\/","url":"https:\/\/wiz.pb.edu.pl\/en\/research\/conferences\/miskn-statistics-in-everyday-life\/","name":"MISKN \"Statistics in Everyday Life\" 2026 - Faculty of Engineering Management","isPartOf":{"@id":"https:\/\/wiz.pb.edu.pl\/en\/#website"},"primaryImageOfPage":{"@id":"https:\/\/wiz.pb.edu.pl\/en\/research\/conferences\/miskn-statistics-in-everyday-life\/#primaryimage"},"image":{"@id":"https:\/\/wiz.pb.edu.pl\/en\/research\/conferences\/miskn-statistics-in-everyday-life\/#primaryimage"},"thumbnailUrl":"https:\/\/wiz.pb.edu.pl\/wp-content\/uploads\/2025\/04\/Logo_MISKM_nazwa_angielska-www.jpg","datePublished":"2025-04-01T09:49:45+00:00","dateModified":"2026-04-01T06:24:48+00:00","description":"&nbsp; The Faculty of Engineering Management at Bialystok University of Technology invites you to participate in the&nbsp;5th International","breadcrumb":{"@id":"https:\/\/wiz.pb.edu.pl\/en\/research\/conferences\/miskn-statistics-in-everyday-life\/#breadcrumb"},"inLanguage":"en-US","potentialAction":[{"@type":"ReadAction","target":["https:\/\/wiz.pb.edu.pl\/en\/research\/conferences\/miskn-statistics-in-everyday-life\/"]}]},{"@type":"ImageObject","inLanguage":"en-US","@id":"https:\/\/wiz.pb.edu.pl\/en\/research\/conferences\/miskn-statistics-in-everyday-life\/#primaryimage","url":"https:\/\/wiz.pb.edu.pl\/wp-content\/uploads\/2025\/04\/Logo_MISKM_nazwa_angielska-www.jpg","contentUrl":"https:\/\/wiz.pb.edu.pl\/wp-content\/uploads\/2025\/04\/Logo_MISKM_nazwa_angielska-www.jpg"},{"@type":"BreadcrumbList","@id":"https:\/\/wiz.pb.edu.pl\/en\/research\/conferences\/miskn-statistics-in-everyday-life\/#breadcrumb","itemListElement":[{"@type":"ListItem","position":1,"name":"Strona g\u0142\u00f3wna","item":"https:\/\/wiz.pb.edu.pl\/en\/"},{"@type":"ListItem","position":2,"name":"Research","item":"https:\/\/wiz.pb.edu.pl\/en\/research\/"},{"@type":"ListItem","position":3,"name":"Conferences","item":"https:\/\/wiz.pb.edu.pl\/en\/research\/conferences\/"},{"@type":"ListItem","position":4,"name":"MISKN &#8222;Statistics in Everyday Life&#8221; 2026"}]},{"@type":"WebSite","@id":"https:\/\/wiz.pb.edu.pl\/en\/#website","url":"https:\/\/wiz.pb.edu.pl\/en\/","name":"Faculty of Engineering Management","description":"","potentialAction":[{"@type":"SearchAction","target":{"@type":"EntryPoint","urlTemplate":"https:\/\/wiz.pb.edu.pl\/en\/?s={search_term_string}"},"query-input":{"@type":"PropertyValueSpecification","valueRequired":true,"valueName":"search_term_string"}}],"inLanguage":"en-US"}]}},"_links":{"self":[{"href":"https:\/\/wiz.pb.edu.pl\/en\/wp-json\/wp\/v2\/pages\/38691","targetHints":{"allow":["GET"]}}],"collection":[{"href":"https:\/\/wiz.pb.edu.pl\/en\/wp-json\/wp\/v2\/pages"}],"about":[{"href":"https:\/\/wiz.pb.edu.pl\/en\/wp-json\/wp\/v2\/types\/page"}],"author":[{"embeddable":true,"href":"https:\/\/wiz.pb.edu.pl\/en\/wp-json\/wp\/v2\/users\/8"}],"replies":[{"embeddable":true,"href":"https:\/\/wiz.pb.edu.pl\/en\/wp-json\/wp\/v2\/comments?post=38691"}],"version-history":[{"count":5,"href":"https:\/\/wiz.pb.edu.pl\/en\/wp-json\/wp\/v2\/pages\/38691\/revisions"}],"predecessor-version":[{"id":44548,"href":"https:\/\/wiz.pb.edu.pl\/en\/wp-json\/wp\/v2\/pages\/38691\/revisions\/44548"}],"up":[{"embeddable":true,"href":"https:\/\/wiz.pb.edu.pl\/en\/wp-json\/wp\/v2\/pages\/23472"}],"wp:attachment":[{"href":"https:\/\/wiz.pb.edu.pl\/en\/wp-json\/wp\/v2\/media?parent=38691"}],"curies":[{"name":"wp","href":"https:\/\/api.w.org\/{rel}","templated":true}]}}