{"id":24081,"date":"2021-05-06T14:31:58","date_gmt":"2021-05-06T12:31:58","guid":{"rendered":"https:\/\/wiz.pb.edu.pl\/projects\/egd4cities\/"},"modified":"2022-06-29T14:17:45","modified_gmt":"2022-06-29T12:17:45","slug":"egd4cities","status":"publish","type":"page","link":"https:\/\/wiz.pb.edu.pl\/en\/projects\/egd4cities\/","title":{"rendered":"EGD4cities"},"content":{"rendered":"<table style=\"border-collapse: collapse\" cellspacing=\"5px\">\n<tbody>\n<tr>\n<td style=\"width: 100%\">&nbsp;<\/td>\n<\/tr>\n<\/tbody>\n<\/table>\n<p><img loading=\"lazy\" decoding=\"async\" class=\"alignnone wp-image-22046\" src=\"https:\/\/wiz.pb.edu.pl\/wp-content\/uploads\/2021\/05\/Logo-EGD4cities-www.png\" alt=\"Logo projektu European Green Deal 4 Cities\" width=\"529\" height=\"181\" srcset=\"https:\/\/wiz.pb.edu.pl\/wp-content\/uploads\/2021\/05\/Logo-EGD4cities-www.png 800w, https:\/\/wiz.pb.edu.pl\/wp-content\/uploads\/2021\/05\/Logo-EGD4cities-www-300x103.png 300w, https:\/\/wiz.pb.edu.pl\/wp-content\/uploads\/2021\/05\/Logo-EGD4cities-www-768x263.png 768w\" sizes=\"auto, (max-width: 529px) 100vw, 529px\" \/><\/p>\n<h3><strong>About project<\/strong><\/h3>\n<p><strong>Project duration:<\/strong>&nbsp;01\/09\/2020 \u2013 31\/08\/2022<\/p>\n<p><strong>Project budget:<\/strong>&nbsp;192 thousand. euro<\/p>\n<p><strong>Source of funding:<\/strong>&nbsp;Erasmus + Program, Call 2020 Round 1 KA2 \u2013 Cooperation for innovation and the exchange of good practices KA204 \u2013 Strategic Partnerships for adult education<\/p>\n<p><strong>Project contract:<\/strong>&nbsp;2020-1-EL01-KA204-078877<\/p>\n<h3><strong>Project goals<\/strong><\/h3>\n<p>The project aims to develop training materials for employees of various levels of local government to implement the European Green Deal. In addition, project activities will involve local authorities responsible for various environmental services related to noise or air pollution protection, waste disposal, education, and consumer protection or municipal planning.<\/p>\n<p>The EGD4cities project aims to strengthen the involvement of local authorities and non-governmental organizations for sustainable development and green economy, among others, by:<\/p>\n<ul>\n<li>increasing knowledge and developing competencies related to the functioning of the green economy;<\/li>\n<li>supporting the leadership skills and creativity of organization leaders;<\/li>\n<li>development of various forms of education;<\/li>\n<li>professional development of leaders of organizations and local authorities.<\/li>\n<\/ul>\n<p>The project\u2019s specific objective is to provide access to current knowledge and improve competencies in the field of sustainable development through a high-quality education process in the framework of continuous learning of adults.<\/p>\n<h3><strong>Project results<\/strong><\/h3>\n<p><strong>Intellectual Outputs 1:<\/strong>&nbsp;Assessment Methodology for valorizing \/ creating European Green Deal local policies<\/p>\n<p><strong>Intellectual Outputs 2:<\/strong>&nbsp;Development of the e-learning course material&nbsp; for 11 modules:<\/p>\n<ul>\n<li>Increasing the EU\u2019s climate ambition for 2030 and 2050<\/li>\n<li>Supplying clean, affordable and secure energy<\/li>\n<li>Mobilizing industry for a clean and circular economy<\/li>\n<li>Building and renovating in an energy and resource efficient way<\/li>\n<li>Accelerating the shift to sustainable and smart mobility<\/li>\n<li>From \u2018Farm to Fork\u2019: designing a fair, healthy and environmentally-friendly food system<\/li>\n<li>Preserving and restoring ecosystems and biodiversity<\/li>\n<li>A zero pollution ambition for a toxic-free environment<\/li>\n<li>Pursuing green finance and investment and ensuring a just transition<\/li>\n<li>Greening national budgets and sending the right price signals<\/li>\n<li>Mobilising research and fostering innovation<\/li>\n<\/ul>\n<p><strong>Intellectual Outputs 3:&nbsp;<\/strong><strong>Peer to Peer Success Stories videos<\/strong><\/p>\n<p><strong><br \/>\nIntellectual Outputs 4:<\/strong>&nbsp;Virtual Think Tank<\/p>\n<h3><strong>Project consortium<\/strong><\/h3>\n<ul>\n<li><a href=\"http:\/\/www.kokkalisfoundation.gr\/home-eng\">Kokkalis Foundation (Grecja)<\/a>&nbsp;\u2013 Project leader<\/li>\n<li><a href=\"http:\/\/enoros.com.cy\/\">Enoros Consultinf Limited (Cypr)<\/a>&nbsp;\u2013 Partner<\/li>\n<li><a href=\"http:\/\/www.associazioneprism.eu\/author\/administrator\/\">PRISM \u2013 Promozione Internazionale Sicilia \u2013 Mondo (W\u0142ochy)<\/a>&nbsp;\u2013 Partner<\/li>\n<li><a href=\"http:\/\/theruralhub.ie\/\">The Rural Hub CLG (Irlandia)<\/a>&nbsp;\u2013 Partner<\/li>\n<li><a href=\"http:\/\/eetaa.gr\/en_pages\/index_en.php\">Hellenic Agency for Local Development and Local Government (Grecja)<\/a>&nbsp;\u2013 Partner<\/li>\n<li><a href=\"http:\/\/www.burgas.bg\/\">Obshtina Burgas (Bu\u0142garia)<\/a>&nbsp;\u2013 Partner<\/li>\n<li><a href=\"http:\/\/pb.edu.pl\/\">Bialystok University of Technology (Polska)<\/a>&nbsp;\u2013 Partner&nbsp;&nbsp;<\/li>\n<\/ul>\n<h3><strong>The project team<\/strong><\/h3>\n<ul>\n<li>dr Andrzej Pawluczuk (WIZ) \u2013 project manager<\/li>\n<li>dr in\u017c. Joanna Godlewska (WIZ) \u2013 deputy project manager<\/li>\n<li>dr hab. in\u017c. Katarzyna Halicka, prof. PB (WIZ) \u2013 Stering Commitee Representative, Internal Evaluation Plan<\/li>\n<li>dr hab. in\u017c. Joanna Ejdys (WIZ) \u2013 dissemination manager<\/li>\n<li>dr hab. in\u017c. El\u017cbieta Broniewicz, prof. PB (WBiNo\u015a) \u2013 coordinator of the task: Mobilising industry for a clean and circular economy<\/li>\n<li>dr Danuta Szpilko (WIZ) \u2013 coordinator of the task: Accelerating the shift to sustainable and smart mobility<\/li>\n<li>mgr Tomasz Trochimczuk (WIZ) \u2013 technicians<\/li>\n<li>Agata Dzieko\u0144ska \u2013 administration<\/li>\n<li>Izabelo Wiszenko \u2013 finance<\/li>\n<\/ul>\n<p>More info at&nbsp;<a href=\"http:\/\/www.egd4cities.eu\/\">European Green Deal for Cities (EGD4cities) website<\/a><\/p>\n","protected":false},"excerpt":{"rendered":"<p>&nbsp; About project Project duration:&nbsp;01\/09\/2020 \u2013 31\/08\/2022 Project budget:&nbsp;192 thousand. euro Source of funding:&nbsp;Erasmus +<a class=\"read-more\" href=\"https:\/\/wiz.pb.edu.pl\/en\/projects\/egd4cities\/\" title=\"Poka\u017c artyku\u0142 EGD4cities\">more<\/a><\/p>\n","protected":false},"author":9,"featured_media":0,"parent":23666,"menu_order":5,"comment_status":"closed","ping_status":"closed","template":"","meta":{"inline_featured_image":false,"ngg_post_thumbnail":0,"footnotes":""},"class_list":["post-24081","page","type-page","status-publish","hentry"],"acf":[],"yoast_head":"<!-- This site is optimized with the Yoast SEO plugin v26.4 - https:\/\/yoast.com\/wordpress\/plugins\/seo\/ -->\n<title>EGD4cities - Faculty of Engineering Management<\/title>\n<meta name=\"description\" content=\"&nbsp; About project Project duration:&nbsp;01\/09\/2020 \u2013 31\/08\/2022 Project budget:&nbsp;192 thousand. euro Source of funding:&nbsp;Erasmus + Program,\" \/>\n<meta name=\"robots\" content=\"index, follow, max-snippet:-1, max-image-preview:large, max-video-preview:-1\" \/>\n<link rel=\"canonical\" href=\"https:\/\/wiz.pb.edu.pl\/en\/projects\/egd4cities\/\" \/>\n<meta property=\"og:locale\" content=\"en_US\" \/>\n<meta property=\"og:type\" content=\"article\" \/>\n<meta property=\"og:title\" content=\"EGD4cities - Faculty of Engineering Management\" \/>\n<meta property=\"og:description\" content=\"&nbsp; About project Project duration:&nbsp;01\/09\/2020 \u2013 31\/08\/2022 Project budget:&nbsp;192 thousand. euro Source of funding:&nbsp;Erasmus + Program,\" \/>\n<meta property=\"og:url\" content=\"https:\/\/wiz.pb.edu.pl\/en\/projects\/egd4cities\/\" \/>\n<meta property=\"og:site_name\" content=\"Faculty of Engineering Management\" \/>\n<meta property=\"article:modified_time\" content=\"2022-06-29T12:17:45+00:00\" \/>\n<meta property=\"og:image\" content=\"https:\/\/wiz.pb.edu.pl\/wp-content\/uploads\/2021\/05\/Logo-EGD4cities-www.png\" \/>\n<meta name=\"twitter:label1\" content=\"Est. reading time\" \/>\n\t<meta name=\"twitter:data1\" content=\"4 minutes\" \/>\n<script type=\"application\/ld+json\" class=\"yoast-schema-graph\">{\"@context\":\"https:\/\/schema.org\",\"@graph\":[{\"@type\":\"WebPage\",\"@id\":\"https:\/\/wiz.pb.edu.pl\/en\/projects\/egd4cities\/\",\"url\":\"https:\/\/wiz.pb.edu.pl\/en\/projects\/egd4cities\/\",\"name\":\"EGD4cities - Faculty of Engineering Management\",\"isPartOf\":{\"@id\":\"https:\/\/wiz.pb.edu.pl\/en\/#website\"},\"primaryImageOfPage\":{\"@id\":\"https:\/\/wiz.pb.edu.pl\/en\/projects\/egd4cities\/#primaryimage\"},\"image\":{\"@id\":\"https:\/\/wiz.pb.edu.pl\/en\/projects\/egd4cities\/#primaryimage\"},\"thumbnailUrl\":\"https:\/\/wiz.pb.edu.pl\/wp-content\/uploads\/2021\/05\/Logo-EGD4cities-www.png\",\"datePublished\":\"2021-05-06T12:31:58+00:00\",\"dateModified\":\"2022-06-29T12:17:45+00:00\",\"description\":\"&nbsp; About project Project duration:&nbsp;01\/09\/2020 \u2013 31\/08\/2022 Project budget:&nbsp;192 thousand. euro Source of funding:&nbsp;Erasmus + Program,\",\"breadcrumb\":{\"@id\":\"https:\/\/wiz.pb.edu.pl\/en\/projects\/egd4cities\/#breadcrumb\"},\"inLanguage\":\"en-US\",\"potentialAction\":[{\"@type\":\"ReadAction\",\"target\":[\"https:\/\/wiz.pb.edu.pl\/en\/projects\/egd4cities\/\"]}]},{\"@type\":\"ImageObject\",\"inLanguage\":\"en-US\",\"@id\":\"https:\/\/wiz.pb.edu.pl\/en\/projects\/egd4cities\/#primaryimage\",\"url\":\"https:\/\/wiz.pb.edu.pl\/wp-content\/uploads\/2021\/05\/Logo-EGD4cities-www.png\",\"contentUrl\":\"https:\/\/wiz.pb.edu.pl\/wp-content\/uploads\/2021\/05\/Logo-EGD4cities-www.png\"},{\"@type\":\"BreadcrumbList\",\"@id\":\"https:\/\/wiz.pb.edu.pl\/en\/projects\/egd4cities\/#breadcrumb\",\"itemListElement\":[{\"@type\":\"ListItem\",\"position\":1,\"name\":\"Strona g\u0142\u00f3wna\",\"item\":\"https:\/\/wiz.pb.edu.pl\/en\/\"},{\"@type\":\"ListItem\",\"position\":2,\"name\":\"Projects\",\"item\":\"https:\/\/wiz.pb.edu.pl\/en\/projects\/\"},{\"@type\":\"ListItem\",\"position\":3,\"name\":\"EGD4cities\"}]},{\"@type\":\"WebSite\",\"@id\":\"https:\/\/wiz.pb.edu.pl\/en\/#website\",\"url\":\"https:\/\/wiz.pb.edu.pl\/en\/\",\"name\":\"Faculty of Engineering Management\",\"description\":\"\",\"potentialAction\":[{\"@type\":\"SearchAction\",\"target\":{\"@type\":\"EntryPoint\",\"urlTemplate\":\"https:\/\/wiz.pb.edu.pl\/en\/?s={search_term_string}\"},\"query-input\":{\"@type\":\"PropertyValueSpecification\",\"valueRequired\":true,\"valueName\":\"search_term_string\"}}],\"inLanguage\":\"en-US\"}]}<\/script>\n<!-- \/ Yoast SEO plugin. -->","yoast_head_json":{"title":"EGD4cities - Faculty of Engineering Management","description":"&nbsp; About project Project duration:&nbsp;01\/09\/2020 \u2013 31\/08\/2022 Project budget:&nbsp;192 thousand. euro Source of funding:&nbsp;Erasmus + Program,","robots":{"index":"index","follow":"follow","max-snippet":"max-snippet:-1","max-image-preview":"max-image-preview:large","max-video-preview":"max-video-preview:-1"},"canonical":"https:\/\/wiz.pb.edu.pl\/en\/projects\/egd4cities\/","og_locale":"en_US","og_type":"article","og_title":"EGD4cities - Faculty of Engineering Management","og_description":"&nbsp; About project Project duration:&nbsp;01\/09\/2020 \u2013 31\/08\/2022 Project budget:&nbsp;192 thousand. euro Source of funding:&nbsp;Erasmus + Program,","og_url":"https:\/\/wiz.pb.edu.pl\/en\/projects\/egd4cities\/","og_site_name":"Faculty of Engineering Management","article_modified_time":"2022-06-29T12:17:45+00:00","og_image":[{"url":"https:\/\/wiz.pb.edu.pl\/wp-content\/uploads\/2021\/05\/Logo-EGD4cities-www.png","type":"","width":"","height":""}],"twitter_misc":{"Est. reading time":"4 minutes"},"schema":{"@context":"https:\/\/schema.org","@graph":[{"@type":"WebPage","@id":"https:\/\/wiz.pb.edu.pl\/en\/projects\/egd4cities\/","url":"https:\/\/wiz.pb.edu.pl\/en\/projects\/egd4cities\/","name":"EGD4cities - Faculty of Engineering Management","isPartOf":{"@id":"https:\/\/wiz.pb.edu.pl\/en\/#website"},"primaryImageOfPage":{"@id":"https:\/\/wiz.pb.edu.pl\/en\/projects\/egd4cities\/#primaryimage"},"image":{"@id":"https:\/\/wiz.pb.edu.pl\/en\/projects\/egd4cities\/#primaryimage"},"thumbnailUrl":"https:\/\/wiz.pb.edu.pl\/wp-content\/uploads\/2021\/05\/Logo-EGD4cities-www.png","datePublished":"2021-05-06T12:31:58+00:00","dateModified":"2022-06-29T12:17:45+00:00","description":"&nbsp; About project Project duration:&nbsp;01\/09\/2020 \u2013 31\/08\/2022 Project budget:&nbsp;192 thousand. euro Source of funding:&nbsp;Erasmus + Program,","breadcrumb":{"@id":"https:\/\/wiz.pb.edu.pl\/en\/projects\/egd4cities\/#breadcrumb"},"inLanguage":"en-US","potentialAction":[{"@type":"ReadAction","target":["https:\/\/wiz.pb.edu.pl\/en\/projects\/egd4cities\/"]}]},{"@type":"ImageObject","inLanguage":"en-US","@id":"https:\/\/wiz.pb.edu.pl\/en\/projects\/egd4cities\/#primaryimage","url":"https:\/\/wiz.pb.edu.pl\/wp-content\/uploads\/2021\/05\/Logo-EGD4cities-www.png","contentUrl":"https:\/\/wiz.pb.edu.pl\/wp-content\/uploads\/2021\/05\/Logo-EGD4cities-www.png"},{"@type":"BreadcrumbList","@id":"https:\/\/wiz.pb.edu.pl\/en\/projects\/egd4cities\/#breadcrumb","itemListElement":[{"@type":"ListItem","position":1,"name":"Strona g\u0142\u00f3wna","item":"https:\/\/wiz.pb.edu.pl\/en\/"},{"@type":"ListItem","position":2,"name":"Projects","item":"https:\/\/wiz.pb.edu.pl\/en\/projects\/"},{"@type":"ListItem","position":3,"name":"EGD4cities"}]},{"@type":"WebSite","@id":"https:\/\/wiz.pb.edu.pl\/en\/#website","url":"https:\/\/wiz.pb.edu.pl\/en\/","name":"Faculty of Engineering Management","description":"","potentialAction":[{"@type":"SearchAction","target":{"@type":"EntryPoint","urlTemplate":"https:\/\/wiz.pb.edu.pl\/en\/?s={search_term_string}"},"query-input":{"@type":"PropertyValueSpecification","valueRequired":true,"valueName":"search_term_string"}}],"inLanguage":"en-US"}]}},"_links":{"self":[{"href":"https:\/\/wiz.pb.edu.pl\/en\/wp-json\/wp\/v2\/pages\/24081","targetHints":{"allow":["GET"]}}],"collection":[{"href":"https:\/\/wiz.pb.edu.pl\/en\/wp-json\/wp\/v2\/pages"}],"about":[{"href":"https:\/\/wiz.pb.edu.pl\/en\/wp-json\/wp\/v2\/types\/page"}],"author":[{"embeddable":true,"href":"https:\/\/wiz.pb.edu.pl\/en\/wp-json\/wp\/v2\/users\/9"}],"replies":[{"embeddable":true,"href":"https:\/\/wiz.pb.edu.pl\/en\/wp-json\/wp\/v2\/comments?post=24081"}],"version-history":[{"count":2,"href":"https:\/\/wiz.pb.edu.pl\/en\/wp-json\/wp\/v2\/pages\/24081\/revisions"}],"predecessor-version":[{"id":24083,"href":"https:\/\/wiz.pb.edu.pl\/en\/wp-json\/wp\/v2\/pages\/24081\/revisions\/24083"}],"up":[{"embeddable":true,"href":"https:\/\/wiz.pb.edu.pl\/en\/wp-json\/wp\/v2\/pages\/23666"}],"wp:attachment":[{"href":"https:\/\/wiz.pb.edu.pl\/en\/wp-json\/wp\/v2\/media?parent=24081"}],"curies":[{"name":"wp","href":"https:\/\/api.w.org\/{rel}","templated":true}]}}