{"id":23685,"date":"2022-06-14T22:11:34","date_gmt":"2022-06-14T20:11:34","guid":{"rendered":"https:\/\/wiz.pb.edu.pl\/?page_id=23685"},"modified":"2022-06-14T22:11:34","modified_gmt":"2022-06-14T20:11:34","slug":"department-of-management-economics-and-finance","status":"publish","type":"page","link":"https:\/\/wiz.pb.edu.pl\/en\/faculty\/institutes-and-departments\/department-of-management-economics-and-finance\/","title":{"rendered":"Department of Management, Economics and Finance"},"content":{"rendered":"<div class=\"h3\">Head of the Department &#8211; Professor Joanna Moczyd\u0142owska, DSc, PhD<\/div>\n<p><i class=\"fal fa-envelope\"><\/i> <a href=\"#\" rel=\"nofollow\"  onclick=\"this.href='mailto:' + 'joanna' + '@' + 'moczydlowska.pl'\">joanna [at] moczydlowska.pl<\/a>\n<div class=\"h3\">Department Office:<\/div>\n<p>Katarzyna Kondrusik-Ka\u0142ajtan, MSc<br \/>\nroom: 104 KF<br \/>\n<i class=\"fal fa-phone\"><\/i> +48 85 746 98 20<br \/>\n<i class=\"fal fa-envelope\"><\/i> <a href=\"#\" rel=\"nofollow\"  onclick=\"this.href='mailto:' + 'wiz.kzeif' + '@' + 'pb.edu.pl'\">wiz.kzeif [at] pb.edu.pl<\/a>\n<hr>\n<p><strong>The Department of Management, Economics and Finance<\/strong> has been operating since October 1, 2019 and was established from the merger of the Department of Organization and Management, the Department of Finance and Accounting and the Department of Managerial Economics.<\/p>\n<p>Currently, the Department employs 32 people: 6 independent research workers, 21 assistant professors, 4 assistants, 1 administrative employee.<\/p>\n<hr>\n<div class=\"h2\">Research and scientific profile<\/div>\n<p>The Department of Management, Economics and Finance conducts research focusing on the issue of <strong>New trends in organization management<\/strong>.<\/p>\n<p>In particular, the following problems are addressed:<\/p>\n<ul>\n<li>challenges in human capital management and organizational leadership;<\/li>\n<li>entrepreneurship;<\/li>\n<li>modern corporate finance management;<\/li>\n<li>enterprise in the process of change;<\/li>\n<li>relationship capital management.<\/li>\n<\/ul>\n<div class=\"h2\">Didactic<\/div>\n<p>As part of their educational activities, the employees of the Department conduct classes in the following fields: management, logistics, tourism and recreation, management and service engineering, management and production engineering. In addition, they conduct classes at MBA, postgraduate, doctoral and international studies, as well as for Erasmus + students.&nbsp;<\/p>\n<p><strong>The Department is the guardian of two specializations:<\/strong><\/p>\n<ol>\n<li>Business Management and ACC, implemented on the second degree of Management. Student research circles operate at the Department: Blank Canvas (supervisor: Dr. Andrzej Pawluczuk).<\/li>\n<li>Student Research Group of Finance and Accounting &#8220;Winien Ma&#8221; (supervisor: &nbsp;dr Anna Dyhdalewicz).<\/li>\n<\/ol>\n<div class=\"h2\">Scientific and didactic employees<\/div>\n<div class=\"table-responsive\">\n<table class=\"table table-striped table borderless\" style=\"width: auto\">\n<thead>\n<tr>\n<td style=\"width: 54.9746%\"><span style=\"font-size: 10pt\"><strong>Name and surname<\/strong><br \/>\n<\/span><\/td>\n<td style=\"width: 10.0567%\"><span style=\"font-size: 10pt\"><strong>Room<\/strong><br \/>\n<\/span><\/td>\n<td style=\"width: 14.0456%\"><span style=\"font-size: 10pt\"><strong>Phone<\/strong><br \/>\n<\/span><\/td>\n<td style=\"width: 41.4324%\"><span style=\"font-size: 10pt\"><strong>Email<\/strong><br \/>\n<\/span><\/td>\n<\/tr>\n<\/thead>\n<tbody>\n<tr>\n<td style=\"width: 54.9746%\"><span style=\"font-size: 10pt\">Assoc. Prof. Zbigniew Korzeb, PhD Eng<\/span><\/td>\n<td style=\"width: 10.0567%\"><span style=\"font-size: 10pt\">104 KF<\/span><\/td>\n<td style=\"width: 14.0456%\"><span style=\"font-size: 10pt\">85 746 98 20<\/span><\/td>\n<td style=\"width: 41.4324%\"><span style=\"font-size: 10pt\">z.korzeb(at)pb.edu.pl<\/span><\/td>\n<\/tr>\n<tr>\n<td style=\"width: 54.9746%\"><span style=\"font-size: 10pt\">Assoc. Prof. Jerzy Paszkowski, PhD<\/span><\/td>\n<td style=\"width: 10.0567%\"><span style=\"font-size: 10pt\">204 KF<\/span><\/td>\n<td style=\"width: 14.0456%\"><span style=\"font-size: 10pt\">85 746 98 21<\/span><\/td>\n<td style=\"width: 41.4324%\"><span style=\"font-size: 10pt\">j.paszkowski(at)pb.edu.pl<\/span><\/td>\n<\/tr>\n<tr>\n<td style=\"width: 54.9746%\"><span style=\"font-size: 10pt\">Assoc. Prof. Zofia Ko\u0142oszko-Chomentowska, DSc, Phd, Eng<\/span><\/td>\n<td style=\"width: 10.0567%\"><span style=\"font-size: 10pt\">102 KF<\/span><\/td>\n<td style=\"width: 14.0456%\"><span style=\"font-size: 10pt\">85 746 98 18<\/span><\/td>\n<td style=\"width: 41.4324%\"><span style=\"font-size: 10pt\">z.koloszko(at)pb.edu.pl<\/span><\/td>\n<\/tr>\n<tr>\n<td style=\"width: 54.9746%\"><span style=\"font-size: 10pt\">Assoc. Prof. El\u017cbieta Sk\u0105pska, PhD<\/span><\/td>\n<td style=\"width: 10.0567%\"><span style=\"font-size: 10pt\">100 KF<\/span><\/td>\n<td style=\"width: 14.0456%\"><span style=\"font-size: 10pt\">85 746 98 22<\/span><\/td>\n<td style=\"width: 41.4324%\"><span style=\"font-size: 10pt\">e.skapska(at)pb.edu.pl<\/span><\/td>\n<\/tr>\n<tr>\n<td style=\"width: 54.9746%\"><span style=\"font-size: 10pt\">Assoc. Prof. Miros\u0142awa Laszuk, PhD<\/span><\/td>\n<td style=\"width: 10.0567%\"><span style=\"font-size: 10pt\">209 KF<\/span><\/td>\n<td style=\"width: 14.0456%\"><span style=\"font-size: 10pt\">85 746 98 23<\/span><\/td>\n<td style=\"width: 41.4324%\"><span style=\"font-size: 10pt\">m.laszuk(at)pb.edu.pl<\/span><\/td>\n<\/tr>\n<tr>\n<td style=\"width: 54.9746%\"><span style=\"font-size: 10pt\">Anna Bagie\u0144ska, PhD<\/span><\/td>\n<td style=\"width: 10.0567%\"><span style=\"font-size: 10pt\">101 KF<\/span><\/td>\n<td style=\"width: 14.0456%\"><span style=\"font-size: 10pt\">85 746 98 05<\/span><\/td>\n<td style=\"width: 41.4324%\"><span style=\"font-size: 10pt\">a.bagienska(at)pb.edu.pl<\/span><\/td>\n<\/tr>\n<tr>\n<td style=\"width: 54.9746%\"><span style=\"font-size: 10pt\">Agnieszka Baran, PhD<\/span><\/td>\n<td style=\"width: 10.0567%\"><span style=\"font-size: 10pt\">33 KS<\/span><\/td>\n<td style=\"width: 14.0456%\"><span style=\"font-size: 10pt\">85 746 98 55<\/span><\/td>\n<td style=\"width: 41.4324%\"><span style=\"font-size: 10pt\">a.baran(at)pb.edu.pl<\/span><\/td>\n<\/tr>\n<tr>\n<td style=\"width: 54.9746%\"><span style=\"font-size: 10pt\">Wioletta Czemiel-Grzybowska, PhD<\/span><\/td>\n<td style=\"width: 10.0567%\"><span style=\"font-size: 10pt\">115 KF<\/span><\/td>\n<td style=\"width: 14.0456%\"><span style=\"font-size: 10pt\">85 746 74 71<\/span><\/td>\n<td style=\"width: 41.4324%\"><span style=\"font-size: 10pt\">w.grzybowska(at)pb.edu.pl<\/span><\/td>\n<\/tr>\n<tr>\n<td style=\"width: 54.9746%\"><span style=\"font-size: 10pt\">Miros\u0142awa Czerniawska, PhD<\/span><\/td>\n<td style=\"width: 10.0567%\"><span style=\"font-size: 10pt\">204 KF<\/span><\/td>\n<td style=\"width: 14.0456%\"><span style=\"font-size: 10pt\">85 746 98 21<\/span><\/td>\n<td style=\"width: 41.4324%\"><span style=\"font-size: 10pt\">m.czerniawska(at)pb.edu.pl<\/span><\/td>\n<\/tr>\n<tr>\n<td style=\"width: 54.9746%\"><span style=\"font-size: 10pt\">Justyna Grze\u015b-Buk\u0142aho, PhD<\/span><\/td>\n<td style=\"width: 10.0567%\"><span style=\"font-size: 10pt\">9 KF<\/span><\/td>\n<td style=\"width: 14.0456%\"><span style=\"font-size: 10pt\">85 746 98 74<\/span><\/td>\n<td style=\"width: 41.4324%\"><span style=\"font-size: 10pt\">j.grzes(at)pb.edu.pl<\/span><\/td>\n<\/tr>\n<tr>\n<td style=\"width: 54.9746%\"><span style=\"font-size: 10pt\">Joanna Jo\u0144czyk, PhD<\/span><\/td>\n<td style=\"width: 10.0567%\"><span style=\"font-size: 10pt\">200 KF<\/span><\/td>\n<td style=\"width: 14.0456%\"><span style=\"font-size: 10pt\">85 746 98 04<\/span><\/td>\n<td style=\"width: 41.4324%\"><span style=\"font-size: 10pt\">j.jonczyk(at)pb.edu.pl<\/span><\/td>\n<\/tr>\n<tr>\n<td style=\"width: 54.9746%\"><span style=\"font-size: 10pt\">Andrzej Karpowicz, PhD<\/span><\/td>\n<td style=\"width: 10.0567%\"><span style=\"font-size: 10pt\">111 KF<\/span><\/td>\n<td style=\"width: 14.0456%\"><span style=\"font-size: 10pt\">85 746 98 03<\/span><\/td>\n<td style=\"width: 41.4324%\"><span style=\"font-size: 10pt\">a.karpowicz(at)pb.edu.pl<\/span><\/td>\n<\/tr>\n<tr>\n<td style=\"width: 54.9746%\"><span style=\"font-size: 10pt\">Urszula Kobyli\u0144ska, PhD<\/span><\/td>\n<td style=\"width: 10.0567%\"><span style=\"font-size: 10pt\">8 KF<\/span><\/td>\n<td style=\"width: 14.0456%\"><span style=\"font-size: 10pt\">85 746 98 17<\/span><\/td>\n<td style=\"width: 41.4324%\"><span style=\"font-size: 10pt\">u.kobylinska(at)pb.edu.pl<\/span><\/td>\n<\/tr>\n<tr>\n<td style=\"width: 54.9746%\"><span style=\"font-size: 10pt\">Agnieszka Konopelko, PhD<\/span><\/td>\n<td style=\"width: 10.0567%\"><span style=\"font-size: 10pt\">210 KF<\/span><\/td>\n<td style=\"width: 14.0456%\"><span style=\"font-size: 10pt\">85 746 98 07<\/span><\/td>\n<td style=\"width: 41.4324%\"><span style=\"font-size: 10pt\">a.konopelko(at)pb.edu.pl<\/span><\/td>\n<\/tr>\n<tr>\n<td style=\"width: 54.9746%\"><span style=\"font-size: 10pt\">Tomasz Madras, PhD<\/span><\/td>\n<td style=\"width: 10.0567%\"><span style=\"font-size: 10pt\">203 KF<\/span><\/td>\n<td style=\"width: 14.0456%\"><span style=\"font-size: 10pt\">85 746 98 20<\/span><\/td>\n<td style=\"width: 41.4324%\"><span style=\"font-size: 10pt\">t.madras(at)pb.edu.pl<\/span><\/td>\n<\/tr>\n<tr>\n<td style=\"width: 54.9746%\"><span style=\"font-size: 10pt\">\u0141ukasz Nazarko, PhD<\/span><\/td>\n<td style=\"width: 10.0567%\"><span style=\"font-size: 10pt\">213 KF<\/span><\/td>\n<td style=\"width: 14.0456%\"><span style=\"font-size: 10pt\">85 746 98 25<\/span><\/td>\n<td style=\"width: 41.4324%\"><span style=\"font-size: 10pt\">l.nazarko(at)pb.edu.pl<\/span><\/td>\n<\/tr>\n<tr>\n<td style=\"width: 54.9746%\"><span style=\"font-size: 10pt\">Agnieszka Piekutowska, PhD<\/span><\/td>\n<td style=\"width: 10.0567%\"><span style=\"font-size: 10pt\">209 KF<\/span><\/td>\n<td style=\"width: 14.0456%\"><span style=\"font-size: 10pt\">85 746 98 23<\/span><\/td>\n<td style=\"width: 41.4324%\"><span style=\"font-size: 10pt\">a.piekutowska(at)pb.edu.pl<\/span><\/td>\n<\/tr>\n<tr>\n<td style=\"width: 54.9746%\"><span style=\"font-size: 10pt\">Ewa Rollnik-Sadowska, PhD<\/span><\/td>\n<td style=\"width: 10.0567%\"><span style=\"font-size: 10pt\">213 KF<\/span><\/td>\n<td style=\"width: 14.0456%\"><span style=\"font-size: 10pt\">85 746 74 73<\/span><\/td>\n<td style=\"width: 41.4324%\"><span style=\"font-size: 10pt\">e.rollnik(at)pb.edu.pl<\/span><\/td>\n<\/tr>\n<tr>\n<td style=\"width: 54.9746%\"><span style=\"font-size: 10pt\">Sylwia Saczy\u0144ska-Sok\u00f3\u0142, PhD<\/span><\/td>\n<td style=\"width: 10.0567%\"><span style=\"font-size: 10pt\">8 KF<\/span><\/td>\n<td style=\"width: 14.0456%\"><span style=\"font-size: 10pt\">85 746 98 17<\/span><\/td>\n<td style=\"width: 41.4324%\"><span style=\"font-size: 10pt\">s.saczynska(at)pb.edu.pl<\/span><\/td>\n<\/tr>\n<tr>\n<td style=\"width: 54.9746%\"><span style=\"font-size: 10pt\">Joanna Samul, PhD<\/span><\/td>\n<td style=\"width: 10.0567%\"><span style=\"font-size: 10pt\">9 KF<\/span><\/td>\n<td style=\"width: 14.0456%\"><span style=\"font-size: 10pt\">85 746 98 74<\/span><\/td>\n<td style=\"width: 41.4324%\"><span style=\"font-size: 10pt\">j.samul(at)pb.edu.pl<\/span><\/td>\n<\/tr>\n<tr>\n<td style=\"width: 54.9746%\"><span style=\"font-size: 10pt\">Izabela Stalo\u0144czyk, PhD<\/span><\/td>\n<td style=\"width: 10.0567%\"><span style=\"font-size: 10pt\">208 KF<\/span><\/td>\n<td style=\"width: 14.0456%\"><span style=\"font-size: 10pt\">85 746 98 22<\/span><\/td>\n<td style=\"width: 41.4324%\"><span style=\"font-size: 10pt\">i.stalonczyk(at)pb.edu.pl<\/span><\/td>\n<\/tr>\n<tr>\n<td style=\"width: 54.9746%\"><span style=\"font-size: 10pt\">Joanna Szyd\u0142o, PhD<\/span><\/td>\n<td style=\"width: 10.0567%\"><span style=\"font-size: 10pt\">213 KF<\/span><\/td>\n<td style=\"width: 14.0456%\"><span style=\"font-size: 10pt\">85 746 98 28<\/span><\/td>\n<td style=\"width: 41.4324%\"><span style=\"font-size: 10pt\">j.szydlo(at)pb.edu.pl<\/span><\/td>\n<\/tr>\n<tr>\n<td style=\"width: 54.9746%\"><span style=\"font-size: 10pt\">Anna Tomaszuk, PhD<\/span><\/td>\n<td style=\"width: 10.0567%\"><span style=\"font-size: 10pt\">10a KF<\/span><\/td>\n<td style=\"width: 14.0456%\"><span style=\"font-size: 10pt\">85 746 98 16<\/span><\/td>\n<td style=\"width: 41.4324%\"><span style=\"font-size: 10pt\">a.tomaszuk(at)pb.edu.pl<\/span><\/td>\n<\/tr>\n<tr>\n<td style=\"width: 54.9746%\"><span style=\"font-size: 10pt\">Anna Wasiluk, PhD<\/span><\/td>\n<td style=\"width: 10.0567%\"><span style=\"font-size: 10pt\">10a KF<\/span><\/td>\n<td style=\"width: 14.0456%\"><span style=\"font-size: 10pt\">85 746 98 16<\/span><\/td>\n<td style=\"width: 41.4324%\"><span style=\"font-size: 10pt\">a.wasiluk(at)pb.edu.pl<\/span><\/td>\n<\/tr>\n<\/tbody>\n<\/table>\n<\/div>\n<div class=\"h2\">Didactic employees<\/div>\n<div class=\"table-responsive\">\n<table class=\"table table-striped table borderless\" style=\"width: auto\">\n<thead>\n<tr style=\"height: 21px\">\n<td style=\"height: 21px;width: 31.8642%\"><span style=\"font-size: 10pt\"><strong>Name and surname<\/strong><\/span><\/td>\n<td style=\"height: 21px;width: 13.078%\"><span style=\"font-size: 10pt\"><strong>Room<\/strong><\/span><\/td>\n<td style=\"height: 21px;width: 13.5838%\"><span style=\"font-size: 10pt\"><strong>Phone<\/strong><\/span><\/td>\n<td style=\"height: 21px;width: 41.4017%\"><span style=\"font-size: 10pt\"><strong>Email<\/strong><\/span><\/td>\n<\/tr>\n<\/thead>\n<tbody>\n<tr style=\"height: 21px\">\n<td style=\"height: 21px;width: 31.8642%\" width=\"454\"><span style=\"font-size: 10pt\">Anna Dyhdalewicz, PhD<\/span><\/td>\n<td style=\"height: 21px;width: 13.078%\" width=\"85\"><span style=\"font-size: 10pt\">114 KF<\/span><\/td>\n<td style=\"height: 21px;width: 13.5838%\" width=\"113\"><span style=\"font-size: 10pt\">85 746 98 19<\/span><\/td>\n<td style=\"height: 21px;width: 41.4017%\" width=\"251\"><span style=\"font-size: 10pt\">a.dyhdalewicz(at)pb.edu.pl<\/span><\/td>\n<\/tr>\n<tr style=\"height: 21px\">\n<td style=\"height: 21px;width: 31.8642%\" width=\"454\"><span style=\"font-size: 10pt\">Andrzej Pawluczuk, PhD<\/span><\/td>\n<td style=\"height: 21px;width: 13.078%\" width=\"85\"><span style=\"font-size: 10pt\">203 KF<\/span><\/td>\n<td style=\"height: 21px;width: 13.5838%\" width=\"113\"><span style=\"font-size: 10pt\">85 746 98 20<\/span><\/td>\n<td style=\"height: 21px;width: 41.4017%\" width=\"251\"><span style=\"font-size: 10pt\">a.pawluczuk(at)pb.edu.pl<\/span><\/td>\n<\/tr>\n<tr style=\"height: 21px\">\n<td style=\"height: 21px;width: 31.8642%\" width=\"454\"><span style=\"font-size: 10pt\">Ewa Tokajuk, PhD<\/span><\/td>\n<td style=\"height: 21px;width: 13.078%\" width=\"85\"><span style=\"font-size: 10pt\">101 KF<\/span><\/td>\n<td style=\"height: 21px;width: 13.5838%\" width=\"113\"><span style=\"font-size: 10pt\">85 746 98 05<\/span><\/td>\n<td style=\"height: 21px;width: 41.4017%\" width=\"251\"><span style=\"font-size: 10pt\">e.tokajuk(at)pb.edu.pl<\/span><\/td>\n<\/tr>\n<tr style=\"height: 21px\">\n<td style=\"height: 21px;width: 31.8642%\" width=\"454\"><span style=\"font-size: 10pt\">Krystyna Zimnoch, PhD<\/span><\/td>\n<td style=\"height: 21px;width: 13.078%\" width=\"85\"><span style=\"font-size: 10pt\">208 KF<\/span><\/td>\n<td style=\"height: 21px;width: 13.5838%\" width=\"113\"><span style=\"font-size: 10pt\">85 746 98 22<\/span><\/td>\n<td style=\"height: 21px;width: 41.4017%\" width=\"251\"><span style=\"font-size: 10pt\">k.zimnoch(at)pb.edu.pl<\/span><\/td>\n<\/tr>\n<tr style=\"height: 21px\">\n<td style=\"height: 21px;width: 31.8642%\" width=\"454\"><span style=\"font-size: 10pt\">Wioleta Grzybowska, MA<\/span><\/td>\n<td style=\"height: 21px;width: 13.078%\" width=\"85\"><span style=\"font-size: 10pt\">111 KF<\/span><\/td>\n<td style=\"height: 21px;width: 13.5838%\" width=\"113\"><span style=\"font-size: 10pt\">85 746 98 03<\/span><\/td>\n<td style=\"height: 21px;width: 41.4017%\" width=\"251\"><span style=\"font-size: 10pt\">wioleta.grzybowska(at)pb.edu.pl<\/span><\/td>\n<\/tr>\n<tr style=\"height: 21px\">\n<td style=\"height: 21px;width: 31.8642%\" width=\"454\"><span style=\"font-size: 10pt\">Daria Smar\u017cewska, MA<\/span><\/td>\n<td style=\"height: 21px;width: 13.078%\" width=\"85\"><span style=\"font-size: 10pt\">8 KF<\/span><\/td>\n<td style=\"height: 21px;width: 13.5838%\" width=\"113\"><span style=\"font-size: 10pt\">85 746 98 17<\/span><\/td>\n<td style=\"height: 21px;width: 41.4017%\" width=\"251\"><span style=\"font-size: 10pt\">d.smarzewska(at)pb.edu.pl<\/span><\/td>\n<\/tr>\n<tr style=\"height: 21px\">\n<td style=\"height: 21px;width: 31.8642%\" width=\"454\"><span style=\"font-size: 10pt\">Anna Zimnoch, MA<\/span><\/td>\n<td style=\"height: 21px;width: 13.078%\" width=\"85\"><span style=\"font-size: 10pt\">114 KF<\/span><\/td>\n<td style=\"height: 21px;width: 13.5838%\" width=\"113\"><span style=\"font-size: 10pt\">85 746 98 19<\/span><\/td>\n<td style=\"height: 21px;width: 41.4017%\" width=\"251\"><span style=\"font-size: 10pt\">a.zimnoch(at)pb.edu.pl<\/span><\/td>\n<\/tr>\n<\/tbody>\n<\/table>\n<\/div>\n<p>&nbsp;<\/p>\n","protected":false},"excerpt":{"rendered":"<p>Head of the Department &#8211; Professor Joanna Moczyd\u0142owska, DSc, PhD Department Office: Katarzyna Kondrusik-Ka\u0142ajtan, MSc<a class=\"read-more\" href=\"https:\/\/wiz.pb.edu.pl\/en\/faculty\/institutes-and-departments\/department-of-management-economics-and-finance\/\" title=\"Poka\u017c artyku\u0142 Department of Management, Economics and Finance\">more<\/a><\/p>\n","protected":false},"author":2,"featured_media":0,"parent":23558,"menu_order":1,"comment_status":"closed","ping_status":"closed","template":"","meta":{"inline_featured_image":false,"ngg_post_thumbnail":0,"footnotes":""},"class_list":["post-23685","page","type-page","status-publish","hentry"],"acf":[],"yoast_head":"<!-- This site is optimized with the Yoast SEO plugin v26.4 - https:\/\/yoast.com\/wordpress\/plugins\/seo\/ -->\n<title>Department of Management, Economics and Finance - Faculty of Engineering Management<\/title>\n<meta name=\"description\" content=\"Head of the Department - Professor Joanna Moczyd\u0142owska, DSc, PhD Department Office: Katarzyna Kondrusik-Ka\u0142ajtan, MSc room: 104 KF +48 85 746 98 20 The\" \/>\n<meta name=\"robots\" content=\"index, follow, max-snippet:-1, max-image-preview:large, max-video-preview:-1\" \/>\n<link rel=\"canonical\" href=\"https:\/\/wiz.pb.edu.pl\/en\/faculty\/institutes-and-departments\/department-of-management-economics-and-finance\/\" \/>\n<meta property=\"og:locale\" content=\"en_US\" \/>\n<meta property=\"og:type\" content=\"article\" \/>\n<meta property=\"og:title\" content=\"Department of Management, Economics and Finance - Faculty of Engineering Management\" \/>\n<meta property=\"og:description\" content=\"Head of the Department - Professor Joanna Moczyd\u0142owska, DSc, PhD Department Office: Katarzyna Kondrusik-Ka\u0142ajtan, MSc room: 104 KF +48 85 746 98 20 The\" \/>\n<meta property=\"og:url\" content=\"https:\/\/wiz.pb.edu.pl\/en\/faculty\/institutes-and-departments\/department-of-management-economics-and-finance\/\" \/>\n<meta property=\"og:site_name\" content=\"Faculty of Engineering Management\" \/>\n<meta name=\"twitter:label1\" content=\"Est. reading time\" \/>\n\t<meta name=\"twitter:data1\" content=\"3 minutes\" \/>\n<script type=\"application\/ld+json\" class=\"yoast-schema-graph\">{\"@context\":\"https:\/\/schema.org\",\"@graph\":[{\"@type\":\"WebPage\",\"@id\":\"https:\/\/wiz.pb.edu.pl\/en\/faculty\/institutes-and-departments\/department-of-management-economics-and-finance\/\",\"url\":\"https:\/\/wiz.pb.edu.pl\/en\/faculty\/institutes-and-departments\/department-of-management-economics-and-finance\/\",\"name\":\"Department of Management, Economics and Finance - Faculty of Engineering Management\",\"isPartOf\":{\"@id\":\"https:\/\/wiz.pb.edu.pl\/en\/#website\"},\"datePublished\":\"2022-06-14T20:11:34+00:00\",\"description\":\"Head of the Department - Professor Joanna Moczyd\u0142owska, DSc, PhD Department Office: Katarzyna Kondrusik-Ka\u0142ajtan, MSc room: 104 KF +48 85 746 98 20 The\",\"breadcrumb\":{\"@id\":\"https:\/\/wiz.pb.edu.pl\/en\/faculty\/institutes-and-departments\/department-of-management-economics-and-finance\/#breadcrumb\"},\"inLanguage\":\"en-US\",\"potentialAction\":[{\"@type\":\"ReadAction\",\"target\":[\"https:\/\/wiz.pb.edu.pl\/en\/faculty\/institutes-and-departments\/department-of-management-economics-and-finance\/\"]}]},{\"@type\":\"BreadcrumbList\",\"@id\":\"https:\/\/wiz.pb.edu.pl\/en\/faculty\/institutes-and-departments\/department-of-management-economics-and-finance\/#breadcrumb\",\"itemListElement\":[{\"@type\":\"ListItem\",\"position\":1,\"name\":\"Strona g\u0142\u00f3wna\",\"item\":\"https:\/\/wiz.pb.edu.pl\/en\/\"},{\"@type\":\"ListItem\",\"position\":2,\"name\":\"Faculty\",\"item\":\"https:\/\/wiz.pb.edu.pl\/en\/faculty\/\"},{\"@type\":\"ListItem\",\"position\":3,\"name\":\"Institutes and Departments\",\"item\":\"https:\/\/wiz.pb.edu.pl\/en\/faculty\/institutes-and-departments\/\"},{\"@type\":\"ListItem\",\"position\":4,\"name\":\"Department of Management, Economics and Finance\"}]},{\"@type\":\"WebSite\",\"@id\":\"https:\/\/wiz.pb.edu.pl\/en\/#website\",\"url\":\"https:\/\/wiz.pb.edu.pl\/en\/\",\"name\":\"Faculty of Engineering Management\",\"description\":\"\",\"potentialAction\":[{\"@type\":\"SearchAction\",\"target\":{\"@type\":\"EntryPoint\",\"urlTemplate\":\"https:\/\/wiz.pb.edu.pl\/en\/?s={search_term_string}\"},\"query-input\":{\"@type\":\"PropertyValueSpecification\",\"valueRequired\":true,\"valueName\":\"search_term_string\"}}],\"inLanguage\":\"en-US\"}]}<\/script>\n<!-- \/ Yoast SEO plugin. -->","yoast_head_json":{"title":"Department of Management, Economics and Finance - Faculty of Engineering Management","description":"Head of the Department - Professor Joanna Moczyd\u0142owska, DSc, PhD Department Office: Katarzyna Kondrusik-Ka\u0142ajtan, MSc room: 104 KF +48 85 746 98 20 The","robots":{"index":"index","follow":"follow","max-snippet":"max-snippet:-1","max-image-preview":"max-image-preview:large","max-video-preview":"max-video-preview:-1"},"canonical":"https:\/\/wiz.pb.edu.pl\/en\/faculty\/institutes-and-departments\/department-of-management-economics-and-finance\/","og_locale":"en_US","og_type":"article","og_title":"Department of Management, Economics and Finance - Faculty of Engineering Management","og_description":"Head of the Department - Professor Joanna Moczyd\u0142owska, DSc, PhD Department Office: Katarzyna Kondrusik-Ka\u0142ajtan, MSc room: 104 KF +48 85 746 98 20 The","og_url":"https:\/\/wiz.pb.edu.pl\/en\/faculty\/institutes-and-departments\/department-of-management-economics-and-finance\/","og_site_name":"Faculty of Engineering Management","twitter_misc":{"Est. reading time":"3 minutes"},"schema":{"@context":"https:\/\/schema.org","@graph":[{"@type":"WebPage","@id":"https:\/\/wiz.pb.edu.pl\/en\/faculty\/institutes-and-departments\/department-of-management-economics-and-finance\/","url":"https:\/\/wiz.pb.edu.pl\/en\/faculty\/institutes-and-departments\/department-of-management-economics-and-finance\/","name":"Department of Management, Economics and Finance - Faculty of Engineering Management","isPartOf":{"@id":"https:\/\/wiz.pb.edu.pl\/en\/#website"},"datePublished":"2022-06-14T20:11:34+00:00","description":"Head of the Department - Professor Joanna Moczyd\u0142owska, DSc, PhD Department Office: Katarzyna Kondrusik-Ka\u0142ajtan, MSc room: 104 KF +48 85 746 98 20 The","breadcrumb":{"@id":"https:\/\/wiz.pb.edu.pl\/en\/faculty\/institutes-and-departments\/department-of-management-economics-and-finance\/#breadcrumb"},"inLanguage":"en-US","potentialAction":[{"@type":"ReadAction","target":["https:\/\/wiz.pb.edu.pl\/en\/faculty\/institutes-and-departments\/department-of-management-economics-and-finance\/"]}]},{"@type":"BreadcrumbList","@id":"https:\/\/wiz.pb.edu.pl\/en\/faculty\/institutes-and-departments\/department-of-management-economics-and-finance\/#breadcrumb","itemListElement":[{"@type":"ListItem","position":1,"name":"Strona g\u0142\u00f3wna","item":"https:\/\/wiz.pb.edu.pl\/en\/"},{"@type":"ListItem","position":2,"name":"Faculty","item":"https:\/\/wiz.pb.edu.pl\/en\/faculty\/"},{"@type":"ListItem","position":3,"name":"Institutes and Departments","item":"https:\/\/wiz.pb.edu.pl\/en\/faculty\/institutes-and-departments\/"},{"@type":"ListItem","position":4,"name":"Department of Management, Economics and Finance"}]},{"@type":"WebSite","@id":"https:\/\/wiz.pb.edu.pl\/en\/#website","url":"https:\/\/wiz.pb.edu.pl\/en\/","name":"Faculty of Engineering Management","description":"","potentialAction":[{"@type":"SearchAction","target":{"@type":"EntryPoint","urlTemplate":"https:\/\/wiz.pb.edu.pl\/en\/?s={search_term_string}"},"query-input":{"@type":"PropertyValueSpecification","valueRequired":true,"valueName":"search_term_string"}}],"inLanguage":"en-US"}]}},"_links":{"self":[{"href":"https:\/\/wiz.pb.edu.pl\/en\/wp-json\/wp\/v2\/pages\/23685","targetHints":{"allow":["GET"]}}],"collection":[{"href":"https:\/\/wiz.pb.edu.pl\/en\/wp-json\/wp\/v2\/pages"}],"about":[{"href":"https:\/\/wiz.pb.edu.pl\/en\/wp-json\/wp\/v2\/types\/page"}],"author":[{"embeddable":true,"href":"https:\/\/wiz.pb.edu.pl\/en\/wp-json\/wp\/v2\/users\/2"}],"replies":[{"embeddable":true,"href":"https:\/\/wiz.pb.edu.pl\/en\/wp-json\/wp\/v2\/comments?post=23685"}],"version-history":[{"count":1,"href":"https:\/\/wiz.pb.edu.pl\/en\/wp-json\/wp\/v2\/pages\/23685\/revisions"}],"predecessor-version":[{"id":23686,"href":"https:\/\/wiz.pb.edu.pl\/en\/wp-json\/wp\/v2\/pages\/23685\/revisions\/23686"}],"up":[{"embeddable":true,"href":"https:\/\/wiz.pb.edu.pl\/en\/wp-json\/wp\/v2\/pages\/23558"}],"wp:attachment":[{"href":"https:\/\/wiz.pb.edu.pl\/en\/wp-json\/wp\/v2\/media?parent=23685"}],"curies":[{"name":"wp","href":"https:\/\/api.w.org\/{rel}","templated":true}]}}