{"id":23673,"date":"2018-03-16T22:53:04","date_gmt":"2018-03-16T21:53:04","guid":{"rendered":"https:\/\/wiz.pb.edu.pl\/projects\/lt-pl-cooplatform\/"},"modified":"2022-06-14T22:01:27","modified_gmt":"2022-06-14T20:01:27","slug":"lt-pl-cooplatform","status":"publish","type":"page","link":"https:\/\/wiz.pb.edu.pl\/en\/projects\/lt-pl-cooplatform\/","title":{"rendered":"LT-PL CooPlatform"},"content":{"rendered":"<div class=\"h3\"><img loading=\"lazy\" decoding=\"async\" class=\"wp-image-485 alignleft\" src=\"https:\/\/wiz.pb.edu.pl\/en\/wp-content\/uploads\/sites\/2\/2018\/04\/Interreg1-768x278.jpg\" alt=\"\" width=\"400\" height=\"145\">LT \u2013 PL cooperation platform supporting newly established business and promoting entrepreneurship<\/div>\n<p>Project overall objective is to promote business creation, development and cooperation through improved business support services in Cooperation Programme area by knowledge and good practice sharing in business support organizations and mentoring of youth and other members of society in order to increase quality of business support services, quantity of new established entities and regional economic growth.<\/p>\n<p>Lead beneficiary institution: Kaunas University of Technology (Lithuania). Beneficiary institutions: Alytus College (Lithuania), Taurage District Municipality Administration (Lithuania), Kaunas Chamber of Commerce Industry and Crafts (Lithuania), Bialystok University of Technology (Poland), Science and Technology Park Poland-East in Suwalki Sp. z o.o. (Poland).<\/p>\n<p>Project LT-PL CooPlatform is going to be implemented in close cooperation between the beneficiaries and involving some or all of the project beneficiaries in every activity. All project partners have their own tasks and responsibilities in order to implement project in the best and most effective way. Closer cooperation between project partners from different areas and different organizations (universities, municipality, science and technology parks, chamber of commerce) will create LT-PL Cooperation Platform with more open-minded communities, capable of engaging in sustainable cooperation and will positively contribute all the society.<\/p>\n<p>During the project implementation period project business support organizations will work with youth and other society with the aim to create innovative or other possible business entities. The best ideas and the best teams of target group will get support from business support organizations during project period as well after the project implementation time.<\/p>\n<div class=\"h3\">Activities of the project:<\/div>\n<ul>\n<li>Project management activity<\/li>\n<li>LT-PL CooPlatform development activity<\/li>\n<li>Mentoring and training activity<\/li>\n<li>Information and publicity activity<\/li>\n<li>Closing activity<\/li>\n<\/ul>\n<div class=\"h3\">Indicators of project:<\/div>\n<ul>\n<li>Competitions and international trainings with workshop<\/li>\n<li>On-line trainings with advisory external experts<\/li>\n<li>Partners meeting<\/li>\n<li>Kick-off<\/li>\n<li>Final meeting<\/li>\n<li>Local entrepreneurship event<\/li>\n<li>Experience exchange meeting<\/li>\n<li>Two multilingual guidelines \u201eGood practice of launching entrepreneur\u201d and \u201eGood practice of accelerating business entities\u201d.<\/li>\n<\/ul>\n<p>All project activities are focused on strengthening the quality of business support organizations services in Cooperation Programme area by knowledge and good practice sharing between business support organizations and training of business support organization personnel in order to provide qualified services to new entrepreneurs, also mentoring of youth and other members of society in order to quantity and quality of new established, especially innovative business entities.<\/p>\n<p>&nbsp;<\/p>\n<div class=\"h3\">Basic information about project<\/div>\n<p>Total costs of the project: 410&nbsp;286,88 euro<\/p>\n<p>Total ERDF support: 348&nbsp;743,83 euro (85%)<\/p>\n<p>Start date of the project activities: 01.02.2017<\/p>\n<p class=\"text-justify\">Project duration: 18 months&nbsp;&nbsp;<\/p>\n<div class=\"h3\">Contact<\/div>\n<div class=\"h4\">Project team<\/div>\n<div class=\"h4\">Project coordinator at Bialystok University of Technology<\/div>\n<p>Ewa Gli\u0144ska, PhD<br \/>\n <i class=\"fa fa-envelope-o\" aria-hidden=\"true\"><\/i> <a href=\"#\" rel=\"nofollow\"  onclick=\"this.href='mailto:' + 'e.glinska' + '@' + 'pb.edu.pl'\">e.glinska [at] pb.edu.pl<\/a>\n&nbsp;<\/p>\n<p>Joanna Ejdys, PhD, Assoc. Prof.<br \/>\n <i class=\"fa fa-envelope-o\" aria-hidden=\"true\"><\/i> <a href=\"#\" rel=\"nofollow\"  onclick=\"this.href='mailto:' + 'j.ejdys' + '@' + 'pb.edu.pl'\">j.ejdys [at] pb.edu.pl<\/a>\n&nbsp;<\/p>\n<p>Marta Jarocka, PhD<br \/>\n <i class=\"fa fa-envelope-o\" aria-hidden=\"true\"><\/i> <a href=\"#\" rel=\"nofollow\"  onclick=\"this.href='mailto:' + 'm.jarocka' + '@' + 'pb.edu.pl'\">m.jarocka [at] pb.edu.pl<\/a>\n&nbsp;<\/p>\n<p>Urszula Kobyli\u0144ska, PhD<br \/>\n <i class=\"fa fa-envelope-o\" aria-hidden=\"true\"><\/i> <a href=\"#\" rel=\"nofollow\"  onclick=\"this.href='mailto:' + 'u.kobylinska' + '@' + 'pb.edu.pl'\">u.kobylinska [at] pb.edu.pl<\/a>\n&nbsp;<\/p>\n<p>Joanna Godlewska, PhD<br \/>\n <i class=\"fa fa-envelope-o\" aria-hidden=\"true\"><\/i> <a href=\"#\" rel=\"nofollow\"  onclick=\"this.href='mailto:' + 'j.godlewska' + '@' + 'pb.edu.pl'\">j.godlewska [at] pb.edu.pl<\/a>\n&nbsp;<\/p>\n<p>Ewelina Tomaszewska, MA<br \/>\n <i class=\"fa fa-envelope-o\" aria-hidden=\"true\"><\/i> <a href=\"#\" rel=\"nofollow\"  onclick=\"this.href='mailto:' + 'e.tomaszewska' + '@' + 'pb.edu.pl'\">e.tomaszewska [at] pb.edu.pl<\/a>\n&nbsp;<\/p>\n<div class=\"h4\">Project Office address<\/div>\n<p>Wydzia\u0142 Zarz\u0105dzania Politechniki Bia\u0142ostockiej<br \/>\n16-001 Kleosin, ul. Ojca Tarasiuka 2, pok. 111 KS<br \/>\n<i class=\"fa fa-phone\" aria-hidden=\"true\"><\/i> +48 85 746-98-48<\/p>\n<p><a title=\"CooPlatform will open on a new website\" href=\"https:\/\/www.facebook.com\/CooPlatform\/\" target=\"_blank\" rel=\"noopener\">https:\/\/www.facebook.com\/CooPlatform\/<\/a><\/p>\n<p>&nbsp;<\/p>\n","protected":false},"excerpt":{"rendered":"<p>LT \u2013 PL cooperation platform supporting newly established business and promoting entrepreneurship Project overall objective<a class=\"read-more\" href=\"https:\/\/wiz.pb.edu.pl\/en\/projects\/lt-pl-cooplatform\/\" title=\"Poka\u017c artyku\u0142 LT-PL CooPlatform\">more<\/a><\/p>\n","protected":false},"author":2,"featured_media":0,"parent":23666,"menu_order":4,"comment_status":"closed","ping_status":"closed","template":"","meta":{"inline_featured_image":false,"ngg_post_thumbnail":0,"footnotes":""},"class_list":["post-23673","page","type-page","status-publish","hentry"],"acf":[],"yoast_head":"<!-- This site is optimized with the Yoast SEO plugin v26.4 - https:\/\/yoast.com\/wordpress\/plugins\/seo\/ -->\n<title>LT-PL CooPlatform - Faculty of Engineering Management<\/title>\n<meta name=\"description\" content=\"LT \u2013 PL cooperation platform supporting newly established business and promoting entrepreneurship Project overall objective is to promote business\" \/>\n<meta name=\"robots\" content=\"index, follow, max-snippet:-1, max-image-preview:large, max-video-preview:-1\" \/>\n<link rel=\"canonical\" href=\"https:\/\/wiz.pb.edu.pl\/en\/projects\/lt-pl-cooplatform\/\" \/>\n<meta property=\"og:locale\" content=\"en_US\" \/>\n<meta property=\"og:type\" content=\"article\" \/>\n<meta property=\"og:title\" content=\"LT-PL CooPlatform - Faculty of Engineering Management\" \/>\n<meta property=\"og:description\" content=\"LT \u2013 PL cooperation platform supporting newly established business and promoting entrepreneurship Project overall objective is to promote business\" \/>\n<meta property=\"og:url\" content=\"https:\/\/wiz.pb.edu.pl\/en\/projects\/lt-pl-cooplatform\/\" \/>\n<meta property=\"og:site_name\" content=\"Faculty of Engineering Management\" \/>\n<meta property=\"article:modified_time\" content=\"2022-06-14T20:01:27+00:00\" \/>\n<meta property=\"og:image\" content=\"https:\/\/wiz.pb.edu.pl\/en\/wp-content\/uploads\/sites\/2\/2018\/04\/Interreg1-768x278.jpg\" \/>\n<meta name=\"twitter:label1\" content=\"Est. reading time\" \/>\n\t<meta name=\"twitter:data1\" content=\"3 minutes\" \/>\n<script type=\"application\/ld+json\" class=\"yoast-schema-graph\">{\"@context\":\"https:\/\/schema.org\",\"@graph\":[{\"@type\":\"WebPage\",\"@id\":\"https:\/\/wiz.pb.edu.pl\/en\/projects\/lt-pl-cooplatform\/\",\"url\":\"https:\/\/wiz.pb.edu.pl\/en\/projects\/lt-pl-cooplatform\/\",\"name\":\"LT-PL CooPlatform - Faculty of Engineering Management\",\"isPartOf\":{\"@id\":\"https:\/\/wiz.pb.edu.pl\/en\/#website\"},\"primaryImageOfPage\":{\"@id\":\"https:\/\/wiz.pb.edu.pl\/en\/projects\/lt-pl-cooplatform\/#primaryimage\"},\"image\":{\"@id\":\"https:\/\/wiz.pb.edu.pl\/en\/projects\/lt-pl-cooplatform\/#primaryimage\"},\"thumbnailUrl\":\"https:\/\/wiz.pb.edu.pl\/en\/wp-content\/uploads\/sites\/2\/2018\/04\/Interreg1-768x278.jpg\",\"datePublished\":\"2018-03-16T21:53:04+00:00\",\"dateModified\":\"2022-06-14T20:01:27+00:00\",\"description\":\"LT \u2013 PL cooperation platform supporting newly established business and promoting entrepreneurship Project overall objective is to promote business\",\"breadcrumb\":{\"@id\":\"https:\/\/wiz.pb.edu.pl\/en\/projects\/lt-pl-cooplatform\/#breadcrumb\"},\"inLanguage\":\"en-US\",\"potentialAction\":[{\"@type\":\"ReadAction\",\"target\":[\"https:\/\/wiz.pb.edu.pl\/en\/projects\/lt-pl-cooplatform\/\"]}]},{\"@type\":\"ImageObject\",\"inLanguage\":\"en-US\",\"@id\":\"https:\/\/wiz.pb.edu.pl\/en\/projects\/lt-pl-cooplatform\/#primaryimage\",\"url\":\"https:\/\/wiz.pb.edu.pl\/en\/wp-content\/uploads\/sites\/2\/2018\/04\/Interreg1-768x278.jpg\",\"contentUrl\":\"https:\/\/wiz.pb.edu.pl\/en\/wp-content\/uploads\/sites\/2\/2018\/04\/Interreg1-768x278.jpg\"},{\"@type\":\"BreadcrumbList\",\"@id\":\"https:\/\/wiz.pb.edu.pl\/en\/projects\/lt-pl-cooplatform\/#breadcrumb\",\"itemListElement\":[{\"@type\":\"ListItem\",\"position\":1,\"name\":\"Strona g\u0142\u00f3wna\",\"item\":\"https:\/\/wiz.pb.edu.pl\/en\/\"},{\"@type\":\"ListItem\",\"position\":2,\"name\":\"Projects\",\"item\":\"https:\/\/wiz.pb.edu.pl\/en\/projects\/\"},{\"@type\":\"ListItem\",\"position\":3,\"name\":\"LT-PL CooPlatform\"}]},{\"@type\":\"WebSite\",\"@id\":\"https:\/\/wiz.pb.edu.pl\/en\/#website\",\"url\":\"https:\/\/wiz.pb.edu.pl\/en\/\",\"name\":\"Faculty of Engineering Management\",\"description\":\"\",\"potentialAction\":[{\"@type\":\"SearchAction\",\"target\":{\"@type\":\"EntryPoint\",\"urlTemplate\":\"https:\/\/wiz.pb.edu.pl\/en\/?s={search_term_string}\"},\"query-input\":{\"@type\":\"PropertyValueSpecification\",\"valueRequired\":true,\"valueName\":\"search_term_string\"}}],\"inLanguage\":\"en-US\"}]}<\/script>\n<!-- \/ Yoast SEO plugin. -->","yoast_head_json":{"title":"LT-PL CooPlatform - Faculty of Engineering Management","description":"LT \u2013 PL cooperation platform supporting newly established business and promoting entrepreneurship Project overall objective is to promote business","robots":{"index":"index","follow":"follow","max-snippet":"max-snippet:-1","max-image-preview":"max-image-preview:large","max-video-preview":"max-video-preview:-1"},"canonical":"https:\/\/wiz.pb.edu.pl\/en\/projects\/lt-pl-cooplatform\/","og_locale":"en_US","og_type":"article","og_title":"LT-PL CooPlatform - Faculty of Engineering Management","og_description":"LT \u2013 PL cooperation platform supporting newly established business and promoting entrepreneurship Project overall objective is to promote business","og_url":"https:\/\/wiz.pb.edu.pl\/en\/projects\/lt-pl-cooplatform\/","og_site_name":"Faculty of Engineering Management","article_modified_time":"2022-06-14T20:01:27+00:00","og_image":[{"url":"https:\/\/wiz.pb.edu.pl\/en\/wp-content\/uploads\/sites\/2\/2018\/04\/Interreg1-768x278.jpg","type":"","width":"","height":""}],"twitter_misc":{"Est. reading time":"3 minutes"},"schema":{"@context":"https:\/\/schema.org","@graph":[{"@type":"WebPage","@id":"https:\/\/wiz.pb.edu.pl\/en\/projects\/lt-pl-cooplatform\/","url":"https:\/\/wiz.pb.edu.pl\/en\/projects\/lt-pl-cooplatform\/","name":"LT-PL CooPlatform - Faculty of Engineering Management","isPartOf":{"@id":"https:\/\/wiz.pb.edu.pl\/en\/#website"},"primaryImageOfPage":{"@id":"https:\/\/wiz.pb.edu.pl\/en\/projects\/lt-pl-cooplatform\/#primaryimage"},"image":{"@id":"https:\/\/wiz.pb.edu.pl\/en\/projects\/lt-pl-cooplatform\/#primaryimage"},"thumbnailUrl":"https:\/\/wiz.pb.edu.pl\/en\/wp-content\/uploads\/sites\/2\/2018\/04\/Interreg1-768x278.jpg","datePublished":"2018-03-16T21:53:04+00:00","dateModified":"2022-06-14T20:01:27+00:00","description":"LT \u2013 PL cooperation platform supporting newly established business and promoting entrepreneurship Project overall objective is to promote business","breadcrumb":{"@id":"https:\/\/wiz.pb.edu.pl\/en\/projects\/lt-pl-cooplatform\/#breadcrumb"},"inLanguage":"en-US","potentialAction":[{"@type":"ReadAction","target":["https:\/\/wiz.pb.edu.pl\/en\/projects\/lt-pl-cooplatform\/"]}]},{"@type":"ImageObject","inLanguage":"en-US","@id":"https:\/\/wiz.pb.edu.pl\/en\/projects\/lt-pl-cooplatform\/#primaryimage","url":"https:\/\/wiz.pb.edu.pl\/en\/wp-content\/uploads\/sites\/2\/2018\/04\/Interreg1-768x278.jpg","contentUrl":"https:\/\/wiz.pb.edu.pl\/en\/wp-content\/uploads\/sites\/2\/2018\/04\/Interreg1-768x278.jpg"},{"@type":"BreadcrumbList","@id":"https:\/\/wiz.pb.edu.pl\/en\/projects\/lt-pl-cooplatform\/#breadcrumb","itemListElement":[{"@type":"ListItem","position":1,"name":"Strona g\u0142\u00f3wna","item":"https:\/\/wiz.pb.edu.pl\/en\/"},{"@type":"ListItem","position":2,"name":"Projects","item":"https:\/\/wiz.pb.edu.pl\/en\/projects\/"},{"@type":"ListItem","position":3,"name":"LT-PL CooPlatform"}]},{"@type":"WebSite","@id":"https:\/\/wiz.pb.edu.pl\/en\/#website","url":"https:\/\/wiz.pb.edu.pl\/en\/","name":"Faculty of Engineering Management","description":"","potentialAction":[{"@type":"SearchAction","target":{"@type":"EntryPoint","urlTemplate":"https:\/\/wiz.pb.edu.pl\/en\/?s={search_term_string}"},"query-input":{"@type":"PropertyValueSpecification","valueRequired":true,"valueName":"search_term_string"}}],"inLanguage":"en-US"}]}},"_links":{"self":[{"href":"https:\/\/wiz.pb.edu.pl\/en\/wp-json\/wp\/v2\/pages\/23673","targetHints":{"allow":["GET"]}}],"collection":[{"href":"https:\/\/wiz.pb.edu.pl\/en\/wp-json\/wp\/v2\/pages"}],"about":[{"href":"https:\/\/wiz.pb.edu.pl\/en\/wp-json\/wp\/v2\/types\/page"}],"author":[{"embeddable":true,"href":"https:\/\/wiz.pb.edu.pl\/en\/wp-json\/wp\/v2\/users\/2"}],"replies":[{"embeddable":true,"href":"https:\/\/wiz.pb.edu.pl\/en\/wp-json\/wp\/v2\/comments?post=23673"}],"version-history":[{"count":1,"href":"https:\/\/wiz.pb.edu.pl\/en\/wp-json\/wp\/v2\/pages\/23673\/revisions"}],"predecessor-version":[{"id":23674,"href":"https:\/\/wiz.pb.edu.pl\/en\/wp-json\/wp\/v2\/pages\/23673\/revisions\/23674"}],"up":[{"embeddable":true,"href":"https:\/\/wiz.pb.edu.pl\/en\/wp-json\/wp\/v2\/pages\/23666"}],"wp:attachment":[{"href":"https:\/\/wiz.pb.edu.pl\/en\/wp-json\/wp\/v2\/media?parent=23673"}],"curies":[{"name":"wp","href":"https:\/\/api.w.org\/{rel}","templated":true}]}}