{"id":47,"date":"2023-09-18T23:53:55","date_gmt":"2023-09-18T21:53:55","guid":{"rendered":"https:\/\/wiz.pb.edu.pl\/akademia-zarzadzania\/?page_id=47"},"modified":"2023-09-18T23:56:19","modified_gmt":"2023-09-18T21:56:19","slug":"redakcja-serwisu-www","status":"publish","type":"page","link":"https:\/\/wiz.pb.edu.pl\/akademia-zarzadzania\/redakcja-serwisu-www\/","title":{"rendered":"Redakcja serwisu www"},"content":{"rendered":"<p>Uwagi dotycz\u0105ce <strong>funkcjonowania<\/strong> oraz <strong>zawarto\u015bci (opisy, fotografie itp.)<\/strong> poszczeg\u00f3lnych stron www serwisu prosz\u0119 przysy\u0142a\u0107 na adres: <i class=\"fal fa-envelope\"><\/i> <a href=\"#\" rel=\"nofollow\"  onclick=\"this.href='mailto:' + 't.trochimczuk' + '@' + 'pb.edu.pl'\">t.trochimczuk [at] pb.edu.pl<\/a>\n","protected":false},"excerpt":{"rendered":"<p>Uwagi dotycz\u0105ce funkcjonowania oraz zawarto\u015bci (opisy, fotografie itp.) poszczeg\u00f3lnych stron www serwisu prosz\u0119 przysy\u0142a\u0107 na<a class=\"read-more\" href=\"https:\/\/wiz.pb.edu.pl\/akademia-zarzadzania\/redakcja-serwisu-www\/\" title=\"Poka\u017c artyku\u0142 Redakcja serwisu www\">wi\u0119cej<\/a><\/p>\n","protected":false},"author":2,"featured_media":0,"parent":0,"menu_order":7,"comment_status":"closed","ping_status":"closed","template":"","meta":{"inline_featured_image":false,"ngg_post_thumbnail":0,"footnotes":""},"class_list":["post-47","page","type-page","status-publish","hentry"],"acf":[],"yoast_head":"<!-- This site is optimized with the Yoast SEO plugin v26.4 - https:\/\/yoast.com\/wordpress\/plugins\/seo\/ -->\n<title>Redakcja serwisu www - Akademia Zarz\u0105dzania<\/title>\n<meta name=\"robots\" content=\"index, follow, max-snippet:-1, max-image-preview:large, max-video-preview:-1\" \/>\n<link rel=\"canonical\" href=\"https:\/\/wiz.pb.edu.pl\/akademia-zarzadzania\/redakcja-serwisu-www\/\" \/>\n<meta property=\"og:locale\" content=\"pl_PL\" \/>\n<meta property=\"og:type\" content=\"article\" \/>\n<meta property=\"og:title\" content=\"Redakcja serwisu www - Akademia Zarz\u0105dzania\" \/>\n<meta property=\"og:description\" content=\"Uwagi dotycz\u0105ce funkcjonowania oraz zawarto\u015bci (opisy, fotografie itp.) poszczeg\u00f3lnych stron www serwisu prosz\u0119 przysy\u0142a\u0107 nawi\u0119cej\" \/>\n<meta property=\"og:url\" content=\"https:\/\/wiz.pb.edu.pl\/akademia-zarzadzania\/redakcja-serwisu-www\/\" \/>\n<meta property=\"og:site_name\" content=\"Akademia Zarz\u0105dzania\" \/>\n<meta property=\"article:modified_time\" content=\"2023-09-18T21:56:19+00:00\" \/>\n<meta name=\"twitter:card\" content=\"summary_large_image\" \/>\n<meta name=\"twitter:label1\" content=\"Szacowany czas czytania\" \/>\n\t<meta name=\"twitter:data1\" content=\"1 minuta\" \/>\n<script type=\"application\/ld+json\" class=\"yoast-schema-graph\">{\"@context\":\"https:\/\/schema.org\",\"@graph\":[{\"@type\":\"WebPage\",\"@id\":\"https:\/\/wiz.pb.edu.pl\/akademia-zarzadzania\/redakcja-serwisu-www\/\",\"url\":\"https:\/\/wiz.pb.edu.pl\/akademia-zarzadzania\/redakcja-serwisu-www\/\",\"name\":\"Redakcja serwisu www - Akademia Zarz\u0105dzania\",\"isPartOf\":{\"@id\":\"https:\/\/wiz.pb.edu.pl\/akademia-zarzadzania\/#website\"},\"datePublished\":\"2023-09-18T21:53:55+00:00\",\"dateModified\":\"2023-09-18T21:56:19+00:00\",\"breadcrumb\":{\"@id\":\"https:\/\/wiz.pb.edu.pl\/akademia-zarzadzania\/redakcja-serwisu-www\/#breadcrumb\"},\"inLanguage\":\"pl-PL\",\"potentialAction\":[{\"@type\":\"ReadAction\",\"target\":[\"https:\/\/wiz.pb.edu.pl\/akademia-zarzadzania\/redakcja-serwisu-www\/\"]}]},{\"@type\":\"BreadcrumbList\",\"@id\":\"https:\/\/wiz.pb.edu.pl\/akademia-zarzadzania\/redakcja-serwisu-www\/#breadcrumb\",\"itemListElement\":[{\"@type\":\"ListItem\",\"position\":1,\"name\":\"Strona g\u0142\u00f3wna\",\"item\":\"https:\/\/wiz.pb.edu.pl\/akademia-zarzadzania\/\"},{\"@type\":\"ListItem\",\"position\":2,\"name\":\"Redakcja serwisu www\"}]},{\"@type\":\"WebSite\",\"@id\":\"https:\/\/wiz.pb.edu.pl\/akademia-zarzadzania\/#website\",\"url\":\"https:\/\/wiz.pb.edu.pl\/akademia-zarzadzania\/\",\"name\":\"Akademia Zarz\u0105dzania\",\"description\":\"\",\"potentialAction\":[{\"@type\":\"SearchAction\",\"target\":{\"@type\":\"EntryPoint\",\"urlTemplate\":\"https:\/\/wiz.pb.edu.pl\/akademia-zarzadzania\/?s={search_term_string}\"},\"query-input\":{\"@type\":\"PropertyValueSpecification\",\"valueRequired\":true,\"valueName\":\"search_term_string\"}}],\"inLanguage\":\"pl-PL\"}]}<\/script>\n<!-- \/ Yoast SEO plugin. -->","yoast_head_json":{"title":"Redakcja serwisu www - Akademia Zarz\u0105dzania","robots":{"index":"index","follow":"follow","max-snippet":"max-snippet:-1","max-image-preview":"max-image-preview:large","max-video-preview":"max-video-preview:-1"},"canonical":"https:\/\/wiz.pb.edu.pl\/akademia-zarzadzania\/redakcja-serwisu-www\/","og_locale":"pl_PL","og_type":"article","og_title":"Redakcja serwisu www - Akademia Zarz\u0105dzania","og_description":"Uwagi dotycz\u0105ce funkcjonowania oraz zawarto\u015bci (opisy, fotografie itp.) poszczeg\u00f3lnych stron www serwisu prosz\u0119 przysy\u0142a\u0107 nawi\u0119cej","og_url":"https:\/\/wiz.pb.edu.pl\/akademia-zarzadzania\/redakcja-serwisu-www\/","og_site_name":"Akademia Zarz\u0105dzania","article_modified_time":"2023-09-18T21:56:19+00:00","twitter_card":"summary_large_image","twitter_misc":{"Szacowany czas czytania":"1 minuta"},"schema":{"@context":"https:\/\/schema.org","@graph":[{"@type":"WebPage","@id":"https:\/\/wiz.pb.edu.pl\/akademia-zarzadzania\/redakcja-serwisu-www\/","url":"https:\/\/wiz.pb.edu.pl\/akademia-zarzadzania\/redakcja-serwisu-www\/","name":"Redakcja serwisu www - Akademia Zarz\u0105dzania","isPartOf":{"@id":"https:\/\/wiz.pb.edu.pl\/akademia-zarzadzania\/#website"},"datePublished":"2023-09-18T21:53:55+00:00","dateModified":"2023-09-18T21:56:19+00:00","breadcrumb":{"@id":"https:\/\/wiz.pb.edu.pl\/akademia-zarzadzania\/redakcja-serwisu-www\/#breadcrumb"},"inLanguage":"pl-PL","potentialAction":[{"@type":"ReadAction","target":["https:\/\/wiz.pb.edu.pl\/akademia-zarzadzania\/redakcja-serwisu-www\/"]}]},{"@type":"BreadcrumbList","@id":"https:\/\/wiz.pb.edu.pl\/akademia-zarzadzania\/redakcja-serwisu-www\/#breadcrumb","itemListElement":[{"@type":"ListItem","position":1,"name":"Strona g\u0142\u00f3wna","item":"https:\/\/wiz.pb.edu.pl\/akademia-zarzadzania\/"},{"@type":"ListItem","position":2,"name":"Redakcja serwisu www"}]},{"@type":"WebSite","@id":"https:\/\/wiz.pb.edu.pl\/akademia-zarzadzania\/#website","url":"https:\/\/wiz.pb.edu.pl\/akademia-zarzadzania\/","name":"Akademia Zarz\u0105dzania","description":"","potentialAction":[{"@type":"SearchAction","target":{"@type":"EntryPoint","urlTemplate":"https:\/\/wiz.pb.edu.pl\/akademia-zarzadzania\/?s={search_term_string}"},"query-input":{"@type":"PropertyValueSpecification","valueRequired":true,"valueName":"search_term_string"}}],"inLanguage":"pl-PL"}]}},"_links":{"self":[{"href":"https:\/\/wiz.pb.edu.pl\/akademia-zarzadzania\/wp-json\/wp\/v2\/pages\/47","targetHints":{"allow":["GET"]}}],"collection":[{"href":"https:\/\/wiz.pb.edu.pl\/akademia-zarzadzania\/wp-json\/wp\/v2\/pages"}],"about":[{"href":"https:\/\/wiz.pb.edu.pl\/akademia-zarzadzania\/wp-json\/wp\/v2\/types\/page"}],"author":[{"embeddable":true,"href":"https:\/\/wiz.pb.edu.pl\/akademia-zarzadzania\/wp-json\/wp\/v2\/users\/2"}],"replies":[{"embeddable":true,"href":"https:\/\/wiz.pb.edu.pl\/akademia-zarzadzania\/wp-json\/wp\/v2\/comments?post=47"}],"version-history":[{"count":3,"href":"https:\/\/wiz.pb.edu.pl\/akademia-zarzadzania\/wp-json\/wp\/v2\/pages\/47\/revisions"}],"predecessor-version":[{"id":50,"href":"https:\/\/wiz.pb.edu.pl\/akademia-zarzadzania\/wp-json\/wp\/v2\/pages\/47\/revisions\/50"}],"wp:attachment":[{"href":"https:\/\/wiz.pb.edu.pl\/akademia-zarzadzania\/wp-json\/wp\/v2\/media?parent=47"}],"curies":[{"name":"wp","href":"https:\/\/api.w.org\/{rel}","templated":true}]}}