{"id":36,"date":"2023-09-18T23:33:32","date_gmt":"2023-09-18T21:33:32","guid":{"rendered":"https:\/\/wiz.pb.edu.pl\/akademia-zarzadzania\/?page_id=36"},"modified":"2023-09-20T10:39:37","modified_gmt":"2023-09-20T08:39:37","slug":"kontakt","status":"publish","type":"page","link":"https:\/\/wiz.pb.edu.pl\/akademia-zarzadzania\/kontakt\/","title":{"rendered":"Kontakt"},"content":{"rendered":"<p><span style=\"font-size: 14pt\"><strong>REDAKCJA CZASOPISMA \u201eAKADEMIA ZARZ\u0104DZANIA<\/strong><strong>\u201d<\/strong><\/span><\/p>\n<p>Wydzia\u0142 In\u017cynierii Zarz\u0105dzania<br \/>\nPolitechnika Bia\u0142ostocka<br \/>\nul. O.S. Tarasiuka 2, p. 213 KF<br \/>\n16-001 Kleosin<br \/>\ntel. 85 746 98 28<\/p>\n<p>e-mail: <a href=\"mailto:j.szydlo@pb.edu.pl\">j.szydlo@pb.edu.pl<\/a><\/p>\n<p>&nbsp;<\/p>\n<p><span style=\"font-size: 14pt\"><strong>PATRONAT<\/strong><\/span><\/p>\n<p>Towarzystwa Naukowego Organizacji i Kierownictwa<\/p>\n<p><img loading=\"lazy\" decoding=\"async\" class=\"alignnone size-full wp-image-76\" src=\"https:\/\/wiz.pb.edu.pl\/akademia-zarzadzania\/wp-content\/uploads\/sites\/3\/2023\/09\/tnoik-miniatura.jpg\" alt=\"\" width=\"300\" height=\"175\"><\/p>\n","protected":false},"excerpt":{"rendered":"<p>REDAKCJA CZASOPISMA \u201eAKADEMIA ZARZ\u0104DZANIA\u201d Wydzia\u0142 In\u017cynierii Zarz\u0105dzania Politechnika Bia\u0142ostocka ul. O.S. Tarasiuka 2, p. 213<a class=\"read-more\" href=\"https:\/\/wiz.pb.edu.pl\/akademia-zarzadzania\/kontakt\/\" title=\"Poka\u017c artyku\u0142 Kontakt\">wi\u0119cej<\/a><\/p>\n","protected":false},"author":2,"featured_media":0,"parent":0,"menu_order":5,"comment_status":"closed","ping_status":"closed","template":"","meta":{"inline_featured_image":false,"ngg_post_thumbnail":0,"footnotes":""},"class_list":["post-36","page","type-page","status-publish","hentry"],"acf":[],"yoast_head":"<!-- This site is optimized with the Yoast SEO plugin v26.4 - https:\/\/yoast.com\/wordpress\/plugins\/seo\/ -->\n<title>Kontakt - Akademia Zarz\u0105dzania<\/title>\n<meta name=\"robots\" content=\"index, follow, max-snippet:-1, max-image-preview:large, max-video-preview:-1\" \/>\n<link rel=\"canonical\" href=\"https:\/\/wiz.pb.edu.pl\/akademia-zarzadzania\/kontakt\/\" \/>\n<meta property=\"og:locale\" content=\"pl_PL\" \/>\n<meta property=\"og:type\" content=\"article\" \/>\n<meta property=\"og:title\" content=\"Kontakt - Akademia Zarz\u0105dzania\" \/>\n<meta property=\"og:description\" content=\"REDAKCJA CZASOPISMA \u201eAKADEMIA ZARZ\u0104DZANIA\u201d Wydzia\u0142 In\u017cynierii Zarz\u0105dzania Politechnika Bia\u0142ostocka ul. O.S. Tarasiuka 2, p. 213wi\u0119cej\" \/>\n<meta property=\"og:url\" content=\"https:\/\/wiz.pb.edu.pl\/akademia-zarzadzania\/kontakt\/\" \/>\n<meta property=\"og:site_name\" content=\"Akademia Zarz\u0105dzania\" \/>\n<meta property=\"article:modified_time\" content=\"2023-09-20T08:39:37+00:00\" \/>\n<meta property=\"og:image\" content=\"https:\/\/wiz.pb.edu.pl\/akademia-zarzadzania\/wp-content\/uploads\/sites\/3\/2023\/09\/tnoik-miniatura.jpg\" \/>\n<meta name=\"twitter:card\" content=\"summary_large_image\" \/>\n<meta name=\"twitter:label1\" content=\"Szacowany czas czytania\" \/>\n\t<meta name=\"twitter:data1\" content=\"1 minuta\" \/>\n<script type=\"application\/ld+json\" class=\"yoast-schema-graph\">{\"@context\":\"https:\/\/schema.org\",\"@graph\":[{\"@type\":\"WebPage\",\"@id\":\"https:\/\/wiz.pb.edu.pl\/akademia-zarzadzania\/kontakt\/\",\"url\":\"https:\/\/wiz.pb.edu.pl\/akademia-zarzadzania\/kontakt\/\",\"name\":\"Kontakt - Akademia Zarz\u0105dzania\",\"isPartOf\":{\"@id\":\"https:\/\/wiz.pb.edu.pl\/akademia-zarzadzania\/#website\"},\"primaryImageOfPage\":{\"@id\":\"https:\/\/wiz.pb.edu.pl\/akademia-zarzadzania\/kontakt\/#primaryimage\"},\"image\":{\"@id\":\"https:\/\/wiz.pb.edu.pl\/akademia-zarzadzania\/kontakt\/#primaryimage\"},\"thumbnailUrl\":\"https:\/\/wiz.pb.edu.pl\/akademia-zarzadzania\/wp-content\/uploads\/sites\/3\/2023\/09\/tnoik-miniatura.jpg\",\"datePublished\":\"2023-09-18T21:33:32+00:00\",\"dateModified\":\"2023-09-20T08:39:37+00:00\",\"breadcrumb\":{\"@id\":\"https:\/\/wiz.pb.edu.pl\/akademia-zarzadzania\/kontakt\/#breadcrumb\"},\"inLanguage\":\"pl-PL\",\"potentialAction\":[{\"@type\":\"ReadAction\",\"target\":[\"https:\/\/wiz.pb.edu.pl\/akademia-zarzadzania\/kontakt\/\"]}]},{\"@type\":\"ImageObject\",\"inLanguage\":\"pl-PL\",\"@id\":\"https:\/\/wiz.pb.edu.pl\/akademia-zarzadzania\/kontakt\/#primaryimage\",\"url\":\"https:\/\/wiz.pb.edu.pl\/akademia-zarzadzania\/wp-content\/uploads\/sites\/3\/2023\/09\/tnoik-miniatura.jpg\",\"contentUrl\":\"https:\/\/wiz.pb.edu.pl\/akademia-zarzadzania\/wp-content\/uploads\/sites\/3\/2023\/09\/tnoik-miniatura.jpg\",\"width\":300,\"height\":175},{\"@type\":\"BreadcrumbList\",\"@id\":\"https:\/\/wiz.pb.edu.pl\/akademia-zarzadzania\/kontakt\/#breadcrumb\",\"itemListElement\":[{\"@type\":\"ListItem\",\"position\":1,\"name\":\"Strona g\u0142\u00f3wna\",\"item\":\"https:\/\/wiz.pb.edu.pl\/akademia-zarzadzania\/\"},{\"@type\":\"ListItem\",\"position\":2,\"name\":\"Kontakt\"}]},{\"@type\":\"WebSite\",\"@id\":\"https:\/\/wiz.pb.edu.pl\/akademia-zarzadzania\/#website\",\"url\":\"https:\/\/wiz.pb.edu.pl\/akademia-zarzadzania\/\",\"name\":\"Akademia Zarz\u0105dzania\",\"description\":\"\",\"potentialAction\":[{\"@type\":\"SearchAction\",\"target\":{\"@type\":\"EntryPoint\",\"urlTemplate\":\"https:\/\/wiz.pb.edu.pl\/akademia-zarzadzania\/?s={search_term_string}\"},\"query-input\":{\"@type\":\"PropertyValueSpecification\",\"valueRequired\":true,\"valueName\":\"search_term_string\"}}],\"inLanguage\":\"pl-PL\"}]}<\/script>\n<!-- \/ Yoast SEO plugin. -->","yoast_head_json":{"title":"Kontakt - Akademia Zarz\u0105dzania","robots":{"index":"index","follow":"follow","max-snippet":"max-snippet:-1","max-image-preview":"max-image-preview:large","max-video-preview":"max-video-preview:-1"},"canonical":"https:\/\/wiz.pb.edu.pl\/akademia-zarzadzania\/kontakt\/","og_locale":"pl_PL","og_type":"article","og_title":"Kontakt - Akademia Zarz\u0105dzania","og_description":"REDAKCJA CZASOPISMA \u201eAKADEMIA ZARZ\u0104DZANIA\u201d Wydzia\u0142 In\u017cynierii Zarz\u0105dzania Politechnika Bia\u0142ostocka ul. O.S. Tarasiuka 2, p. 213wi\u0119cej","og_url":"https:\/\/wiz.pb.edu.pl\/akademia-zarzadzania\/kontakt\/","og_site_name":"Akademia Zarz\u0105dzania","article_modified_time":"2023-09-20T08:39:37+00:00","og_image":[{"url":"https:\/\/wiz.pb.edu.pl\/akademia-zarzadzania\/wp-content\/uploads\/sites\/3\/2023\/09\/tnoik-miniatura.jpg","type":"","width":"","height":""}],"twitter_card":"summary_large_image","twitter_misc":{"Szacowany czas czytania":"1 minuta"},"schema":{"@context":"https:\/\/schema.org","@graph":[{"@type":"WebPage","@id":"https:\/\/wiz.pb.edu.pl\/akademia-zarzadzania\/kontakt\/","url":"https:\/\/wiz.pb.edu.pl\/akademia-zarzadzania\/kontakt\/","name":"Kontakt - Akademia Zarz\u0105dzania","isPartOf":{"@id":"https:\/\/wiz.pb.edu.pl\/akademia-zarzadzania\/#website"},"primaryImageOfPage":{"@id":"https:\/\/wiz.pb.edu.pl\/akademia-zarzadzania\/kontakt\/#primaryimage"},"image":{"@id":"https:\/\/wiz.pb.edu.pl\/akademia-zarzadzania\/kontakt\/#primaryimage"},"thumbnailUrl":"https:\/\/wiz.pb.edu.pl\/akademia-zarzadzania\/wp-content\/uploads\/sites\/3\/2023\/09\/tnoik-miniatura.jpg","datePublished":"2023-09-18T21:33:32+00:00","dateModified":"2023-09-20T08:39:37+00:00","breadcrumb":{"@id":"https:\/\/wiz.pb.edu.pl\/akademia-zarzadzania\/kontakt\/#breadcrumb"},"inLanguage":"pl-PL","potentialAction":[{"@type":"ReadAction","target":["https:\/\/wiz.pb.edu.pl\/akademia-zarzadzania\/kontakt\/"]}]},{"@type":"ImageObject","inLanguage":"pl-PL","@id":"https:\/\/wiz.pb.edu.pl\/akademia-zarzadzania\/kontakt\/#primaryimage","url":"https:\/\/wiz.pb.edu.pl\/akademia-zarzadzania\/wp-content\/uploads\/sites\/3\/2023\/09\/tnoik-miniatura.jpg","contentUrl":"https:\/\/wiz.pb.edu.pl\/akademia-zarzadzania\/wp-content\/uploads\/sites\/3\/2023\/09\/tnoik-miniatura.jpg","width":300,"height":175},{"@type":"BreadcrumbList","@id":"https:\/\/wiz.pb.edu.pl\/akademia-zarzadzania\/kontakt\/#breadcrumb","itemListElement":[{"@type":"ListItem","position":1,"name":"Strona g\u0142\u00f3wna","item":"https:\/\/wiz.pb.edu.pl\/akademia-zarzadzania\/"},{"@type":"ListItem","position":2,"name":"Kontakt"}]},{"@type":"WebSite","@id":"https:\/\/wiz.pb.edu.pl\/akademia-zarzadzania\/#website","url":"https:\/\/wiz.pb.edu.pl\/akademia-zarzadzania\/","name":"Akademia Zarz\u0105dzania","description":"","potentialAction":[{"@type":"SearchAction","target":{"@type":"EntryPoint","urlTemplate":"https:\/\/wiz.pb.edu.pl\/akademia-zarzadzania\/?s={search_term_string}"},"query-input":{"@type":"PropertyValueSpecification","valueRequired":true,"valueName":"search_term_string"}}],"inLanguage":"pl-PL"}]}},"_links":{"self":[{"href":"https:\/\/wiz.pb.edu.pl\/akademia-zarzadzania\/wp-json\/wp\/v2\/pages\/36","targetHints":{"allow":["GET"]}}],"collection":[{"href":"https:\/\/wiz.pb.edu.pl\/akademia-zarzadzania\/wp-json\/wp\/v2\/pages"}],"about":[{"href":"https:\/\/wiz.pb.edu.pl\/akademia-zarzadzania\/wp-json\/wp\/v2\/types\/page"}],"author":[{"embeddable":true,"href":"https:\/\/wiz.pb.edu.pl\/akademia-zarzadzania\/wp-json\/wp\/v2\/users\/2"}],"replies":[{"embeddable":true,"href":"https:\/\/wiz.pb.edu.pl\/akademia-zarzadzania\/wp-json\/wp\/v2\/comments?post=36"}],"version-history":[{"count":4,"href":"https:\/\/wiz.pb.edu.pl\/akademia-zarzadzania\/wp-json\/wp\/v2\/pages\/36\/revisions"}],"predecessor-version":[{"id":447,"href":"https:\/\/wiz.pb.edu.pl\/akademia-zarzadzania\/wp-json\/wp\/v2\/pages\/36\/revisions\/447"}],"wp:attachment":[{"href":"https:\/\/wiz.pb.edu.pl\/akademia-zarzadzania\/wp-json\/wp\/v2\/media?parent=36"}],"curies":[{"name":"wp","href":"https:\/\/api.w.org\/{rel}","templated":true}]}}