{"id":28,"date":"2023-09-18T23:29:29","date_gmt":"2023-09-18T21:29:29","guid":{"rendered":"https:\/\/wiz.pb.edu.pl\/akademia-zarzadzania\/?page_id=28"},"modified":"2026-02-20T07:27:12","modified_gmt":"2026-02-20T06:27:12","slug":"o-czasopismie","status":"publish","type":"page","link":"https:\/\/wiz.pb.edu.pl\/akademia-zarzadzania\/o-czasopismie\/","title":{"rendered":"O czasopi\u015bmie"},"content":{"rendered":"<p class=\"text-left\"><span style=\"font-size: 11.0pt;font-family: 'Open Sans',sans-serif\">Kwartalnik Akademia Zarz\u0105dzania (<i>Academy of Management<\/i>) jest recenzowanym czasopismem prezentuj\u0105cym szerokie spektrum temat\u00f3w z dziedziny nauk spo\u0142ecznych, w szczeg\u00f3lno\u015bci z dyscypliny nauki o zarz\u0105dzaniu i jako\u015bci. Celem g\u0142\u00f3wnym czasopisma jest propagowanie dorobku student\u00f3w, doktorant\u00f3w i m\u0142odych naukowc\u00f3w.<\/span><\/p>\n<p class=\"text-left\"><span style=\"font-size: 11.0pt;font-family: 'Open Sans',sans-serif\">Artyku\u0142y opublikowane w czasopi\u015bmie &#8222;Akademia Zarz\u0105dzania&#8221; maj\u0105 warto\u015b\u0107 <\/span><strong><span style=\"font-size: 11.0pt;font-family: 'Open Sans',sans-serif\">20 pkt.<\/span><\/strong><span style=\"font-size: 11.0pt;font-family: 'Open Sans',sans-serif\">&nbsp;<span style=\"color: #000000\">(<a href=\"https:\/\/www.gov.pl\/web\/nauka\/komunikat-ministra-nauki-z-dnia-5-stycznia-2024-r-w-sprawie-wykazu-czasopism-naukowych-i-recenzowanych-materialow-z-konferencji-miedzynarodowych\">Komunikatu Ministra Nauki z dnia 05 stycznia 2024 r. w sprawie wykazu czasopism naukowych i recenzowanych materia\u0142\u00f3w z konferencji mi\u0119dzynarodowych<\/a>)<\/span><br \/>\n<\/span><\/p>\n<h2><span style=\"font-size: 11.0pt;line-height: 107%;font-family: 'Open Sans',sans-serif;color: windowtext\">Wersj\u0105 pierwotn\u0105 (referencyjn\u0105) czasopisma \u201eAkademii Zarz\u0105dzania\u201d&nbsp; (ISSN 2544-512X) jest<\/span><span style=\"font-size: 11.0pt;font-family: 'Open Sans',sans-serif\"> wersja elektroniczna zamieszczona na stronie <a href=\"https:\/\/wiz.pb.edu.pl\/akademia-zarzadzania\/numery\/\">https:\/\/wiz.pb.edu.pl\/akademia-zarzadzania\/numery\/<\/a><\/span><\/h2>\n<table style=\"border-collapse: collapse;width: 100%;height: 106px\">\n<tbody>\n<tr style=\"height: 106px\">\n<td style=\"width: 81.5091%;height: 106px\">\n<h3 style=\"line-height: 115%\"><span style=\"font-size: 11.0pt;line-height: 115%;font-family: 'Open Sans',sans-serif\"><span style=\"font-family: 'Open Sans',sans-serif\">Akademia Zarz\u0105dzania<\/span>&nbsp;udost\u0119pnia artyku\u0142y w trybie Open Access zapewniaj\u0105c wszystkim u\u017cytkownikom darmowy, nieograniczony dost\u0119p do tre\u015bci czasopisma. Dost\u0119p do tre\u015bci pisma odbywa na warunkach licnecji&nbsp;<a href=\"https:\/\/creativecommons.org\/licenses\/by-nc-nd\/4.0\/\"><span style=\"background: white\">Creative Commons BY-NC-ND 4.0 license<\/span><\/a>. Autorzy publikuj\u0105cy swoje prace w Akademii Zarz\u0105dzania wyra\u017caj\u0105 zgod\u0119 na udost\u0119pnienie swoich tekst\u00f3w na warunkach wspomnianej licencji&nbsp;<a href=\"https:\/\/creativecommons.org\/licenses\/by-nc-nd\/4.0\/\"><span style=\"background: white\">CC BY-NC-ND 4.0 license<\/span><\/a>.<\/span><\/h3>\n<\/td>\n<td style=\"width: 18.4909%;height: 106px\">\n<h3 style=\"line-height: 115%\"><span style=\"font-size: 11.0pt;line-height: 115%;font-family: 'Open Sans',sans-serif\">&nbsp;<\/span><img loading=\"lazy\" decoding=\"async\" class=\"alignnone size-full wp-image-60\" style=\"font-size: 1.5rem\" src=\"https:\/\/wiz.pb.edu.pl\/akademia-zarzadzania\/wp-content\/uploads\/sites\/3\/2023\/09\/by-nc-nd.jpg\" alt=\"\" width=\"200\" height=\"70\"><\/h3>\n<\/td>\n<\/tr>\n<\/tbody>\n<\/table>\n<p>&nbsp;<\/p>\n<p><span style=\"font-size: 14pt\"><strong>KOLEGIUM REDAKCYJNE&nbsp;<\/strong><\/span><\/p>\n<p><strong><br \/>\nRedaktor naczelna<\/strong><\/p>\n<p>prof. dr hab. Joanna Moczyd\u0142owska<\/p>\n<p>&nbsp;<\/p>\n<p><strong>Zast\u0119pcy redaktor naczelnej<\/strong><\/p>\n<p>ds. merytoryczno-organizacyjnych \u2013 dr Joanna Szyd\u0142o<\/p>\n<p>ds. merytoryczno-wydawniczych \u2013 dr Danuta Szpilko<\/p>\n<p>ds. merytorycznych&nbsp;\u2013 dr \u0141ukasz Nazarko<\/p>\n<p><strong><br \/>\nSekretarz techniczny<\/strong><\/p>\n<p>dr Dariusz Surel<\/p>\n<p>&nbsp;<\/p>\n<p><span style=\"font-size: 14pt\"><strong>RADA NAUKOWA<\/strong><\/span><\/p>\n<table style=\"width: 79.7924%;height: 1581px\">\n<tbody>\n<tr style=\"height: 1.5\">\n<td style=\"height: 39px;text-align: left;width: 49.6462%\">dr hab. Bogus\u0142aw Bembenek, prof. PRz<\/td>\n<td style=\"height: 39px;text-align: left;width: 63.7972%\">Politechnika Rzeszowska<\/td>\n<\/tr>\n<tr style=\"height: 1.5\">\n<td style=\"height: 38px;text-align: left;width: 49.6462%\">prof. dr hab. Agnieszka Bitkowska<\/td>\n<td style=\"height: 38px;text-align: left;width: 63.7972%\">Politechnika Warszawska<\/td>\n<\/tr>\n<tr style=\"height: 1.5\">\n<td style=\"height: 38px;text-align: left;width: 49.6462%\">dr hab. Jacek Brdulak, prof. SGH<\/td>\n<td style=\"height: 38px;text-align: left;width: 63.7972%\">Szko\u0142a G\u0142\u00f3wna Handlowa<\/td>\n<\/tr>\n<tr style=\"height: 1.5\">\n<td style=\"height: 36px;text-align: left;width: 49.6462%\">dr hab. in\u017c. Justyna Maria Bugaj<\/td>\n<td style=\"height: 36px;text-align: left;width: 63.7972%\">Uniwersytet Jagiello\u0144ski<\/td>\n<\/tr>\n<tr style=\"height: 1.5\">\n<td style=\"height: 38px;text-align: left;width: 49.6462%\">prof. Valentina Burk\u0161ien\u0117<\/td>\n<td style=\"height: 38px;text-align: left;width: 63.7972%\">Klaipeda University, Litwa<\/td>\n<\/tr>\n<tr style=\"height: 1.5\">\n<td style=\"height: 37px;text-align: left;width: 49.6462%\">dr hab. Wies\u0142aw Ciechomski, prof. UEP<\/td>\n<td style=\"height: 37px;text-align: left;width: 63.7972%\">Uniwersytet Ekonomiczny w Poznaniu<\/td>\n<\/tr>\n<tr style=\"height: 1.5\">\n<td style=\"height: 38px;text-align: left;width: 49.6462%\">dr Dominika Czerniawska<\/td>\n<td style=\"height: 38px;text-align: left;width: 63.7972%\">Leiden University, Holandia<\/td>\n<\/tr>\n<tr style=\"height: 1.5\">\n<td style=\"height: 35px;text-align: left;width: 49.6462%\">prof. Jaroslav Dvorak<\/td>\n<td style=\"height: 35px;text-align: left;width: 63.7972%\">Klaipeda University, Litwa<\/td>\n<\/tr>\n<tr style=\"height: 1.5\">\n<td style=\"height: 37px;text-align: left;width: 49.6462%\">prof. dr hab. in\u017c. Joanna Ejdys<\/td>\n<td style=\"height: 37px;text-align: left;width: 63.7972%\">Politechnika Bia\u0142ostocka<\/td>\n<\/tr>\n<tr style=\"height: 1.5\">\n<td style=\"height: 36px;text-align: left;width: 49.6462%\">dr Jorge Esparteiro Garcia<\/td>\n<td style=\"height: 36px;text-align: left;width: 63.7972%\">Polytechnic Institute of Viana do Castelo, Portugalia<\/td>\n<\/tr>\n<tr style=\"height: 1.5\">\n<td style=\"height: 34px;text-align: left;width: 49.6462%\">dr hab. Marcin Geryk, prof. UJ<\/td>\n<td style=\"height: 34px;text-align: left;width: 63.7972%\">Uniwersytet Jagiello\u0144ski<\/td>\n<\/tr>\n<tr style=\"height: 1.5\">\n<td style=\"height: 35px;text-align: left;width: 49.6462%\">dr hab. in\u017c. Katarzyna Halicka, prof. PB<\/td>\n<td style=\"height: 35px;text-align: left;width: 63.7972%\">Politechnika Bia\u0142ostocka<\/td>\n<\/tr>\n<tr style=\"height: 1.5\">\n<td style=\"height: 34px;text-align: left;width: 49.6462%\">dr Andrea Ivani\u0161evi\u0107<\/td>\n<td style=\"height: 34px;text-align: left;width: 63.7972%\">University of Novi Sad, Serbia<\/td>\n<\/tr>\n<tr style=\"height: 1.5\">\n<td style=\"height: 33px;text-align: left;width: 49.6462%\">dr Laima Jeseviciute-Ufartiene<\/td>\n<td style=\"height: 33px;text-align: left;width: 63.7972%\">Kauno Kolegija (Litwa)<\/td>\n<\/tr>\n<tr style=\"height: 1.5\">\n<td style=\"height: 39px;text-align: left;width: 49.6462%\">dr hab. El\u017cbieta J\u0119drych, prof. AFiB Vistula<\/td>\n<td style=\"height: 39px;text-align: left;width: 63.7972%\">Akademia Finans\u00f3w i Biznesu Vistula w Warszawie<\/td>\n<\/tr>\n<tr style=\"height: 1.5\">\n<td style=\"height: 34px;text-align: left;width: 49.6462%\">dr hab. in\u017c. Arkadiusz Jurczuk<\/td>\n<td style=\"height: 34px;text-align: left;width: 63.7972%\">Politechnika Bia\u0142ostocka<\/td>\n<\/tr>\n<tr style=\"height: 1.5\">\n<td style=\"height: 37px;text-align: left;width: 49.6462%\">dr Urszula Kobyli\u0144ska<\/td>\n<td style=\"height: 37px;text-align: left;width: 63.7972%\">Politechnika Bia\u0142ostocka<\/td>\n<\/tr>\n<tr style=\"height: 1.5\">\n<td style=\"height: 36px;text-align: left;width: 49.6462%\">dr hab. Jacek Kope\u0107, prof. UEK<\/td>\n<td style=\"height: 36px;text-align: left;width: 63.7972%\">Uniwersytet Ekonomiczny w Krakowie<\/td>\n<\/tr>\n<tr style=\"height: 1.5\">\n<td style=\"height: 33px;text-align: left;width: 49.6462%\">dr hab. Anna Korombel, prof. PCz<\/td>\n<td style=\"height: 33px;text-align: left;width: 63.7972%\">Politechnika Cz\u0119stochowska<\/td>\n<\/tr>\n<tr style=\"height: 1.5\">\n<td style=\"height: 34px;text-align: left;width: 49.6462%\">dr hab. Zbigniew Korzeb, prof. PB<\/td>\n<td style=\"height: 34px;text-align: left;width: 63.7972%\">Politechnika Bia\u0142ostocka<\/td>\n<\/tr>\n<tr style=\"height: 1.5\">\n<td style=\"height: 40px;text-align: left;width: 49.6462%\">prof. dr hab. Boles\u0142aw Kuc<\/td>\n<td style=\"height: 40px;text-align: left;width: 63.7972%\">Spo\u0142eczna Akademia Nauk w Warszawie<\/td>\n<\/tr>\n<tr style=\"height: 1.5\">\n<td style=\"height: 37px;text-align: left;width: 49.6462%\">dr hab. Aleksandra Laskowska, prof. U\u0141<\/td>\n<td style=\"height: 37px;text-align: left;width: 63.7972%\">Uczelnia \u0141azarskiego<\/td>\n<\/tr>\n<tr style=\"height: 1.5\">\n<td style=\"height: 30px;text-align: left;width: 49.6462%\">dr Lienite Litavniece<\/td>\n<td style=\"height: 30px;text-align: left;width: 63.7972%\">Rezekne Academy of Technologies (\u0141otwa)<\/td>\n<\/tr>\n<tr style=\"height: 1.5\">\n<td style=\"height: 32px;text-align: left;width: 49.6462%\">dr hab. in\u017c. Wies\u0142aw Matwiejczuk, prof. PB<\/td>\n<td style=\"height: 32px;text-align: left;width: 63.7972%\">Politechnika Bia\u0142ostocka<\/td>\n<\/tr>\n<tr style=\"height: 1.5\">\n<td style=\"height: 34px;text-align: left;width: 49.6462%\">dr hab. Iwona Mendryk, prof. UMCS<\/td>\n<td style=\"height: 34px;text-align: left;width: 63.7972%\">Uniwersytet Marii Curie-Sk\u0142odowskiej<\/td>\n<\/tr>\n<tr style=\"height: 1.5\">\n<td style=\"height: 37px;text-align: left;width: 49.6462%\">dr hab. Gra\u017cyna Michalczuk, prof. UwB<\/td>\n<td style=\"height: 37px;text-align: left;width: 63.7972%\">Uniwersytet w Bia\u0142ymstoku<\/td>\n<\/tr>\n<tr style=\"height: 1.5\">\n<td style=\"height: 31px;text-align: left;width: 49.6462%\">dr hab. Bogusz Miku\u0142a, prof. UEK<\/td>\n<td style=\"height: 31px;text-align: left;width: 63.7972%\">Uniwersytet Ekonomiczny w Krakowie<\/td>\n<\/tr>\n<tr style=\"height: 1.5\">\n<td style=\"height: 39px;text-align: left;width: 49.6462%\">prof. dr hab. Joanna M. Moczyd\u0142owska<\/td>\n<td style=\"height: 39px;text-align: left;width: 63.7972%\">Politechnika Bia\u0142ostocka<\/td>\n<\/tr>\n<tr style=\"height: 1.5\">\n<td style=\"height: 40px;text-align: left;width: 49.6462%\">prof. n. ekon. i n. tech. dr hab. in\u017c. Joanicjusz Nazarko&nbsp;<\/td>\n<td style=\"height: 40px;text-align: left;width: 63.7972%\">Politechnika Bia\u0142ostocka<\/td>\n<\/tr>\n<tr style=\"height: 1.5\">\n<td style=\"height: 33px;text-align: left;width: 49.6462%\">prof. Volodymyr Onyshchenko<\/td>\n<td style=\"height: 33px;text-align: left;width: 63.7972%\">National University &#8222;Yuri Kondratyuk Poltava Polytechnic&#8221;, Ukraina<\/td>\n<\/tr>\n<tr style=\"height: 1.5\">\n<td style=\"height: 36px;text-align: left;width: 49.6462%\">dr hab. Jerzy Paszkowski, prof. PB<\/td>\n<td style=\"height: 36px;text-align: left;width: 63.7972%\">Politechnika Bia\u0142ostocka<\/td>\n<\/tr>\n<tr style=\"height: 1.5\">\n<td style=\"height: 33px;text-align: left;width: 49.6462%\">dr Sonja Peji\u0107<\/td>\n<td style=\"height: 33px;text-align: left;width: 63.7972%\">University of Novi Sad, Serbia<\/td>\n<\/tr>\n<tr style=\"height: 1.5\">\n<td style=\"height: 33px;text-align: left;width: 49.6462%\">dr hab. Wies\u0142aw Tadeusz Pop\u0142awski, prof. PB<\/td>\n<td style=\"height: 33px;text-align: left;width: 63.7972%\">Politechnika Bia\u0142ostocka<\/td>\n<\/tr>\n<tr style=\"height: 1.5\">\n<td style=\"height: 35px;text-align: left;width: 49.6462%\">dr hab. B\u0142a\u017cej Prusak, prof. PG<\/td>\n<td style=\"height: 35px;text-align: left;width: 63.7972%\">Politechnika Gda\u0144ska<\/td>\n<\/tr>\n<tr style=\"height: 1.5\">\n<td style=\"height: 35px;text-align: left;width: 49.6462%\">dr Sofia Rodrigues<\/td>\n<td style=\"height: 35px;text-align: left;width: 63.7972%\">Polytechnic Institute of Viana do Castelo, Portugalia<\/td>\n<\/tr>\n<tr style=\"height: 30px\">\n<td style=\"text-align: left;width: 49.6462%;height: 30px\">dr Agnieszka Rogalska<\/td>\n<td style=\"text-align: left;width: 63.7972%;height: 30px\">Szpital Kliniczny w Bydgoszczy<\/td>\n<\/tr>\n<tr style=\"height: 33px\">\n<td style=\"text-align: left;width: 49.6462%;height: 33px\">dr Joanna Samul<\/td>\n<td style=\"text-align: left;width: 63.7972%;height: 33px\">Politechnika Bia\u0142ostocka<\/td>\n<\/tr>\n<tr style=\"height: 1.5\">\n<td style=\"height: 32px;text-align: left;width: 49.6462%\">prof. Svitlana Sivitska<\/td>\n<td style=\"height: 32px;text-align: left;width: 63.7972%\">National University &#8222;Yuri Kondratyuk Poltava Polytechnic&#8221;, Ukraina<\/td>\n<\/tr>\n<tr style=\"height: 1.5\">\n<td style=\"height: 36px;text-align: left;width: 49.6462%\">dr hab. El\u017cbieta Szyma\u0144ska, prof. PB<\/td>\n<td style=\"height: 36px;text-align: left;width: 63.7972%\">Politechnika Bia\u0142ostocka<\/td>\n<\/tr>\n<tr style=\"height: 1.5\">\n<td style=\"height: 33px;text-align: left;width: 49.6462%\">prof. dr hab. Zbigniew \u015acibiorek<\/td>\n<td style=\"height: 33px;text-align: left;width: 63.7972%\">Wy\u017csza Szko\u0142a Wojsk L\u0105dowych we Wroc\u0142awiu<\/td>\n<\/tr>\n<tr style=\"height: 1.5\">\n<td style=\"height: 37px;text-align: left;width: 49.6462%\">dr hab. Wioletta Wereda<\/td>\n<td style=\"height: 37px;text-align: left;width: 63.7972%\">Wojskowa Akademia Techniczna w Warszawie<\/td>\n<\/tr>\n<tr style=\"height: 1.5\">\n<td style=\"height: 35px;text-align: left;width: 49.6462%\">dr hab. Alicja Winnicka-Wejs, prof. UEK&nbsp;<\/td>\n<td style=\"height: 35px;text-align: left;width: 63.7972%\">Uniwersytet Ekonomiczny w Katowicach<\/td>\n<\/tr>\n<tr style=\"height: 1.5\">\n<td style=\"height: 32px;text-align: left;width: 49.6462%\">dr hab. Anna Wzi\u0105tek-Sta\u015bko, prof. UJ<\/td>\n<td style=\"height: 32px;text-align: left;width: 63.7972%\">Uniwersytet Jagiello\u0144ski<\/td>\n<\/tr>\n<tr style=\"height: 1.5\">\n<td style=\"height: 37px;text-align: left;width: 49.6462%\">prof. Monica Zaharie<\/td>\n<td style=\"height: 37px;text-align: left;width: 63.7972%\">Babe\u0219-Bolyai University, Rumunia<\/td>\n<\/tr>\n<tr style=\"height: 1.5\">\n<td style=\"height: 30px;text-align: left;width: 49.6462%\">dr Buthina Ziead Alobidyeen<\/td>\n<td style=\"height: 30px;text-align: left;width: 63.7972%\">Tafila Technical University, Jordania<\/td>\n<\/tr>\n<\/tbody>\n<\/table>\n<p>&nbsp;<\/p>\n","protected":false},"excerpt":{"rendered":"<p>Kwartalnik Akademia Zarz\u0105dzania (Academy of Management) jest recenzowanym czasopismem prezentuj\u0105cym szerokie spektrum temat\u00f3w z dziedziny<a class=\"read-more\" href=\"https:\/\/wiz.pb.edu.pl\/akademia-zarzadzania\/o-czasopismie\/\" title=\"Poka\u017c artyku\u0142 O czasopi\u015bmie\">wi\u0119cej<\/a><\/p>\n","protected":false},"author":2,"featured_media":0,"parent":0,"menu_order":2,"comment_status":"closed","ping_status":"closed","template":"","meta":{"inline_featured_image":false,"ngg_post_thumbnail":0,"footnotes":""},"class_list":["post-28","page","type-page","status-publish","hentry"],"acf":[],"yoast_head":"<!-- This site is optimized with the Yoast SEO plugin v26.4 - https:\/\/yoast.com\/wordpress\/plugins\/seo\/ -->\n<title>O czasopi\u015bmie - Akademia Zarz\u0105dzania<\/title>\n<meta name=\"robots\" content=\"index, follow, max-snippet:-1, max-image-preview:large, max-video-preview:-1\" \/>\n<link rel=\"canonical\" href=\"https:\/\/wiz.pb.edu.pl\/akademia-zarzadzania\/o-czasopismie\/\" \/>\n<meta property=\"og:locale\" content=\"pl_PL\" \/>\n<meta property=\"og:type\" content=\"article\" \/>\n<meta property=\"og:title\" content=\"O czasopi\u015bmie - Akademia Zarz\u0105dzania\" \/>\n<meta property=\"og:description\" content=\"Kwartalnik Akademia Zarz\u0105dzania (Academy of Management) jest recenzowanym czasopismem prezentuj\u0105cym szerokie spektrum temat\u00f3w z dziedzinywi\u0119cej\" \/>\n<meta property=\"og:url\" content=\"https:\/\/wiz.pb.edu.pl\/akademia-zarzadzania\/o-czasopismie\/\" \/>\n<meta property=\"og:site_name\" content=\"Akademia Zarz\u0105dzania\" \/>\n<meta property=\"article:modified_time\" content=\"2026-02-20T06:27:12+00:00\" \/>\n<meta property=\"og:image\" content=\"https:\/\/wiz.pb.edu.pl\/akademia-zarzadzania\/wp-content\/uploads\/sites\/3\/2023\/09\/by-nc-nd.jpg\" \/>\n\t<meta property=\"og:image:width\" content=\"200\" \/>\n\t<meta property=\"og:image:height\" content=\"70\" \/>\n\t<meta property=\"og:image:type\" content=\"image\/jpeg\" \/>\n<meta name=\"twitter:card\" content=\"summary_large_image\" \/>\n<meta name=\"twitter:label1\" content=\"Szacowany czas czytania\" \/>\n\t<meta name=\"twitter:data1\" content=\"4 minuty\" \/>\n<script type=\"application\/ld+json\" class=\"yoast-schema-graph\">{\"@context\":\"https:\/\/schema.org\",\"@graph\":[{\"@type\":\"WebPage\",\"@id\":\"https:\/\/wiz.pb.edu.pl\/akademia-zarzadzania\/o-czasopismie\/\",\"url\":\"https:\/\/wiz.pb.edu.pl\/akademia-zarzadzania\/o-czasopismie\/\",\"name\":\"O czasopi\u015bmie - Akademia Zarz\u0105dzania\",\"isPartOf\":{\"@id\":\"https:\/\/wiz.pb.edu.pl\/akademia-zarzadzania\/#website\"},\"primaryImageOfPage\":{\"@id\":\"https:\/\/wiz.pb.edu.pl\/akademia-zarzadzania\/o-czasopismie\/#primaryimage\"},\"image\":{\"@id\":\"https:\/\/wiz.pb.edu.pl\/akademia-zarzadzania\/o-czasopismie\/#primaryimage\"},\"thumbnailUrl\":\"https:\/\/wiz.pb.edu.pl\/akademia-zarzadzania\/wp-content\/uploads\/sites\/3\/2023\/09\/by-nc-nd.jpg\",\"datePublished\":\"2023-09-18T21:29:29+00:00\",\"dateModified\":\"2026-02-20T06:27:12+00:00\",\"breadcrumb\":{\"@id\":\"https:\/\/wiz.pb.edu.pl\/akademia-zarzadzania\/o-czasopismie\/#breadcrumb\"},\"inLanguage\":\"pl-PL\",\"potentialAction\":[{\"@type\":\"ReadAction\",\"target\":[\"https:\/\/wiz.pb.edu.pl\/akademia-zarzadzania\/o-czasopismie\/\"]}]},{\"@type\":\"ImageObject\",\"inLanguage\":\"pl-PL\",\"@id\":\"https:\/\/wiz.pb.edu.pl\/akademia-zarzadzania\/o-czasopismie\/#primaryimage\",\"url\":\"https:\/\/wiz.pb.edu.pl\/akademia-zarzadzania\/wp-content\/uploads\/sites\/3\/2023\/09\/by-nc-nd.jpg\",\"contentUrl\":\"https:\/\/wiz.pb.edu.pl\/akademia-zarzadzania\/wp-content\/uploads\/sites\/3\/2023\/09\/by-nc-nd.jpg\",\"width\":200,\"height\":70},{\"@type\":\"BreadcrumbList\",\"@id\":\"https:\/\/wiz.pb.edu.pl\/akademia-zarzadzania\/o-czasopismie\/#breadcrumb\",\"itemListElement\":[{\"@type\":\"ListItem\",\"position\":1,\"name\":\"Strona g\u0142\u00f3wna\",\"item\":\"https:\/\/wiz.pb.edu.pl\/akademia-zarzadzania\/\"},{\"@type\":\"ListItem\",\"position\":2,\"name\":\"O czasopi\u015bmie\"}]},{\"@type\":\"WebSite\",\"@id\":\"https:\/\/wiz.pb.edu.pl\/akademia-zarzadzania\/#website\",\"url\":\"https:\/\/wiz.pb.edu.pl\/akademia-zarzadzania\/\",\"name\":\"Akademia Zarz\u0105dzania\",\"description\":\"\",\"potentialAction\":[{\"@type\":\"SearchAction\",\"target\":{\"@type\":\"EntryPoint\",\"urlTemplate\":\"https:\/\/wiz.pb.edu.pl\/akademia-zarzadzania\/?s={search_term_string}\"},\"query-input\":{\"@type\":\"PropertyValueSpecification\",\"valueRequired\":true,\"valueName\":\"search_term_string\"}}],\"inLanguage\":\"pl-PL\"}]}<\/script>\n<!-- \/ Yoast SEO plugin. -->","yoast_head_json":{"title":"O czasopi\u015bmie - Akademia Zarz\u0105dzania","robots":{"index":"index","follow":"follow","max-snippet":"max-snippet:-1","max-image-preview":"max-image-preview:large","max-video-preview":"max-video-preview:-1"},"canonical":"https:\/\/wiz.pb.edu.pl\/akademia-zarzadzania\/o-czasopismie\/","og_locale":"pl_PL","og_type":"article","og_title":"O czasopi\u015bmie - Akademia Zarz\u0105dzania","og_description":"Kwartalnik Akademia Zarz\u0105dzania (Academy of Management) jest recenzowanym czasopismem prezentuj\u0105cym szerokie spektrum temat\u00f3w z dziedzinywi\u0119cej","og_url":"https:\/\/wiz.pb.edu.pl\/akademia-zarzadzania\/o-czasopismie\/","og_site_name":"Akademia Zarz\u0105dzania","article_modified_time":"2026-02-20T06:27:12+00:00","og_image":[{"width":200,"height":70,"url":"https:\/\/wiz.pb.edu.pl\/akademia-zarzadzania\/wp-content\/uploads\/sites\/3\/2023\/09\/by-nc-nd.jpg","type":"image\/jpeg"}],"twitter_card":"summary_large_image","twitter_misc":{"Szacowany czas czytania":"4 minuty"},"schema":{"@context":"https:\/\/schema.org","@graph":[{"@type":"WebPage","@id":"https:\/\/wiz.pb.edu.pl\/akademia-zarzadzania\/o-czasopismie\/","url":"https:\/\/wiz.pb.edu.pl\/akademia-zarzadzania\/o-czasopismie\/","name":"O czasopi\u015bmie - Akademia Zarz\u0105dzania","isPartOf":{"@id":"https:\/\/wiz.pb.edu.pl\/akademia-zarzadzania\/#website"},"primaryImageOfPage":{"@id":"https:\/\/wiz.pb.edu.pl\/akademia-zarzadzania\/o-czasopismie\/#primaryimage"},"image":{"@id":"https:\/\/wiz.pb.edu.pl\/akademia-zarzadzania\/o-czasopismie\/#primaryimage"},"thumbnailUrl":"https:\/\/wiz.pb.edu.pl\/akademia-zarzadzania\/wp-content\/uploads\/sites\/3\/2023\/09\/by-nc-nd.jpg","datePublished":"2023-09-18T21:29:29+00:00","dateModified":"2026-02-20T06:27:12+00:00","breadcrumb":{"@id":"https:\/\/wiz.pb.edu.pl\/akademia-zarzadzania\/o-czasopismie\/#breadcrumb"},"inLanguage":"pl-PL","potentialAction":[{"@type":"ReadAction","target":["https:\/\/wiz.pb.edu.pl\/akademia-zarzadzania\/o-czasopismie\/"]}]},{"@type":"ImageObject","inLanguage":"pl-PL","@id":"https:\/\/wiz.pb.edu.pl\/akademia-zarzadzania\/o-czasopismie\/#primaryimage","url":"https:\/\/wiz.pb.edu.pl\/akademia-zarzadzania\/wp-content\/uploads\/sites\/3\/2023\/09\/by-nc-nd.jpg","contentUrl":"https:\/\/wiz.pb.edu.pl\/akademia-zarzadzania\/wp-content\/uploads\/sites\/3\/2023\/09\/by-nc-nd.jpg","width":200,"height":70},{"@type":"BreadcrumbList","@id":"https:\/\/wiz.pb.edu.pl\/akademia-zarzadzania\/o-czasopismie\/#breadcrumb","itemListElement":[{"@type":"ListItem","position":1,"name":"Strona g\u0142\u00f3wna","item":"https:\/\/wiz.pb.edu.pl\/akademia-zarzadzania\/"},{"@type":"ListItem","position":2,"name":"O czasopi\u015bmie"}]},{"@type":"WebSite","@id":"https:\/\/wiz.pb.edu.pl\/akademia-zarzadzania\/#website","url":"https:\/\/wiz.pb.edu.pl\/akademia-zarzadzania\/","name":"Akademia Zarz\u0105dzania","description":"","potentialAction":[{"@type":"SearchAction","target":{"@type":"EntryPoint","urlTemplate":"https:\/\/wiz.pb.edu.pl\/akademia-zarzadzania\/?s={search_term_string}"},"query-input":{"@type":"PropertyValueSpecification","valueRequired":true,"valueName":"search_term_string"}}],"inLanguage":"pl-PL"}]}},"_links":{"self":[{"href":"https:\/\/wiz.pb.edu.pl\/akademia-zarzadzania\/wp-json\/wp\/v2\/pages\/28","targetHints":{"allow":["GET"]}}],"collection":[{"href":"https:\/\/wiz.pb.edu.pl\/akademia-zarzadzania\/wp-json\/wp\/v2\/pages"}],"about":[{"href":"https:\/\/wiz.pb.edu.pl\/akademia-zarzadzania\/wp-json\/wp\/v2\/types\/page"}],"author":[{"embeddable":true,"href":"https:\/\/wiz.pb.edu.pl\/akademia-zarzadzania\/wp-json\/wp\/v2\/users\/2"}],"replies":[{"embeddable":true,"href":"https:\/\/wiz.pb.edu.pl\/akademia-zarzadzania\/wp-json\/wp\/v2\/comments?post=28"}],"version-history":[{"count":6,"href":"https:\/\/wiz.pb.edu.pl\/akademia-zarzadzania\/wp-json\/wp\/v2\/pages\/28\/revisions"}],"predecessor-version":[{"id":853,"href":"https:\/\/wiz.pb.edu.pl\/akademia-zarzadzania\/wp-json\/wp\/v2\/pages\/28\/revisions\/853"}],"wp:attachment":[{"href":"https:\/\/wiz.pb.edu.pl\/akademia-zarzadzania\/wp-json\/wp\/v2\/media?parent=28"}],"curies":[{"name":"wp","href":"https:\/\/api.w.org\/{rel}","templated":true}]}}