{"id":26,"date":"2023-09-18T23:29:09","date_gmt":"2023-09-18T21:29:09","guid":{"rendered":"https:\/\/wiz.pb.edu.pl\/akademia-zarzadzania\/?page_id=26"},"modified":"2026-02-20T07:32:14","modified_gmt":"2026-02-20T06:32:14","slug":"aktualnosci","status":"publish","type":"page","link":"https:\/\/wiz.pb.edu.pl\/akademia-zarzadzania\/aktualnosci\/","title":{"rendered":"Aktualno\u015bci"},"content":{"rendered":"<div class=\"h2\">\n<p>&nbsp;<\/p>\n<p><span style=\"font-size: 10pt;font-family: 'Open Sans', sans-serif\">18-02-2026<\/span><\/p>\n<p><span style=\"font-size: 12pt;font-family: arial, helvetica, sans-serif\">Drodzy Autorzy, <\/span><\/p>\n<p><span style=\"font-size: 12pt;font-family: arial, helvetica, sans-serif\">w zwi\u0105zku z bardzo du\u017cym zainteresowaniem publikacjami w czasopi\u015bmie Akademia Zarz\u0105dzania przypominamy:<\/span><\/p>\n<ul>\n<li><span style=\"font-size: 12pt;font-family: arial, helvetica, sans-serif\">Publikacje student\u00f3w przyjmowane s\u0105 tylko i wy\u0142\u0105cznie w wypadku wsp\u00f3\u0142autorstwa (opieki naukowej) pracownika naukowego lub dydaktycznego uczelni, na kt\u00f3rej studiuje co najmniej jeden autor tekstu.<\/span><\/li>\n<li><span style=\"font-size: 12pt;font-family: arial, helvetica, sans-serif\">Zg\u0142aszane artyku\u0142y przegl\u0105dowe powinny prezentowa\u0107 dog\u0142\u0119bne wyniki analizy literatury krajowej i zagranicznej. Artyku\u0142y badawcze powinny zawiera\u0107 wysokiej jako\u015bci wyniki bada\u0144 w danej tematyce.<\/span><\/li>\n<li><span style=\"font-size: 12pt;font-family: arial, helvetica, sans-serif\">Artyku\u0142y przygotowane niezgodnie z wytycznymi redakcji b\u0119d\u0105 odrzucane.<\/span><\/li>\n<\/ul>\n<\/div>\n","protected":false},"excerpt":{"rendered":"<p>&nbsp; 18-02-2026 Drodzy Autorzy, w zwi\u0105zku z bardzo du\u017cym zainteresowaniem publikacjami w czasopi\u015bmie Akademia Zarz\u0105dzania<a class=\"read-more\" href=\"https:\/\/wiz.pb.edu.pl\/akademia-zarzadzania\/aktualnosci\/\" title=\"Poka\u017c artyku\u0142 Aktualno\u015bci\">wi\u0119cej<\/a><\/p>\n","protected":false},"author":2,"featured_media":0,"parent":0,"menu_order":1,"comment_status":"closed","ping_status":"closed","template":"","meta":{"inline_featured_image":false,"ngg_post_thumbnail":0,"footnotes":""},"class_list":["post-26","page","type-page","status-publish","hentry"],"acf":[],"yoast_head":"<!-- This site is optimized with the Yoast SEO plugin v26.4 - https:\/\/yoast.com\/wordpress\/plugins\/seo\/ -->\n<title>Aktualno\u015bci - Akademia Zarz\u0105dzania<\/title>\n<meta name=\"robots\" content=\"index, follow, max-snippet:-1, max-image-preview:large, max-video-preview:-1\" \/>\n<link rel=\"canonical\" href=\"https:\/\/wiz.pb.edu.pl\/akademia-zarzadzania\/aktualnosci\/\" \/>\n<meta property=\"og:locale\" content=\"pl_PL\" \/>\n<meta property=\"og:type\" content=\"article\" \/>\n<meta property=\"og:title\" content=\"Aktualno\u015bci - Akademia Zarz\u0105dzania\" \/>\n<meta property=\"og:description\" content=\"&nbsp; 18-02-2026 Drodzy Autorzy, w zwi\u0105zku z bardzo du\u017cym zainteresowaniem publikacjami w czasopi\u015bmie Akademia Zarz\u0105dzaniawi\u0119cej\" \/>\n<meta property=\"og:url\" content=\"https:\/\/wiz.pb.edu.pl\/akademia-zarzadzania\/aktualnosci\/\" \/>\n<meta property=\"og:site_name\" content=\"Akademia Zarz\u0105dzania\" \/>\n<meta property=\"article:modified_time\" content=\"2026-02-20T06:32:14+00:00\" \/>\n<meta name=\"twitter:card\" content=\"summary_large_image\" \/>\n<meta name=\"twitter:label1\" content=\"Szacowany czas czytania\" \/>\n\t<meta name=\"twitter:data1\" content=\"1 minuta\" \/>\n<script type=\"application\/ld+json\" class=\"yoast-schema-graph\">{\"@context\":\"https:\/\/schema.org\",\"@graph\":[{\"@type\":\"WebPage\",\"@id\":\"https:\/\/wiz.pb.edu.pl\/akademia-zarzadzania\/aktualnosci\/\",\"url\":\"https:\/\/wiz.pb.edu.pl\/akademia-zarzadzania\/aktualnosci\/\",\"name\":\"Aktualno\u015bci - Akademia Zarz\u0105dzania\",\"isPartOf\":{\"@id\":\"https:\/\/wiz.pb.edu.pl\/akademia-zarzadzania\/#website\"},\"datePublished\":\"2023-09-18T21:29:09+00:00\",\"dateModified\":\"2026-02-20T06:32:14+00:00\",\"breadcrumb\":{\"@id\":\"https:\/\/wiz.pb.edu.pl\/akademia-zarzadzania\/aktualnosci\/#breadcrumb\"},\"inLanguage\":\"pl-PL\",\"potentialAction\":[{\"@type\":\"ReadAction\",\"target\":[\"https:\/\/wiz.pb.edu.pl\/akademia-zarzadzania\/aktualnosci\/\"]}]},{\"@type\":\"BreadcrumbList\",\"@id\":\"https:\/\/wiz.pb.edu.pl\/akademia-zarzadzania\/aktualnosci\/#breadcrumb\",\"itemListElement\":[{\"@type\":\"ListItem\",\"position\":1,\"name\":\"Strona g\u0142\u00f3wna\",\"item\":\"https:\/\/wiz.pb.edu.pl\/akademia-zarzadzania\/\"},{\"@type\":\"ListItem\",\"position\":2,\"name\":\"Aktualno\u015bci\"}]},{\"@type\":\"WebSite\",\"@id\":\"https:\/\/wiz.pb.edu.pl\/akademia-zarzadzania\/#website\",\"url\":\"https:\/\/wiz.pb.edu.pl\/akademia-zarzadzania\/\",\"name\":\"Akademia Zarz\u0105dzania\",\"description\":\"\",\"potentialAction\":[{\"@type\":\"SearchAction\",\"target\":{\"@type\":\"EntryPoint\",\"urlTemplate\":\"https:\/\/wiz.pb.edu.pl\/akademia-zarzadzania\/?s={search_term_string}\"},\"query-input\":{\"@type\":\"PropertyValueSpecification\",\"valueRequired\":true,\"valueName\":\"search_term_string\"}}],\"inLanguage\":\"pl-PL\"}]}<\/script>\n<!-- \/ Yoast SEO plugin. -->","yoast_head_json":{"title":"Aktualno\u015bci - Akademia Zarz\u0105dzania","robots":{"index":"index","follow":"follow","max-snippet":"max-snippet:-1","max-image-preview":"max-image-preview:large","max-video-preview":"max-video-preview:-1"},"canonical":"https:\/\/wiz.pb.edu.pl\/akademia-zarzadzania\/aktualnosci\/","og_locale":"pl_PL","og_type":"article","og_title":"Aktualno\u015bci - Akademia Zarz\u0105dzania","og_description":"&nbsp; 18-02-2026 Drodzy Autorzy, w zwi\u0105zku z bardzo du\u017cym zainteresowaniem publikacjami w czasopi\u015bmie Akademia Zarz\u0105dzaniawi\u0119cej","og_url":"https:\/\/wiz.pb.edu.pl\/akademia-zarzadzania\/aktualnosci\/","og_site_name":"Akademia Zarz\u0105dzania","article_modified_time":"2026-02-20T06:32:14+00:00","twitter_card":"summary_large_image","twitter_misc":{"Szacowany czas czytania":"1 minuta"},"schema":{"@context":"https:\/\/schema.org","@graph":[{"@type":"WebPage","@id":"https:\/\/wiz.pb.edu.pl\/akademia-zarzadzania\/aktualnosci\/","url":"https:\/\/wiz.pb.edu.pl\/akademia-zarzadzania\/aktualnosci\/","name":"Aktualno\u015bci - Akademia Zarz\u0105dzania","isPartOf":{"@id":"https:\/\/wiz.pb.edu.pl\/akademia-zarzadzania\/#website"},"datePublished":"2023-09-18T21:29:09+00:00","dateModified":"2026-02-20T06:32:14+00:00","breadcrumb":{"@id":"https:\/\/wiz.pb.edu.pl\/akademia-zarzadzania\/aktualnosci\/#breadcrumb"},"inLanguage":"pl-PL","potentialAction":[{"@type":"ReadAction","target":["https:\/\/wiz.pb.edu.pl\/akademia-zarzadzania\/aktualnosci\/"]}]},{"@type":"BreadcrumbList","@id":"https:\/\/wiz.pb.edu.pl\/akademia-zarzadzania\/aktualnosci\/#breadcrumb","itemListElement":[{"@type":"ListItem","position":1,"name":"Strona g\u0142\u00f3wna","item":"https:\/\/wiz.pb.edu.pl\/akademia-zarzadzania\/"},{"@type":"ListItem","position":2,"name":"Aktualno\u015bci"}]},{"@type":"WebSite","@id":"https:\/\/wiz.pb.edu.pl\/akademia-zarzadzania\/#website","url":"https:\/\/wiz.pb.edu.pl\/akademia-zarzadzania\/","name":"Akademia Zarz\u0105dzania","description":"","potentialAction":[{"@type":"SearchAction","target":{"@type":"EntryPoint","urlTemplate":"https:\/\/wiz.pb.edu.pl\/akademia-zarzadzania\/?s={search_term_string}"},"query-input":{"@type":"PropertyValueSpecification","valueRequired":true,"valueName":"search_term_string"}}],"inLanguage":"pl-PL"}]}},"_links":{"self":[{"href":"https:\/\/wiz.pb.edu.pl\/akademia-zarzadzania\/wp-json\/wp\/v2\/pages\/26","targetHints":{"allow":["GET"]}}],"collection":[{"href":"https:\/\/wiz.pb.edu.pl\/akademia-zarzadzania\/wp-json\/wp\/v2\/pages"}],"about":[{"href":"https:\/\/wiz.pb.edu.pl\/akademia-zarzadzania\/wp-json\/wp\/v2\/types\/page"}],"author":[{"embeddable":true,"href":"https:\/\/wiz.pb.edu.pl\/akademia-zarzadzania\/wp-json\/wp\/v2\/users\/2"}],"replies":[{"embeddable":true,"href":"https:\/\/wiz.pb.edu.pl\/akademia-zarzadzania\/wp-json\/wp\/v2\/comments?post=26"}],"version-history":[{"count":5,"href":"https:\/\/wiz.pb.edu.pl\/akademia-zarzadzania\/wp-json\/wp\/v2\/pages\/26\/revisions"}],"predecessor-version":[{"id":854,"href":"https:\/\/wiz.pb.edu.pl\/akademia-zarzadzania\/wp-json\/wp\/v2\/pages\/26\/revisions\/854"}],"wp:attachment":[{"href":"https:\/\/wiz.pb.edu.pl\/akademia-zarzadzania\/wp-json\/wp\/v2\/media?parent=26"}],"curies":[{"name":"wp","href":"https:\/\/api.w.org\/{rel}","templated":true}]}}