{"id":17,"date":"2023-09-18T23:21:08","date_gmt":"2023-09-18T21:21:08","guid":{"rendered":"https:\/\/wiz.pb.edu.pl\/akademia-zarzadzania\/?page_id=17"},"modified":"2026-02-20T07:40:12","modified_gmt":"2026-02-20T06:40:12","slug":"strona-glowna","status":"publish","type":"page","link":"https:\/\/wiz.pb.edu.pl\/akademia-zarzadzania\/","title":{"rendered":""},"content":{"rendered":"<p><img loading=\"lazy\" decoding=\"async\" class=\"aligncenter size-full wp-image-20\" src=\"https:\/\/wiz.pb.edu.pl\/akademia-zarzadzania\/wp-content\/uploads\/sites\/3\/2023\/09\/AZ_banner_www.png\" alt=\"Akademia Zarz\u0105dzania\" width=\"1140\" height=\"191\" srcset=\"https:\/\/wiz.pb.edu.pl\/akademia-zarzadzania\/wp-content\/uploads\/sites\/3\/2023\/09\/AZ_banner_www.png 1140w, https:\/\/wiz.pb.edu.pl\/akademia-zarzadzania\/wp-content\/uploads\/sites\/3\/2023\/09\/AZ_banner_www-300x50.png 300w, https:\/\/wiz.pb.edu.pl\/akademia-zarzadzania\/wp-content\/uploads\/sites\/3\/2023\/09\/AZ_banner_www-1024x172.png 1024w, https:\/\/wiz.pb.edu.pl\/akademia-zarzadzania\/wp-content\/uploads\/sites\/3\/2023\/09\/AZ_banner_www-768x129.png 768w\" sizes=\"auto, (max-width: 1140px) 100vw, 1140px\" \/><br \/>\n&nbsp;<\/p>\n<p>&nbsp;<\/p>\n<p class=\"text-left\"><span style=\"font-size: 11.0pt;font-family: 'Open Sans',sans-serif\">Witamy Pa\u0144stwa na stronie kwartalnika naukowego &#8222;Akademia Zarz\u0105dzania&#8221; wydawanego przez Wydzia\u0142 In\u017cynierii Zarz\u0105dzania Politechniki Bia\u0142ostockiej przy \u015bcis\u0142ej wsp\u00f3\u0142pracy z Towarzystwem Naukowym TNOiK oddzia\u0142 Bia\u0142ystok.<\/span><\/p>\n<p class=\"text-left\"><span style=\"font-size: 11.0pt;font-family: 'Open Sans',sans-serif\">Zapraszamy wszystkich pasjonat\u00f3w zarz\u0105dzania<\/span><span style=\"font-size: 11.0pt;font-family: 'Open Sans',sans-serif\">, zar\u00f3wno przedstawicieli \u015bwiata nauki jak i praktyk\u00f3w biznesu, a tak\u017ce doktorant\u00f3w i student\u00f3w maj\u0105cych aspiracje naukowe. W czasopi\u015bmie &#8222;Akademia Zarz\u0105dzania&#8221; &nbsp;publikowane s\u0105 oryginalne prace przedstawiaj\u0105ce teoretyczny i empiryczny dorobek z zakresu nowoczesnego zarz\u0105dzania. Oczekujemy na interesuj\u0105ce teksty podejmuj\u0105ce problematyk\u0119 zarz\u0105dzania w uj\u0119ciu funkcjonalnym i procesowym, ze szczeg\u00f3lnym uwzgl\u0119dnieniem logistyki, zarz\u0105dzania kapita\u0142em ludzkim, zarz\u0105dzania strategicznego, marketingu, zarz\u0105dzania zmianami&nbsp; i finansami, przedsi\u0119biorczo\u015bci i innowacyjno\u015bci oraz zarz\u0105dzania procesem produkcji. Wszystkie nades\u0142ane artyku\u0142y poddawane s\u0105 tzw. \u201e\u015blepej\u201d recenzji dokonanej przez dw\u00f3ch niezale\u017cnych ekspert\u00f3w. Publikujemy teksty w j\u0119zyku polskim i angielskim.<\/span><\/p>\n<p>Redakcja czasopisma \u201eAkademia Zarz\u0105dzania\u201d sprawuje tak\u017ce patronat naukowy nad cykliczn\u0105 konferencj\u0105 \u201eDzie\u0144 HR\u201d organizowan\u0105 przez Wydzia\u0142 In\u017cynierii Zarz\u0105dzania Politechniki Bia\u0142ostockiej, podkre\u015blaj\u0105c znaczenie jako\u015bci merytorycznej wydarzenia oraz jego rol\u0119 w rozwoju dyskusji nad wsp\u00f3\u0142czesnymi wyzwaniami HR.<\/p>\n<p>&nbsp;<\/p>\n<table class=\" alignright\" style=\"width: 38.4252%\">\n<tbody>\n<tr>\n<td style=\"width: 30.2688%\"><img loading=\"lazy\" decoding=\"async\" class=\"wp-image-850 size-medium\" src=\"https:\/\/wiz.pb.edu.pl\/akademia-zarzadzania\/wp-content\/uploads\/sites\/3\/2026\/02\/zdjecie-JM-260x300.jpg\" alt=\"\" width=\"260\" height=\"300\" srcset=\"https:\/\/wiz.pb.edu.pl\/akademia-zarzadzania\/wp-content\/uploads\/sites\/3\/2026\/02\/zdjecie-JM-260x300.jpg 260w, https:\/\/wiz.pb.edu.pl\/akademia-zarzadzania\/wp-content\/uploads\/sites\/3\/2026\/02\/zdjecie-JM-768x885.jpg 768w, https:\/\/wiz.pb.edu.pl\/akademia-zarzadzania\/wp-content\/uploads\/sites\/3\/2026\/02\/zdjecie-JM.jpg 842w\" sizes=\"auto, (max-width: 260px) 100vw, 260px\" \/><\/td>\n<td style=\"width: 3.38983%\" align=\"left\" valign=\"middle\">&nbsp;&nbsp;&nbsp;<\/td>\n<td style=\"width: 168.288%\" align=\"left\" valign=\"middle\"><em><span style=\"font-size: 11.0pt;font-family: 'Open Sans',sans-serif\">Zapraszamy do wsp\u00f3\u0142pracy<\/span><\/em><\/p>\n<p><span style=\"font-size: 11.0pt;font-family: 'Open Sans',sans-serif\">Redaktor naczelna<\/span><\/p>\n<p><strong><span style=\"font-size: 11.0pt;font-family: 'Open Sans',sans-serif\">prof. dr hab. Joanna M. Moczyd\u0142owska<\/span><\/strong><\/td>\n<\/tr>\n<\/tbody>\n<\/table>\n<p>&nbsp;<\/p>\n<p>&nbsp;<\/p>\n<p>&nbsp;<\/p>\n<p>&nbsp;<\/p>\n<p>&nbsp;<\/p>\n<p>&nbsp;<\/p>\n<p>&nbsp;<\/p>\n<p>&nbsp;<\/p>\n<p>&nbsp;<\/p>\n","protected":false},"excerpt":{"rendered":"<p>&nbsp; &nbsp; Witamy Pa\u0144stwa na stronie kwartalnika naukowego &#8222;Akademia Zarz\u0105dzania&#8221; wydawanego przez Wydzia\u0142 In\u017cynierii Zarz\u0105dzania<a class=\"read-more\" href=\"https:\/\/wiz.pb.edu.pl\/akademia-zarzadzania\/\" title=\"Poka\u017c artyku\u0142 \">wi\u0119cej<\/a><\/p>\n","protected":false},"author":2,"featured_media":0,"parent":0,"menu_order":1,"comment_status":"closed","ping_status":"closed","template":"","meta":{"inline_featured_image":false,"ngg_post_thumbnail":0,"footnotes":""},"class_list":["post-17","page","type-page","status-publish","hentry"],"acf":[],"yoast_head":"<!-- This site is optimized with the Yoast SEO plugin v26.4 - https:\/\/yoast.com\/wordpress\/plugins\/seo\/ -->\n<title>- Akademia Zarz\u0105dzania<\/title>\n<meta name=\"robots\" content=\"index, follow, max-snippet:-1, max-image-preview:large, max-video-preview:-1\" \/>\n<link rel=\"canonical\" href=\"https:\/\/wiz.pb.edu.pl\/akademia-zarzadzania\/\" \/>\n<meta property=\"og:locale\" content=\"pl_PL\" \/>\n<meta property=\"og:type\" content=\"article\" \/>\n<meta property=\"og:title\" content=\"- Akademia Zarz\u0105dzania\" \/>\n<meta property=\"og:description\" content=\"&nbsp; &nbsp; Witamy Pa\u0144stwa na stronie kwartalnika naukowego &#8222;Akademia Zarz\u0105dzania&#8221; wydawanego przez Wydzia\u0142 In\u017cynierii Zarz\u0105dzaniawi\u0119cej\" \/>\n<meta property=\"og:url\" content=\"https:\/\/wiz.pb.edu.pl\/akademia-zarzadzania\/\" \/>\n<meta property=\"og:site_name\" content=\"Akademia Zarz\u0105dzania\" \/>\n<meta property=\"article:modified_time\" content=\"2026-02-20T06:40:12+00:00\" \/>\n<meta property=\"og:image\" content=\"https:\/\/wiz.pb.edu.pl\/akademia-zarzadzania\/wp-content\/uploads\/sites\/3\/2023\/09\/AZ_banner_www.png\" \/>\n\t<meta property=\"og:image:width\" content=\"1140\" \/>\n\t<meta property=\"og:image:height\" content=\"191\" \/>\n\t<meta property=\"og:image:type\" content=\"image\/png\" \/>\n<meta name=\"twitter:card\" content=\"summary_large_image\" \/>\n<meta name=\"twitter:label1\" content=\"Szacowany czas czytania\" \/>\n\t<meta name=\"twitter:data1\" content=\"2 minuty\" \/>\n<script type=\"application\/ld+json\" class=\"yoast-schema-graph\">{\"@context\":\"https:\/\/schema.org\",\"@graph\":[{\"@type\":\"WebPage\",\"@id\":\"https:\/\/wiz.pb.edu.pl\/akademia-zarzadzania\/\",\"url\":\"https:\/\/wiz.pb.edu.pl\/akademia-zarzadzania\/\",\"name\":\"- Akademia Zarz\u0105dzania\",\"isPartOf\":{\"@id\":\"https:\/\/wiz.pb.edu.pl\/akademia-zarzadzania\/#website\"},\"primaryImageOfPage\":{\"@id\":\"https:\/\/wiz.pb.edu.pl\/akademia-zarzadzania\/#primaryimage\"},\"image\":{\"@id\":\"https:\/\/wiz.pb.edu.pl\/akademia-zarzadzania\/#primaryimage\"},\"thumbnailUrl\":\"https:\/\/wiz.pb.edu.pl\/akademia-zarzadzania\/wp-content\/uploads\/sites\/3\/2023\/09\/AZ_banner_www.png\",\"datePublished\":\"2023-09-18T21:21:08+00:00\",\"dateModified\":\"2026-02-20T06:40:12+00:00\",\"inLanguage\":\"pl-PL\",\"potentialAction\":[{\"@type\":\"ReadAction\",\"target\":[\"https:\/\/wiz.pb.edu.pl\/akademia-zarzadzania\/\"]}]},{\"@type\":\"ImageObject\",\"inLanguage\":\"pl-PL\",\"@id\":\"https:\/\/wiz.pb.edu.pl\/akademia-zarzadzania\/#primaryimage\",\"url\":\"https:\/\/wiz.pb.edu.pl\/akademia-zarzadzania\/wp-content\/uploads\/sites\/3\/2023\/09\/AZ_banner_www.png\",\"contentUrl\":\"https:\/\/wiz.pb.edu.pl\/akademia-zarzadzania\/wp-content\/uploads\/sites\/3\/2023\/09\/AZ_banner_www.png\",\"width\":1140,\"height\":191,\"caption\":\"Akademia Zarz\u0105dzania\"},{\"@type\":\"WebSite\",\"@id\":\"https:\/\/wiz.pb.edu.pl\/akademia-zarzadzania\/#website\",\"url\":\"https:\/\/wiz.pb.edu.pl\/akademia-zarzadzania\/\",\"name\":\"Akademia Zarz\u0105dzania\",\"description\":\"\",\"potentialAction\":[{\"@type\":\"SearchAction\",\"target\":{\"@type\":\"EntryPoint\",\"urlTemplate\":\"https:\/\/wiz.pb.edu.pl\/akademia-zarzadzania\/?s={search_term_string}\"},\"query-input\":{\"@type\":\"PropertyValueSpecification\",\"valueRequired\":true,\"valueName\":\"search_term_string\"}}],\"inLanguage\":\"pl-PL\"}]}<\/script>\n<!-- \/ Yoast SEO plugin. -->","yoast_head_json":{"title":"- Akademia Zarz\u0105dzania","robots":{"index":"index","follow":"follow","max-snippet":"max-snippet:-1","max-image-preview":"max-image-preview:large","max-video-preview":"max-video-preview:-1"},"canonical":"https:\/\/wiz.pb.edu.pl\/akademia-zarzadzania\/","og_locale":"pl_PL","og_type":"article","og_title":"- Akademia Zarz\u0105dzania","og_description":"&nbsp; &nbsp; Witamy Pa\u0144stwa na stronie kwartalnika naukowego &#8222;Akademia Zarz\u0105dzania&#8221; wydawanego przez Wydzia\u0142 In\u017cynierii Zarz\u0105dzaniawi\u0119cej","og_url":"https:\/\/wiz.pb.edu.pl\/akademia-zarzadzania\/","og_site_name":"Akademia Zarz\u0105dzania","article_modified_time":"2026-02-20T06:40:12+00:00","og_image":[{"width":1140,"height":191,"url":"https:\/\/wiz.pb.edu.pl\/akademia-zarzadzania\/wp-content\/uploads\/sites\/3\/2023\/09\/AZ_banner_www.png","type":"image\/png"}],"twitter_card":"summary_large_image","twitter_misc":{"Szacowany czas czytania":"2 minuty"},"schema":{"@context":"https:\/\/schema.org","@graph":[{"@type":"WebPage","@id":"https:\/\/wiz.pb.edu.pl\/akademia-zarzadzania\/","url":"https:\/\/wiz.pb.edu.pl\/akademia-zarzadzania\/","name":"- Akademia Zarz\u0105dzania","isPartOf":{"@id":"https:\/\/wiz.pb.edu.pl\/akademia-zarzadzania\/#website"},"primaryImageOfPage":{"@id":"https:\/\/wiz.pb.edu.pl\/akademia-zarzadzania\/#primaryimage"},"image":{"@id":"https:\/\/wiz.pb.edu.pl\/akademia-zarzadzania\/#primaryimage"},"thumbnailUrl":"https:\/\/wiz.pb.edu.pl\/akademia-zarzadzania\/wp-content\/uploads\/sites\/3\/2023\/09\/AZ_banner_www.png","datePublished":"2023-09-18T21:21:08+00:00","dateModified":"2026-02-20T06:40:12+00:00","inLanguage":"pl-PL","potentialAction":[{"@type":"ReadAction","target":["https:\/\/wiz.pb.edu.pl\/akademia-zarzadzania\/"]}]},{"@type":"ImageObject","inLanguage":"pl-PL","@id":"https:\/\/wiz.pb.edu.pl\/akademia-zarzadzania\/#primaryimage","url":"https:\/\/wiz.pb.edu.pl\/akademia-zarzadzania\/wp-content\/uploads\/sites\/3\/2023\/09\/AZ_banner_www.png","contentUrl":"https:\/\/wiz.pb.edu.pl\/akademia-zarzadzania\/wp-content\/uploads\/sites\/3\/2023\/09\/AZ_banner_www.png","width":1140,"height":191,"caption":"Akademia Zarz\u0105dzania"},{"@type":"WebSite","@id":"https:\/\/wiz.pb.edu.pl\/akademia-zarzadzania\/#website","url":"https:\/\/wiz.pb.edu.pl\/akademia-zarzadzania\/","name":"Akademia Zarz\u0105dzania","description":"","potentialAction":[{"@type":"SearchAction","target":{"@type":"EntryPoint","urlTemplate":"https:\/\/wiz.pb.edu.pl\/akademia-zarzadzania\/?s={search_term_string}"},"query-input":{"@type":"PropertyValueSpecification","valueRequired":true,"valueName":"search_term_string"}}],"inLanguage":"pl-PL"}]}},"_links":{"self":[{"href":"https:\/\/wiz.pb.edu.pl\/akademia-zarzadzania\/wp-json\/wp\/v2\/pages\/17","targetHints":{"allow":["GET"]}}],"collection":[{"href":"https:\/\/wiz.pb.edu.pl\/akademia-zarzadzania\/wp-json\/wp\/v2\/pages"}],"about":[{"href":"https:\/\/wiz.pb.edu.pl\/akademia-zarzadzania\/wp-json\/wp\/v2\/types\/page"}],"author":[{"embeddable":true,"href":"https:\/\/wiz.pb.edu.pl\/akademia-zarzadzania\/wp-json\/wp\/v2\/users\/2"}],"replies":[{"embeddable":true,"href":"https:\/\/wiz.pb.edu.pl\/akademia-zarzadzania\/wp-json\/wp\/v2\/comments?post=17"}],"version-history":[{"count":6,"href":"https:\/\/wiz.pb.edu.pl\/akademia-zarzadzania\/wp-json\/wp\/v2\/pages\/17\/revisions"}],"predecessor-version":[{"id":858,"href":"https:\/\/wiz.pb.edu.pl\/akademia-zarzadzania\/wp-json\/wp\/v2\/pages\/17\/revisions\/858"}],"wp:attachment":[{"href":"https:\/\/wiz.pb.edu.pl\/akademia-zarzadzania\/wp-json\/wp\/v2\/media?parent=17"}],"curies":[{"name":"wp","href":"https:\/\/api.w.org\/{rel}","templated":true}]}}